{"id":475,"date":"2018-09-21T22:23:08","date_gmt":"2018-09-21T20:23:08","guid":{"rendered":"https:\/\/popcards.nl\/?post_type=product&#038;p=475"},"modified":"2026-03-04T11:44:45","modified_gmt":"2026-03-04T10:44:45","slug":"tarjeta-de-navidad-merry-santa-trineo-y-reno","status":"publish","type":"product","link":"https:\/\/popcards.nl\/es\/product\/kerstkaart-vrolijke-kerstman-slee-en-rendieren\/","title":{"rendered":"Feliz Pap\u00e1 Noel con trineo y renos - Tarjeta de Navidad con cubierta festiva dorada con purpurina"},"content":{"rendered":"<p>\u00bfComprar tarjetas especiales de Navidad? Entonces tienes que <a href=\"https:\/\/popcards.nl\/es\/\">Popcards.nl<\/a> son! Esta es solo una tarjeta de Navidad completa, sorprendente y extra grande: el <a href=\"https:\/\/nl.wikipedia.org\/wiki\/Kerstman\" target=\"_blank\" rel=\"noopener noreferrer\">Santa claus<\/a> en su trineo tirado por caballos lleno de regalos. Tirado por 4 renos voladores. No pregunte c\u00f3mo pueden volar los renos en esta tarjeta, pero aproveche nuestra oferta. Tambi\u00e9n eche un vistazo a nuestro otro <a href=\"https:\/\/popcards.nl\/es\/categoria\/tarjetas-de-navidad\/\">tarjetas de navidad especiales!<\/a><\/p>\n<p>Tama\u00f1o de tarjeta 26 \u00d7 20 cm, plegado a 13 \u00d7 20 cm.<br \/>\nIncluye sobre en blanco a juego, empacado en una bolsa de celof\u00e1n.<\/p>","protected":false},"excerpt":{"rendered":"<p>Bijzondere kerstkaarten kopen? Dan moet je bij Popcards.nl zijn!. Dit is pas een complete, verrassende, extra grote kerstkaart: de Kerstman op zijn arrenslee vol cadeautjes. Voortgetrokken door 4 vliegende rendieren. Vraag maar niet hoe de rendieren op deze kaart kunnen vliegen, maar profiteer van onze aanbieding. Kijk ook even bij onze andere bijzondere kerstkaarten! Kaartformaat [&hellip;]<\/p>\n","protected":false},"featured_media":47732,"comment_status":"open","ping_status":"closed","template":"","meta":{"_iconic_wsb_product_page_order_bump_ids":[[]],"_sku":["8945004309518"],"_iconic_wsb_product_page_bump_modal_ids":[[]]},"product_brand":[],"product_cat":[79],"product_tag":[131],"class_list":{"0":"post-475","1":"product","2":"type-product","3":"status-publish","4":"has-post-thumbnail","6":"product_cat-de-top-10-mooiste-kerstkaarten","7":"product_tag-kerst","8":"pa_brand-popcards","10":"first","11":"instock","12":"taxable","13":"shipping-taxable","14":"purchasable","15":"product-type-simple"},"gallery_images":[47733,47734,76007],"_links":{"self":[{"href":"https:\/\/popcards.nl\/es\/wp-json\/wp\/v2\/product\/475","targetHints":{"allow":["GET"]}}],"collection":[{"href":"https:\/\/popcards.nl\/es\/wp-json\/wp\/v2\/product"}],"about":[{"href":"https:\/\/popcards.nl\/es\/wp-json\/wp\/v2\/types\/product"}],"replies":[{"embeddable":true,"href":"https:\/\/popcards.nl\/es\/wp-json\/wp\/v2\/comments?post=475"}],"wp:featuredmedia":[{"embeddable":true,"href":"https:\/\/popcards.nl\/es\/wp-json\/wp\/v2\/media\/47732"}],"wp:attachment":[{"href":"https:\/\/popcards.nl\/es\/wp-json\/wp\/v2\/media?parent=475"}],"wp:term":[{"taxonomy":"product_brand","embeddable":true,"href":"https:\/\/popcards.nl\/es\/wp-json\/wp\/v2\/product_brand?post=475"},{"taxonomy":"product_cat","embeddable":true,"href":"https:\/\/popcards.nl\/es\/wp-json\/wp\/v2\/product_cat?post=475"},{"taxonomy":"product_tag","embeddable":true,"href":"https:\/\/popcards.nl\/es\/wp-json\/wp\/v2\/product_tag?post=475"}],"curies":[{"name":"gracias","href":"https:\/\/api.w.org\/{rel}","templated":true}]}}