{"id":48564,"date":"2022-11-24T22:53:22","date_gmt":"2022-11-24T21:53:22","guid":{"rendered":"https:\/\/popcards.nl\/?post_type=product&#038;p=48564"},"modified":"2025-06-06T16:42:52","modified_gmt":"2025-06-06T14:42:52","slug":"libre-sorpresa-pop-up-saludo-tarjeta-con-su-pedido-4","status":"publish","type":"product","link":"https:\/\/popcards.nl\/es\/product\/2-verschillende-popcards-verrassingskaarten\/","title":{"rendered":"2 tarjetas sorpresa Popcards diferentes como extra con tu pedido"},"content":{"rendered":"<p>Tienes 12 o m\u00e1s tarjetas en tu carrito de compras. Recibir\u00e1s entonces un regalo a elegir: el libro sobre c\u00f3mo hacer tarjetas pop-up o 2 tarjetas sorpresa Popcards. \u00a1Cu\u00e1les son, todav\u00eda es una sorpresa! :-)<\/p>\n<p>Incluye sobres en blanco a juego, empaquetados en bolsas de celof\u00e1n.<\/p>","protected":false},"excerpt":{"rendered":"<p>Je hebt 12 kaarten of meer in je winkelmand. Je krijgt dan een cadeau naar keuze: Het boek over pop-up kaarten maken of 2 Popcards verrassingskaarten. Welke dat zijn, dat is nog een verrassing! :-) Inclusief bijpassende blanco enveloppen, verpakt in cellofaan zakjes.<\/p>","protected":false},"featured_media":38945,"comment_status":"closed","ping_status":"closed","template":"","meta":{"_iconic_wsb_product_page_order_bump_ids":[],"_sku":[],"_iconic_wsb_product_page_bump_modal_ids":[]},"product_brand":[],"product_cat":[16],"product_tag":[],"class_list":{"0":"post-48564","1":"product","2":"type-product","3":"status-publish","4":"has-post-thumbnail","6":"product_cat-geen-categorie","7":"pa_brand-popcards","9":"first","10":"instock","11":"taxable","12":"shipping-taxable","13":"purchasable","14":"product-type-simple"},"gallery_images":[],"_links":{"self":[{"href":"https:\/\/popcards.nl\/es\/wp-json\/wp\/v2\/product\/48564","targetHints":{"allow":["GET"]}}],"collection":[{"href":"https:\/\/popcards.nl\/es\/wp-json\/wp\/v2\/product"}],"about":[{"href":"https:\/\/popcards.nl\/es\/wp-json\/wp\/v2\/types\/product"}],"replies":[{"embeddable":true,"href":"https:\/\/popcards.nl\/es\/wp-json\/wp\/v2\/comments?post=48564"}],"wp:featuredmedia":[{"embeddable":true,"href":"https:\/\/popcards.nl\/es\/wp-json\/wp\/v2\/media\/38945"}],"wp:attachment":[{"href":"https:\/\/popcards.nl\/es\/wp-json\/wp\/v2\/media?parent=48564"}],"wp:term":[{"taxonomy":"product_brand","embeddable":true,"href":"https:\/\/popcards.nl\/es\/wp-json\/wp\/v2\/product_brand?post=48564"},{"taxonomy":"product_cat","embeddable":true,"href":"https:\/\/popcards.nl\/es\/wp-json\/wp\/v2\/product_cat?post=48564"},{"taxonomy":"product_tag","embeddable":true,"href":"https:\/\/popcards.nl\/es\/wp-json\/wp\/v2\/product_tag?post=48564"}],"curies":[{"name":"gracias","href":"https:\/\/api.w.org\/{rel}","templated":true}]}}