{"id":51096,"date":"2023-01-19T22:46:08","date_gmt":"2023-01-19T21:46:08","guid":{"rendered":"https:\/\/popcards.nl\/?post_type=product&#038;p=51096"},"modified":"2026-04-13T10:51:12","modified_gmt":"2026-04-13T08:51:12","slug":"2-pink-flamencos-pop-up-card-botella-mail-3d","status":"publish","type":"product","link":"https:\/\/popcards.nl\/es\/product\/2-roze-flamingos-pop-up-kaart-flessenpost-3d\/","title":{"rendered":"2 tarjetas emergentes Pink Flamingos \u2013 Mensaje en una botella Tarjeta de felicitaci\u00f3n 3D"},"content":{"rendered":"<p>Tarjeta Super 3D Flamencos Rosados. Esta s\u00faper tarjeta emergente de 2 flamencos en un hermoso jard\u00edn lleno de flores y mariposas es una nueva forma de presentaci\u00f3n emergente. La escena emergente se puede admirar desde 4 lados y est\u00e1 completamente montada en una llamativa botella emergente de pl\u00e1stico transparente plegable. \u201cUn mensaje en una botella\u201d. Una obra de arte que, plegada completamente plana, puede enviarse simplemente por correo. Desplegado sin duda conseguir\u00e1 un buen lugar en la casa del destinatario. Un regalo por correo para hacerte muy feliz. \u00a1Dilo con estos flamencos! El pop-up de cart\u00f3n y la botella de pl\u00e1stico son reciclables 100%.<\/p>\n<p>Tama\u00f1o de la tarjeta 23,5 x 19 cm, doblada en una botella cuadrada de 23,5 x 10 cm, 75 gramos.<\/p>\n<p>Incluye sobre en blanco a juego, empacado en una bolsa de celof\u00e1n. <span class=\"\">Con una tarjeta aparte para la botella, en la que puedes escribir un mensaje para el afortunado destinatario.<\/span><\/p>\n<div class=\"\"><\/div>","protected":false},"excerpt":{"rendered":"<p>Roze Flamingo&#8217;s Super 3D-kaart. Deze super pop-up kaart van 2 flamingo\u2019s in een prachtige tuin vol bloemen en vlinders is een nieuwe vorm van pop-up presentatie. Het pop-up tafereeltje is aan 4 kanten te bewonderen en is geheel gemonteerd in een opvallende transparante opvouwbare kunststof pop-up fles. \u201cA Message in a Bottle.\u201d Een kunstwerkje dat, [&hellip;]<\/p>\n","protected":false},"featured_media":51141,"comment_status":"open","ping_status":"closed","template":"","meta":{"_iconic_wsb_product_page_order_bump_ids":[[]],"_sku":["8785253684024"],"_iconic_wsb_product_page_bump_modal_ids":[[]]},"product_brand":[],"product_cat":[21],"product_tag":[279],"class_list":{"0":"post-51096","1":"product","2":"type-product","3":"status-publish","4":"has-post-thumbnail","6":"product_cat-dieren-dierenkaarten-wenskaarten","7":"product_tag-message-in-a-bottle","9":"first","10":"instock","11":"sale","12":"taxable","13":"shipping-taxable","14":"purchasable","15":"product-type-simple"},"gallery_images":[51144],"_links":{"self":[{"href":"https:\/\/popcards.nl\/es\/wp-json\/wp\/v2\/product\/51096","targetHints":{"allow":["GET"]}}],"collection":[{"href":"https:\/\/popcards.nl\/es\/wp-json\/wp\/v2\/product"}],"about":[{"href":"https:\/\/popcards.nl\/es\/wp-json\/wp\/v2\/types\/product"}],"replies":[{"embeddable":true,"href":"https:\/\/popcards.nl\/es\/wp-json\/wp\/v2\/comments?post=51096"}],"wp:featuredmedia":[{"embeddable":true,"href":"https:\/\/popcards.nl\/es\/wp-json\/wp\/v2\/media\/51141"}],"wp:attachment":[{"href":"https:\/\/popcards.nl\/es\/wp-json\/wp\/v2\/media?parent=51096"}],"wp:term":[{"taxonomy":"product_brand","embeddable":true,"href":"https:\/\/popcards.nl\/es\/wp-json\/wp\/v2\/product_brand?post=51096"},{"taxonomy":"product_cat","embeddable":true,"href":"https:\/\/popcards.nl\/es\/wp-json\/wp\/v2\/product_cat?post=51096"},{"taxonomy":"product_tag","embeddable":true,"href":"https:\/\/popcards.nl\/es\/wp-json\/wp\/v2\/product_tag?post=51096"}],"curies":[{"name":"gracias","href":"https:\/\/api.w.org\/{rel}","templated":true}]}}