{"id":54062,"date":"2023-03-25T16:37:35","date_gmt":"2023-03-25T15:37:35","guid":{"rendered":"https:\/\/popcards.nl\/?post_type=product&#038;p=54062"},"modified":"2026-04-08T05:51:47","modified_gmt":"2026-04-08T03:51:47","slug":"tarjeta-emergente-de-musica-de-piano-de-cola-tarjeta-de-felicitacion","status":"publish","type":"product","link":"https:\/\/popcards.nl\/es\/product\/piano-vleugel-pop-up-kaart-muziek-wenskaart\/","title":{"rendered":"piano de cola surge la tarjeta | Impresionante tarjeta de felicitaci\u00f3n de m\u00fasica grande"},"content":{"rendered":"<p><span style=\"font-weight: 400;\">Esta gran tarjeta de felicitaci\u00f3n desplegable con un piano de cola es un maravilloso regalo para los amantes de la m\u00fasica y los pianistas. Tambi\u00e9n es muy adecuado para enviar una invitaci\u00f3n para un concierto de m\u00fasica cl\u00e1sica u otra actuaci\u00f3n. El detalle es asombroso. El piano de cola con teclas refinadas con tapa que se abre, la hermosa partitura y el taburete. Todo surge por s\u00ed solo cuando el destinatario abre la tarjeta de felicitaci\u00f3n. \u00a1Ser\u00e1 dorado con este regalo \u00fanico! Esta hermosa tarjeta de felicitaci\u00f3n viene con una tarjeta de escritura separada en la que puede escribir su texto personal.\u00a0<\/span><\/p>\n<p><span style=\"font-weight: 400;\">Un piano de cola es un instrumento de percusi\u00f3n, clave y cuerda con cuerdas estiradas horizontalmente que se toca a trav\u00e9s de un teclado (teclado). Los martillos golpean las cuerdas desde abajo.<\/span><span style=\"font-weight: 400;\"> Hay muchos pianistas famosos. Algunos de los m\u00e1s grandes son Franz Liszt, Fr\u00e9d\u00e9ric Chopin, Wolfgang Amadeus Mozart, Ludwig van Beethoven y Prince. Dentro de Holanda tenemos, entre otros, a Wibi Soerjadi y los hermanos Lucas y Arthur Jussen. <a href=\"https:\/\/popcards.nl\/es\/etiqueta-product\/musica\/\">\u00bfTambi\u00e9n has visto nuestras otras hermosas tarjetas emergentes de m\u00fasica?<\/a><\/span><\/p>\n<p><span style=\"font-weight: 400;\">Tama\u00f1o de la tarjeta 34,6 \u00d7 18,3 cm, plegada a 17,3 \u00d7 18,3 cm. <\/span><span style=\"font-weight: 400;\">Con tarjeta separada para su texto.|<br \/>\n<\/span><span style=\"font-weight: 400;\">Incluye sobre dorado, embalado en una bolsa de celof\u00e1n.<\/span><\/p>","protected":false},"excerpt":{"rendered":"<p>Deze grote pop-up wenskaart met een pianovleugel is een prachtig cadeau voor muziekliefhebbers en pianisten. Ook zeer geschikt om een uitnodiging voor een klassiek concert te versturen of een andere uitvoering. De detaillering is verbluffend. De piano-vleugel met verfijnde toetsen met openslaande klep, het fraaie muziekblad en het krukje. Alles komt vanzelf omhoog wanneer de [&hellip;]<\/p>\n","protected":false},"featured_media":53801,"comment_status":"open","ping_status":"closed","template":"","meta":{"_iconic_wsb_product_page_order_bump_ids":[[]],"_sku":["8945005027794"],"_iconic_wsb_product_page_bump_modal_ids":[[]]},"product_brand":[],"product_cat":[58],"product_tag":[134],"class_list":{"0":"post-54062","1":"product","2":"type-product","3":"status-publish","4":"has-post-thumbnail","6":"product_cat-muziek-muziekinstrumenten-wenskaarten","7":"product_tag-muziek","8":"pa_brand-popcards","10":"first","11":"instock","12":"taxable","13":"shipping-taxable","14":"purchasable","15":"product-type-simple"},"gallery_images":[53800,77295],"_links":{"self":[{"href":"https:\/\/popcards.nl\/es\/wp-json\/wp\/v2\/product\/54062","targetHints":{"allow":["GET"]}}],"collection":[{"href":"https:\/\/popcards.nl\/es\/wp-json\/wp\/v2\/product"}],"about":[{"href":"https:\/\/popcards.nl\/es\/wp-json\/wp\/v2\/types\/product"}],"replies":[{"embeddable":true,"href":"https:\/\/popcards.nl\/es\/wp-json\/wp\/v2\/comments?post=54062"}],"wp:featuredmedia":[{"embeddable":true,"href":"https:\/\/popcards.nl\/es\/wp-json\/wp\/v2\/media\/53801"}],"wp:attachment":[{"href":"https:\/\/popcards.nl\/es\/wp-json\/wp\/v2\/media?parent=54062"}],"wp:term":[{"taxonomy":"product_brand","embeddable":true,"href":"https:\/\/popcards.nl\/es\/wp-json\/wp\/v2\/product_brand?post=54062"},{"taxonomy":"product_cat","embeddable":true,"href":"https:\/\/popcards.nl\/es\/wp-json\/wp\/v2\/product_cat?post=54062"},{"taxonomy":"product_tag","embeddable":true,"href":"https:\/\/popcards.nl\/es\/wp-json\/wp\/v2\/product_tag?post=54062"}],"curies":[{"name":"gracias","href":"https:\/\/api.w.org\/{rel}","templated":true}]}}