{"id":54087,"date":"2023-03-25T23:42:18","date_gmt":"2023-03-25T22:42:18","guid":{"rendered":"https:\/\/popcards.nl\/?post_type=product&#038;p=54087"},"modified":"2026-04-13T10:20:01","modified_gmt":"2026-04-13T08:20:01","slug":"pop-up-card-circo-cumpleanos-tarjeta-de-cumpleanos","status":"publish","type":"product","link":"https:\/\/popcards.nl\/es\/product\/pop-up-kaart-circus-birthday-verjaardagskaart\/","title":{"rendered":"Tarjeta desplegable con carpa Big Circus Happy Birthday Tarjeta de cumplea\u00f1os"},"content":{"rendered":"<p><span style=\"font-weight: 400;\">\u00a1Felicidades! Que alegr\u00eda, una tarjeta de cumplea\u00f1os con una gran carpa de circo. Es una buena manera de felicitar a alguien y enfatizar el sentimiento festivo. Y una tarjeta emergente lo hace a\u00fan m\u00e1s especial porque literalmente agrega una dimensi\u00f3n adicional a su tarjeta de felicitaci\u00f3n. Cuando abres la tarjeta de cumplea\u00f1os, aparece una carpa de circo emergente con el deseo de cumplea\u00f1os &quot;Feliz cumplea\u00f1os&quot;. Los colores son brillantes y alegres y se ha prestado mucha atenci\u00f3n a los detalles. La tarjeta de felicitaci\u00f3n viene con una tarjeta de escritura separada en la que puede escribir su texto personal. <a href=\"https:\/\/popcards.nl\/es\/categoria\/felicitaciones-y-tarjetas-de-cumpleanos\/\">Tenemos muchas m\u00e1s tarjetas pop-up sorprendentes para cumplea\u00f1os.\u00a0<\/a><\/span><\/p>\n<p><span style=\"font-weight: 400;\">Tama\u00f1o de la tarjeta 30 \u00d7 20 cm, doblada a 15 \u00d7 20 cm. <\/span><span style=\"font-weight: 400;\">Con tarjeta separada para su texto.<br \/>\n<\/span><span style=\"font-weight: 400;\">Incluye sobre dorado, embalado en una bolsa de celof\u00e1n.<\/span><\/p>","protected":false},"excerpt":{"rendered":"<p>Van harte gefeliciteerd! Wat een vrolijkheid, een verjaardagskaart met een grote circustent. Het is een leuke manier om iemand te feliciteren en het feestelijke gevoel te benadrukken. En een pop-up kaart maakt het nog specialer omdat het letterlijk een extra dimensie toevoegt aan je wenskaart. Wanneer je de verjaardagskaart opent, komt er een pop-up circustent [&hellip;]<\/p>\n","protected":false},"featured_media":53805,"comment_status":"open","ping_status":"closed","template":"","meta":{"_iconic_wsb_product_page_order_bump_ids":[[]],"_sku":["8785253683614"],"_iconic_wsb_product_page_bump_modal_ids":[[]]},"product_brand":[],"product_cat":[34],"product_tag":[137],"class_list":{"0":"post-54087","1":"product","2":"type-product","3":"status-publish","4":"has-post-thumbnail","6":"product_cat-felicitatie-verjaardag-verjaardagskaarten","7":"product_tag-verjaardag","8":"pa_brand-popcards","10":"first","11":"instock","12":"taxable","13":"shipping-taxable","14":"purchasable","15":"product-type-simple"},"gallery_images":[87747],"_links":{"self":[{"href":"https:\/\/popcards.nl\/es\/wp-json\/wp\/v2\/product\/54087","targetHints":{"allow":["GET"]}}],"collection":[{"href":"https:\/\/popcards.nl\/es\/wp-json\/wp\/v2\/product"}],"about":[{"href":"https:\/\/popcards.nl\/es\/wp-json\/wp\/v2\/types\/product"}],"replies":[{"embeddable":true,"href":"https:\/\/popcards.nl\/es\/wp-json\/wp\/v2\/comments?post=54087"}],"wp:featuredmedia":[{"embeddable":true,"href":"https:\/\/popcards.nl\/es\/wp-json\/wp\/v2\/media\/53805"}],"wp:attachment":[{"href":"https:\/\/popcards.nl\/es\/wp-json\/wp\/v2\/media?parent=54087"}],"wp:term":[{"taxonomy":"product_brand","embeddable":true,"href":"https:\/\/popcards.nl\/es\/wp-json\/wp\/v2\/product_brand?post=54087"},{"taxonomy":"product_cat","embeddable":true,"href":"https:\/\/popcards.nl\/es\/wp-json\/wp\/v2\/product_cat?post=54087"},{"taxonomy":"product_tag","embeddable":true,"href":"https:\/\/popcards.nl\/es\/wp-json\/wp\/v2\/product_tag?post=54087"}],"curies":[{"name":"gracias","href":"https:\/\/api.w.org\/{rel}","templated":true}]}}