{"id":54123,"date":"2023-03-26T18:01:08","date_gmt":"2023-03-26T16:01:08","guid":{"rendered":"https:\/\/popcards.nl\/?post_type=product&#038;p=54123"},"modified":"2026-05-11T14:32:39","modified_gmt":"2026-05-11T12:32:39","slug":"dia-del-padre-pop-up-tarjeta-de-felicitacion-mejor-padre-pa","status":"publish","type":"product","link":"https:\/\/popcards.nl\/es\/product\/vaderdag-pop-up-wenskaart-allerbeste-vader-pa\/","title":{"rendered":"Gran tarjeta desplegable del D\u00eda del Padre para el mejor pap\u00e1."},"content":{"rendered":"<p><span style=\"font-weight: 400;\">Tu padre es el n\u00famero uno para ti. Es el mejor padre que puedas imaginar. H\u00e1gale saber con esta tarjeta emergente muy grande y genial que \u00e9l es el n\u00famero 1: \u00a1El mejor pap\u00e1! Sonreir\u00e1 con placer al abrir esta tarjeta de felicitaci\u00f3n y darle un lugar destacado en su habitaci\u00f3n. Por supuesto, muy agradable para regalar en el D\u00eda del Padre o en su cumplea\u00f1os, \u00a1pero en realidad todos los d\u00edas son adecuados! \u00bfCu\u00e1ndo le gustar\u00eda sorprender a su querido pap\u00e1 con esta hermosa tarjeta de felicitaci\u00f3n emergente?\u00a0<\/span><\/p>\n<p><span style=\"font-weight: 400;\">La tarjeta de felicitaci\u00f3n viene con una tarjeta de escritura separada en la que puede escribir su texto personal. <a href=\"https:\/\/popcards.nl\/es\/categoria\/felicitaciones-y-tarjetas-de-cumpleanos\/\">Tenemos tarjetas emergentes a\u00fan m\u00e1s sorprendentes para el cumplea\u00f1os del padre o el D\u00eda del Padre.<\/a><\/span><\/p>\n<p><span style=\"font-weight: 400;\">Tama\u00f1o de la tarjeta 30 \u00d7 20 cm, doblada a 15 \u00d7 20 cm. <\/span><span style=\"font-weight: 400;\">Con tarjeta separada para su texto.<br \/>\n<\/span><span style=\"font-weight: 400;\">Incluye sobre dorado, embalado en una bolsa de celof\u00e1n.<\/span><\/p>","protected":false},"excerpt":{"rendered":"<p>Jouw vader staat voor jou op nummer \u00e9\u00e9n. Hij is de beste papa die je je voor kunt stellen. Laat hem met deze hele grote en stoere pop-up kaart daarom ook weten dat hij op nummer 1 staat: Best Dad! Hij zal stralen van plezier bij het openen van deze wenskaart, en deze een prominente [&hellip;]<\/p>\n","protected":false},"featured_media":53796,"comment_status":"open","ping_status":"closed","template":"","meta":{"_iconic_wsb_product_page_order_bump_ids":[[]],"_sku":["8785253685410"],"_iconic_wsb_product_page_bump_modal_ids":[[]]},"product_brand":[],"product_cat":[34],"product_tag":[128],"class_list":{"0":"post-54123","1":"product","2":"type-product","3":"status-publish","4":"has-post-thumbnail","6":"product_cat-felicitatie-verjaardag-verjaardagskaarten","7":"product_tag-vaderdag","8":"pa_brand-popcards","10":"first","11":"instock","12":"taxable","13":"shipping-taxable","14":"purchasable","15":"product-type-simple"},"gallery_images":[53810,70626],"_links":{"self":[{"href":"https:\/\/popcards.nl\/es\/wp-json\/wp\/v2\/product\/54123","targetHints":{"allow":["GET"]}}],"collection":[{"href":"https:\/\/popcards.nl\/es\/wp-json\/wp\/v2\/product"}],"about":[{"href":"https:\/\/popcards.nl\/es\/wp-json\/wp\/v2\/types\/product"}],"replies":[{"embeddable":true,"href":"https:\/\/popcards.nl\/es\/wp-json\/wp\/v2\/comments?post=54123"}],"wp:featuredmedia":[{"embeddable":true,"href":"https:\/\/popcards.nl\/es\/wp-json\/wp\/v2\/media\/53796"}],"wp:attachment":[{"href":"https:\/\/popcards.nl\/es\/wp-json\/wp\/v2\/media?parent=54123"}],"wp:term":[{"taxonomy":"product_brand","embeddable":true,"href":"https:\/\/popcards.nl\/es\/wp-json\/wp\/v2\/product_brand?post=54123"},{"taxonomy":"product_cat","embeddable":true,"href":"https:\/\/popcards.nl\/es\/wp-json\/wp\/v2\/product_cat?post=54123"},{"taxonomy":"product_tag","embeddable":true,"href":"https:\/\/popcards.nl\/es\/wp-json\/wp\/v2\/product_tag?post=54123"}],"curies":[{"name":"gracias","href":"https:\/\/api.w.org\/{rel}","templated":true}]}}