{"id":54135,"date":"2023-03-26T22:58:30","date_gmt":"2023-03-26T20:58:30","guid":{"rendered":"https:\/\/popcards.nl\/?post_type=product&#038;p=54135"},"modified":"2026-03-06T15:57:57","modified_gmt":"2026-03-06T14:57:57","slug":"tarjeta-emergente-rosa-coche-corazones-globos-amor","status":"publish","type":"product","link":"https:\/\/popcards.nl\/es\/product\/roze-auto-hartjes-ballonnen-love-pop-up-kaart\/","title":{"rendered":"Coche rosa alegre lleno de corazones, globos y regalos | Tarjeta emergente de amor"},"content":{"rendered":"<p>\u00a1Entra y sorpr\u00e9ndete con esta fant\u00e1stica tarjeta desplegable con un coche rosa lleno de corazones, globos y regalos! Con su llamativa placa de matr\u00edcula que dice &quot;LOVE&quot;, esta gran tarjeta de felicitaci\u00f3n es perfecta para regalar a alguien que amas.<\/p>\n<p>Esta tarjeta emergente es m\u00e1s que un simple saludo; es un regalo en s\u00ed mismo. Cuando abres la tarjeta, el simp\u00e1tico coche cobra vida con una explosi\u00f3n de coloridos globos y regalos. Es una forma festiva y alegre de felicitar a alguien por un cumplea\u00f1os, aniversario, boda, compromiso o cualquier otra ocasi\u00f3n especial. O para anunciar su propio matrimonio.<\/p>\n<p>La tarjeta de felicitaci\u00f3n viene con una tarjeta de escritura separada en la que puede escribir su texto personal. <a href=\"https:\/\/popcards.nl\/es\/categoria\/tarjetas-de-amor-de-san-valentin\/\">Tenemos tarjetas emergentes a\u00fan m\u00e1s amorosas.<\/a><\/p>\n<p>Tama\u00f1o de la tarjeta 30 \u00d7 20 cm, doblada a 15 \u00d7 20 cm. Con tarjeta separada para su texto.<br \/>\nIncluye sobre dorado, embalado en una bolsa de celof\u00e1n.<\/p>","protected":false},"excerpt":{"rendered":"<p>Stap in en laat je verrassen door deze fantastische pop-up kaart met een roze auto vol hartjes, ballonnen en cadeaus! Met zijn opvallende nummerbord met daarop &#8220;LOVE&#8221; is deze grote wenskaart perfect om te geven aan iemand die je liefhebt. Deze pop-up kaart is meer dan alleen een simpele groet; het is een cadeau op [&hellip;]<\/p>\n","protected":false},"featured_media":53808,"comment_status":"open","ping_status":"closed","template":"","meta":{"_iconic_wsb_product_page_order_bump_ids":[[]],"_sku":["8785253684468"],"_iconic_wsb_product_page_bump_modal_ids":[[]]},"product_brand":[],"product_cat":[27,17],"product_tag":[110,56],"class_list":{"0":"post-54135","1":"product","2":"type-product","3":"status-publish","4":"has-post-thumbnail","6":"product_cat-liefde-liefdeskaarten-valentijnskaarten","7":"product_cat-voertuigen-schip-trein-vliegtuig-auto-fiets","8":"product_tag-auto","9":"product_tag-love","10":"pa_brand-popcards","12":"first","13":"instock","14":"taxable","15":"shipping-taxable","16":"purchasable","17":"product-type-simple"},"gallery_images":[53809,85954],"_links":{"self":[{"href":"https:\/\/popcards.nl\/es\/wp-json\/wp\/v2\/product\/54135","targetHints":{"allow":["GET"]}}],"collection":[{"href":"https:\/\/popcards.nl\/es\/wp-json\/wp\/v2\/product"}],"about":[{"href":"https:\/\/popcards.nl\/es\/wp-json\/wp\/v2\/types\/product"}],"replies":[{"embeddable":true,"href":"https:\/\/popcards.nl\/es\/wp-json\/wp\/v2\/comments?post=54135"}],"wp:featuredmedia":[{"embeddable":true,"href":"https:\/\/popcards.nl\/es\/wp-json\/wp\/v2\/media\/53808"}],"wp:attachment":[{"href":"https:\/\/popcards.nl\/es\/wp-json\/wp\/v2\/media?parent=54135"}],"wp:term":[{"taxonomy":"product_brand","embeddable":true,"href":"https:\/\/popcards.nl\/es\/wp-json\/wp\/v2\/product_brand?post=54135"},{"taxonomy":"product_cat","embeddable":true,"href":"https:\/\/popcards.nl\/es\/wp-json\/wp\/v2\/product_cat?post=54135"},{"taxonomy":"product_tag","embeddable":true,"href":"https:\/\/popcards.nl\/es\/wp-json\/wp\/v2\/product_tag?post=54135"}],"curies":[{"name":"gracias","href":"https:\/\/api.w.org\/{rel}","templated":true}]}}