{"id":55101,"date":"2023-04-19T12:36:36","date_gmt":"2023-04-19T10:36:36","guid":{"rendered":"https:\/\/popcards.nl\/?post_type=product&#038;p=55101"},"modified":"2026-05-05T11:14:21","modified_gmt":"2026-05-05T09:14:21","slug":"camaleon-en-una-rama-de-arbol-pop-up-card-tarjetas-de-felicitacion","status":"publish","type":"product","link":"https:\/\/popcards.nl\/es\/product\/kameleon-op-een-boomtak-pop-up-kaart-wenskaart\/","title":{"rendered":"Camale\u00f3n colorido en una tarjeta emergente de rama de \u00e1rbol"},"content":{"rendered":"<p>\u00a1Esta tarjeta de felicitaci\u00f3n emergente con camale\u00f3n es muy especial! No solo por el fant\u00e1stico dise\u00f1o, sino tambi\u00e9n porque los camaleones son animales muy especiales. Por ejemplo, \u00bfsab\u00edas que pueden cambiar de color? S\u00ed, en serio, adaptan su color a su entorno, y eso no solo es s\u00faper \u00fatil como camuflaje, sino que tambi\u00e9n es muy chulo de ver.<\/p>\n<p>Los camaleones tambi\u00e9n tienen esos ojos especiales que pueden moverse independientemente unos de otros. De esta manera, pueden vigilar dos cosas diferentes al mismo tiempo. \u00a1Y luego esa lengua, que pueden hacer el doble de larga que su cuerpo! Con esto atrapan su comida de insectos. \u00a1Animales incre\u00edbles y \u00fanicos!<\/p>\n<p>Este camale\u00f3n verde casi parece salir de la tarjeta emergente. \u00a1Es casi real! Esta tarjeta de felicitaci\u00f3n es perfecta para muchas ocasiones. Ya sea que lo des para un cumplea\u00f1os, a un amante de los animales o simplemente porque s\u00ed, seguro que el destinatario lo disfrutar\u00e1 y se sorprender\u00e1 mucho.<br \/>\nPopcards.nl tiene tarjetas de animales a\u00fan m\u00e1s divertidas.<\/p>\n<p>Tama\u00f1o de la tarjeta 30 \u00d7 15 cm, plegada a 15 \u00d7 15 cm.<br \/>\nIncluye sobre a juego, empaquetado en una bolsa de celof\u00e1n.<\/p>","protected":false},"excerpt":{"rendered":"<p>Deze pop-up wenskaart met kameleon is heel bijzonder! Niet alleen door het fantastische design, maar ook omdat kameleons zulke bijzondere dieren zijn. Wist je bijvoorbeeld dat ze van kleur kunnen veranderen? Ja echt, ze passen hun kleur aan hun omgeving aan, en dat is niet alleen super handig als camouflage, maar ook nog eens heel [&hellip;]<\/p>\n","protected":false},"featured_media":54941,"comment_status":"open","ping_status":"closed","template":"","meta":{"_iconic_wsb_product_page_order_bump_ids":[[]],"_sku":["8785253684321"],"_iconic_wsb_product_page_bump_modal_ids":[[]]},"product_brand":[],"product_cat":[21],"product_tag":[132,51],"class_list":{"0":"post-55101","1":"product","2":"type-product","3":"status-publish","4":"has-post-thumbnail","6":"product_cat-dieren-dierenkaarten-wenskaarten","7":"product_tag-dier","8":"product_tag-dierentuin","10":"first","11":"outofstock","12":"taxable","13":"shipping-taxable","14":"purchasable","15":"product-type-simple"},"gallery_images":[54942,70906],"_links":{"self":[{"href":"https:\/\/popcards.nl\/es\/wp-json\/wp\/v2\/product\/55101","targetHints":{"allow":["GET"]}}],"collection":[{"href":"https:\/\/popcards.nl\/es\/wp-json\/wp\/v2\/product"}],"about":[{"href":"https:\/\/popcards.nl\/es\/wp-json\/wp\/v2\/types\/product"}],"replies":[{"embeddable":true,"href":"https:\/\/popcards.nl\/es\/wp-json\/wp\/v2\/comments?post=55101"}],"wp:featuredmedia":[{"embeddable":true,"href":"https:\/\/popcards.nl\/es\/wp-json\/wp\/v2\/media\/54941"}],"wp:attachment":[{"href":"https:\/\/popcards.nl\/es\/wp-json\/wp\/v2\/media?parent=55101"}],"wp:term":[{"taxonomy":"product_brand","embeddable":true,"href":"https:\/\/popcards.nl\/es\/wp-json\/wp\/v2\/product_brand?post=55101"},{"taxonomy":"product_cat","embeddable":true,"href":"https:\/\/popcards.nl\/es\/wp-json\/wp\/v2\/product_cat?post=55101"},{"taxonomy":"product_tag","embeddable":true,"href":"https:\/\/popcards.nl\/es\/wp-json\/wp\/v2\/product_tag?post=55101"}],"curies":[{"name":"gracias","href":"https:\/\/api.w.org\/{rel}","templated":true}]}}