{"id":55153,"date":"2023-04-20T15:03:24","date_gmt":"2023-04-20T13:03:24","guid":{"rendered":"https:\/\/popcards.nl\/?post_type=product&#038;p=55153"},"modified":"2025-10-13T10:10:36","modified_gmt":"2025-10-13T08:10:36","slug":"tarjeta-emergente-de-lirios-rojos-en-cesta-de-flores","status":"publish","type":"product","link":"https:\/\/popcards.nl\/es\/product\/rode-lelies-in-mandje-bloemen-pop-up-kaart\/","title":{"rendered":"Lirios rojos en cesta de flores tarjeta de felicitaci\u00f3n emergente"},"content":{"rendered":"<p>\u00a1Una buena manera de sorprender a alguien! Esta bonita tarjeta desplegable con un gran ramo de lirios rojos en una cesta es el regalo que est\u00e1s buscando.<\/p>\n<p>Cuando abres la tarjeta de felicitaci\u00f3n, los lirios saltan inmediatamente en toda su gloria. Es realmente un hermoso espect\u00e1culo ver estas hermosas flores en plena floraci\u00f3n. La canasta en la que se colocan las flores tambi\u00e9n se ha trabajado en detalle, para que parezca que puedes tocar las flores.<\/p>\n<p>Es la manera perfecta de sorprender a alguien y expresar tus sentimientos. Ya sea para un cumplea\u00f1os, una boda, el D\u00eda de la Madre o simplemente porque s\u00ed, esta tarjeta ser\u00e1 recibida con mucha alegr\u00eda. \u00a1Una sonrisa de sorpresa en el destinatario est\u00e1 garantizada!<\/p>\n<p>Puedes escribir un mensaje personal en el interior. Escriba su coraz\u00f3n y haga que esta tarjeta sea a\u00fan m\u00e1s especial para el destinatario. Es la manera perfecta de sorprender a alguien y hacerle saber cu\u00e1nto te importa.<\/p>\n<p><a href=\"https:\/\/popcards.nl\/es\/categoria\/flores-tarjetas-de-felicitacion\/\">Popcards tiene a\u00fan m\u00e1s tarjetas emergentes de flores.<\/a><\/p>\n<p>Tama\u00f1o de la tarjeta 30 x 15 cm, doblada a 15 x 15 cm.<br \/>\nIncluye sobre a juego, empaquetado en una bolsa de celof\u00e1n.<\/p>","protected":false},"excerpt":{"rendered":"<p>Een leuke manier om iemand te verrassen! Deze prachtige pop-up kaart met daarop een grote bos rode lelies in een mandje is h\u00e9t cadeau dat je zoekt. Wanneer je de wenskaart opent, springen de lelies direct omhoog in volle glorie. Het is werkelijk een schitterend gezicht om te zien hoe deze prachtige bloemen in volle [&hellip;]<\/p>\n","protected":false},"featured_media":54943,"comment_status":"open","ping_status":"closed","template":"","meta":{"_iconic_wsb_product_page_order_bump_ids":[[]],"_sku":["8785253685137"],"_iconic_wsb_product_page_bump_modal_ids":[[]]},"product_brand":[],"product_cat":[47,78],"product_tag":[48],"class_list":{"0":"post-55153","1":"product","2":"type-product","3":"status-publish","4":"has-post-thumbnail","6":"product_cat-bloemen-bloemenkaarten-wenskaarten","7":"product_cat-beterschapskaarten-troostkaarten-condoleancekaarten","8":"product_tag-bloemen","9":"pa_brand-popcards","11":"first","12":"outofstock","13":"taxable","14":"shipping-taxable","15":"purchasable","16":"product-type-simple"},"gallery_images":[70223],"_links":{"self":[{"href":"https:\/\/popcards.nl\/es\/wp-json\/wp\/v2\/product\/55153","targetHints":{"allow":["GET"]}}],"collection":[{"href":"https:\/\/popcards.nl\/es\/wp-json\/wp\/v2\/product"}],"about":[{"href":"https:\/\/popcards.nl\/es\/wp-json\/wp\/v2\/types\/product"}],"replies":[{"embeddable":true,"href":"https:\/\/popcards.nl\/es\/wp-json\/wp\/v2\/comments?post=55153"}],"wp:featuredmedia":[{"embeddable":true,"href":"https:\/\/popcards.nl\/es\/wp-json\/wp\/v2\/media\/54943"}],"wp:attachment":[{"href":"https:\/\/popcards.nl\/es\/wp-json\/wp\/v2\/media?parent=55153"}],"wp:term":[{"taxonomy":"product_brand","embeddable":true,"href":"https:\/\/popcards.nl\/es\/wp-json\/wp\/v2\/product_brand?post=55153"},{"taxonomy":"product_cat","embeddable":true,"href":"https:\/\/popcards.nl\/es\/wp-json\/wp\/v2\/product_cat?post=55153"},{"taxonomy":"product_tag","embeddable":true,"href":"https:\/\/popcards.nl\/es\/wp-json\/wp\/v2\/product_tag?post=55153"}],"curies":[{"name":"gracias","href":"https:\/\/api.w.org\/{rel}","templated":true}]}}