{"id":57529,"date":"2023-06-12T17:57:43","date_gmt":"2023-06-12T15:57:43","guid":{"rendered":"https:\/\/popcards.nl\/?post_type=product&#038;p=57529"},"modified":"2025-12-24T18:27:25","modified_gmt":"2025-12-24T17:27:25","slug":"feliz-navidad-3d-tarjeta-feliz-navidad-regalos","status":"publish","type":"product","link":"https:\/\/popcards.nl\/es\/product\/vrolijke-3d-kerstkaart-merry-christmas-cadeautjes\/","title":{"rendered":"Feliz Navidad Tarjeta 3D Feliz Navidad con Regalos"},"content":{"rendered":"<p>Qu\u00e9 sorpresa, esta gran tarjeta emergente de colores con un buen deseo de Navidad. Al abrir la tarjeta, aparece el texto &quot;Feliz Navidad&quot; en hermosas letras, rodeado de regalos, un reno y Pap\u00e1 Noel. El fondo tambi\u00e9n est\u00e1 en un ambiente navide\u00f1o atmosf\u00e9rico con bellas ilustraciones. La Popcard tiene una tarjeta a juego separada en la que puede escribir su mensaje personal de Navidad. Tambi\u00e9n en el frente est\u00e1 el deseo &quot;Feliz Navidad&quot; sobre un fondo verde.<\/p>\n<p><a href=\"https:\/\/popcards.nl\/es\/categoria\/las-10-tarjetas-navidenas-mas-bonitas\/\">Popcards tiene muchas m\u00e1s hermosas y divertidas tarjetas navide\u00f1as emergentes.<\/a><\/p>\n<p>Tarjeta grande formato 30 x 20 cm, plegada a 15 x 20 cm.<br \/>\nIncluye sobre a juego, empaquetado en una bolsa de celof\u00e1n.<\/p>","protected":false},"excerpt":{"rendered":"<p>Wat een verrassing, deze grote kleurrijke pop-up kaart met goede kerstwens. Als je de kaart opent komt er in prachtige letters de tekst &#8220;Merry Christmas&#8221; omhoog, omringd door cadeautjes, een rendier en kerstman. Ook de ondergrond is in sfeervolle kerstsfeer met mooie illustraties. De Popcard heeft een los bijpassend kaartje waarop je je persoonlijke kerstboodschap [&hellip;]<\/p>\n","protected":false},"featured_media":57392,"comment_status":"open","ping_status":"closed","template":"","meta":{"_iconic_wsb_product_page_order_bump_ids":[[]],"_sku":["8785253683782"],"_iconic_wsb_product_page_bump_modal_ids":[[]]},"product_brand":[],"product_cat":[79],"product_tag":[131],"class_list":{"0":"post-57529","1":"product","2":"type-product","3":"status-publish","4":"has-post-thumbnail","6":"product_cat-de-top-10-mooiste-kerstkaarten","7":"product_tag-kerst","9":"first","10":"instock","11":"taxable","12":"shipping-taxable","13":"purchasable","14":"product-type-simple"},"gallery_images":[76012],"_links":{"self":[{"href":"https:\/\/popcards.nl\/es\/wp-json\/wp\/v2\/product\/57529","targetHints":{"allow":["GET"]}}],"collection":[{"href":"https:\/\/popcards.nl\/es\/wp-json\/wp\/v2\/product"}],"about":[{"href":"https:\/\/popcards.nl\/es\/wp-json\/wp\/v2\/types\/product"}],"replies":[{"embeddable":true,"href":"https:\/\/popcards.nl\/es\/wp-json\/wp\/v2\/comments?post=57529"}],"wp:featuredmedia":[{"embeddable":true,"href":"https:\/\/popcards.nl\/es\/wp-json\/wp\/v2\/media\/57392"}],"wp:attachment":[{"href":"https:\/\/popcards.nl\/es\/wp-json\/wp\/v2\/media?parent=57529"}],"wp:term":[{"taxonomy":"product_brand","embeddable":true,"href":"https:\/\/popcards.nl\/es\/wp-json\/wp\/v2\/product_brand?post=57529"},{"taxonomy":"product_cat","embeddable":true,"href":"https:\/\/popcards.nl\/es\/wp-json\/wp\/v2\/product_cat?post=57529"},{"taxonomy":"product_tag","embeddable":true,"href":"https:\/\/popcards.nl\/es\/wp-json\/wp\/v2\/product_tag?post=57529"}],"curies":[{"name":"gracias","href":"https:\/\/api.w.org\/{rel}","templated":true}]}}