{"id":57851,"date":"2023-06-19T20:56:13","date_gmt":"2023-06-19T18:56:13","guid":{"rendered":"https:\/\/popcards.nl\/?post_type=product&#038;p=57851"},"modified":"2025-12-30T00:53:24","modified_gmt":"2025-12-29T23:53:24","slug":"dulce-blanco-3d-pop-up-tarjeta-de-navidad-caja-transparente","status":"publish","type":"product","link":"https:\/\/popcards.nl\/es\/product\/lieve-witte-3d-pop-up-kerstkaart-doorkijk-box\/","title":{"rendered":"Tarjeta de Navidad 3D blanca dulce caja transparente - Tarjeta de felicitaci\u00f3n emergente"},"content":{"rendered":"<p>Esta caja transparente separada en blanco suave y brillante, con no menos de 6 capas, ofrece una hermosa escena tridimensional cuando se despliega. El texto Merry Christmas est\u00e1 grabado con l\u00e1ser en la primera capa en blanco. En las siguientes capas, Pap\u00e1 Noel vuela alto en el cielo en su trineo tirado por caballos con 3 renos sobre el pueblo de monta\u00f1a cubierto de nieve. Las monta\u00f1as nevadas al fondo y los numerosos cristales de hielo blanco dan un gran efecto de profundidad al conjunto. Debido a que las estrellas han sido perforadas en la \u00faltima capa, esto da un efecto de cielo nocturno, colocado frente a una l\u00e1mpara.<\/p>\n<p>Tama\u00f1o de la tarjeta 15\u00d715 cm, plegado plano a 15\u00d720 cm. Con tarjeta separada para su texto.<br \/>\nIncluye sobre chic a juego en 2 tonos de azul, con cierre en forma de coraz\u00f3n.<\/p>\n<p>Puede escribir en el sobre muy bien con un l\u00e1piz blanco, un bol\u00edgrafo de color dorado o plateado.<br \/>\nTambi\u00e9n puede utilizar la etiqueta autoadhesiva adjunta para el direccionamiento.<br \/>\nEmbalado en una bolsa de celof\u00e1n.<\/p>\n<p><a href=\"https:\/\/popcards.nl\/es\/categoria\/las-10-tarjetas-navidenas-mas-bonitas\/\">Popcards tiene muchas m\u00e1s hermosas tarjetas navide\u00f1as.<\/a><\/p>","protected":false},"excerpt":{"rendered":"<p>Deze aparte doorkijk box in zacht glanzend wit uitgevoerd, met maar liefst 6 lagen, geeft uitgeklapt een prachtig driedimensionaal tafereeltje. Op de eerste laag staat in wit gelaserd de tekst Merry Christmas. Op de volgende lagen vliegt de kerstman hoog in de lucht op zijn arrenslee met 3 rendieren over het met sneeuw bedekte bergdorpje. [&hellip;]<\/p>\n","protected":false},"featured_media":57384,"comment_status":"open","ping_status":"closed","template":"","meta":{"_iconic_wsb_product_page_order_bump_ids":[[]],"_sku":["8785253684925"],"_iconic_wsb_product_page_bump_modal_ids":[[]]},"product_brand":[],"product_cat":[79],"product_tag":[131],"class_list":{"0":"post-57851","1":"product","2":"type-product","3":"status-publish","4":"has-post-thumbnail","6":"product_cat-de-top-10-mooiste-kerstkaarten","7":"product_tag-kerst","9":"first","10":"instock","11":"taxable","12":"shipping-taxable","13":"purchasable","14":"product-type-simple"},"gallery_images":[76038],"_links":{"self":[{"href":"https:\/\/popcards.nl\/es\/wp-json\/wp\/v2\/product\/57851","targetHints":{"allow":["GET"]}}],"collection":[{"href":"https:\/\/popcards.nl\/es\/wp-json\/wp\/v2\/product"}],"about":[{"href":"https:\/\/popcards.nl\/es\/wp-json\/wp\/v2\/types\/product"}],"replies":[{"embeddable":true,"href":"https:\/\/popcards.nl\/es\/wp-json\/wp\/v2\/comments?post=57851"}],"wp:featuredmedia":[{"embeddable":true,"href":"https:\/\/popcards.nl\/es\/wp-json\/wp\/v2\/media\/57384"}],"wp:attachment":[{"href":"https:\/\/popcards.nl\/es\/wp-json\/wp\/v2\/media?parent=57851"}],"wp:term":[{"taxonomy":"product_brand","embeddable":true,"href":"https:\/\/popcards.nl\/es\/wp-json\/wp\/v2\/product_brand?post=57851"},{"taxonomy":"product_cat","embeddable":true,"href":"https:\/\/popcards.nl\/es\/wp-json\/wp\/v2\/product_cat?post=57851"},{"taxonomy":"product_tag","embeddable":true,"href":"https:\/\/popcards.nl\/es\/wp-json\/wp\/v2\/product_tag?post=57851"}],"curies":[{"name":"gracias","href":"https:\/\/api.w.org\/{rel}","templated":true}]}}