{"id":57855,"date":"2023-06-19T21:06:29","date_gmt":"2023-06-19T19:06:29","guid":{"rendered":"https:\/\/popcards.nl\/?post_type=product&#038;p=57855"},"modified":"2026-02-28T16:59:30","modified_gmt":"2026-02-28T15:59:30","slug":"especial-tarjeta-de-navidad-3d-pop-up-arbol-de-navidad","status":"publish","type":"product","link":"https:\/\/popcards.nl\/es\/product\/bijzondere-kerstkaart-3d-pop-up-kerstboom\/","title":{"rendered":"Tarjeta de Navidad especial \u00e1rbol de Navidad 3D separado con tarjeta emergente de regalos"},"content":{"rendered":"<p>\u00a1Qu\u00e9 tarjeta de Navidad \u00fanica y divertida! Un \u00e1rbol de Navidad tridimensional completamente independiente, rodeado de coloridos regalos. Agradable recibir con sus buenos deseos de Navidad y agradable para decorar la mesa de Navidad, por ejemplo. Incluye una tarjeta de felicitaci\u00f3n separada para tu texto.<\/p>\n<p>\u00c1rbol de Navidad de 15 cm de alto x 12 cm de di\u00e1metro. Con tarjeta separada para su texto.<br \/>\nIncluye sobre chic a juego en 2 tonos de azul, con cierre en forma de coraz\u00f3n.<br \/>\nPuede escribir en el sobre muy bien con un l\u00e1piz blanco, un bol\u00edgrafo de color dorado o plateado.<\/p>\n<p>Tambi\u00e9n puede utilizar la etiqueta autoadhesiva adjunta para el direccionamiento. Embalado en una bolsa de celof\u00e1n.<\/p>\n<p><a href=\"https:\/\/popcards.nl\/es\/categoria\/las-10-tarjetas-navidenas-mas-bonitas\/\">Popcards tiene muchas m\u00e1s hermosas tarjetas navide\u00f1as.<\/a><\/p>","protected":false},"excerpt":{"rendered":"<p>Wat een bijzondere en leuke kerstkaart! Een 3-dimensionaal geheel losstaand kerstboompje, omringd door kleurrijke cadeautjes. Leuk om te ontvangen met je goede kerstwensen en leuk om bijvoorbeeld de kersttafel mee te versieren. Inclusief los wenskaartje voor je tekst. Kerstboom formaat 15 cm hoog x 12 cm doorsnede. Met los kaartje voor je tekst. Inclusief bijpassende [&hellip;]<\/p>\n","protected":false},"featured_media":57373,"comment_status":"open","ping_status":"closed","template":"","meta":{"_iconic_wsb_product_page_order_bump_ids":[[]],"_sku":["8785253684888"],"_iconic_wsb_product_page_bump_modal_ids":[[]]},"product_brand":[],"product_cat":[79],"product_tag":[131],"class_list":{"0":"post-57855","1":"product","2":"type-product","3":"status-publish","4":"has-post-thumbnail","6":"product_cat-de-top-10-mooiste-kerstkaarten","7":"product_tag-kerst","9":"first","10":"instock","11":"taxable","12":"shipping-taxable","13":"purchasable","14":"product-type-simple"},"gallery_images":[76003],"_links":{"self":[{"href":"https:\/\/popcards.nl\/es\/wp-json\/wp\/v2\/product\/57855","targetHints":{"allow":["GET"]}}],"collection":[{"href":"https:\/\/popcards.nl\/es\/wp-json\/wp\/v2\/product"}],"about":[{"href":"https:\/\/popcards.nl\/es\/wp-json\/wp\/v2\/types\/product"}],"replies":[{"embeddable":true,"href":"https:\/\/popcards.nl\/es\/wp-json\/wp\/v2\/comments?post=57855"}],"wp:featuredmedia":[{"embeddable":true,"href":"https:\/\/popcards.nl\/es\/wp-json\/wp\/v2\/media\/57373"}],"wp:attachment":[{"href":"https:\/\/popcards.nl\/es\/wp-json\/wp\/v2\/media?parent=57855"}],"wp:term":[{"taxonomy":"product_brand","embeddable":true,"href":"https:\/\/popcards.nl\/es\/wp-json\/wp\/v2\/product_brand?post=57855"},{"taxonomy":"product_cat","embeddable":true,"href":"https:\/\/popcards.nl\/es\/wp-json\/wp\/v2\/product_cat?post=57855"},{"taxonomy":"product_tag","embeddable":true,"href":"https:\/\/popcards.nl\/es\/wp-json\/wp\/v2\/product_tag?post=57855"}],"curies":[{"name":"gracias","href":"https:\/\/api.w.org\/{rel}","templated":true}]}}