{"id":59530,"date":"2023-08-02T17:20:33","date_gmt":"2023-08-02T15:20:33","guid":{"rendered":"https:\/\/popcards.nl\/?post_type=product&#038;p=59530"},"modified":"2025-12-28T16:06:18","modified_gmt":"2025-12-28T15:06:18","slug":"corona-de-navidad-flor-de-pascua-vela-emergente-tarjeta-de-navidad","status":"publish","type":"product","link":"https:\/\/popcards.nl\/es\/product\/kerstkrans-kerststerren-kaars-popup-kerstkaart\/","title":{"rendered":"Corona de Navidad con flores de Pascua y velas | Tarjeta de Navidad Tarjeta emergente"},"content":{"rendered":"<p>Una corona navide\u00f1a bellamente tallada llena de flores de Pascua rojas y blancas est\u00e1 pegada en el frente verde mate, lo que le da a la tarjeta un efecto especial. Dentro de la tarjeta hay una gran corona navide\u00f1a emergente de 5 niveles decorada con cristales, flores de Pascua, pi\u00f1as y una vela encendida. El fondo tiene ilustraciones navide\u00f1as atmosf\u00e9ricas y suficiente espacio para escribir tu deseo navide\u00f1o. Una tarjeta impresionante que el destinatario conservar\u00e1 durante los pr\u00f3ximos a\u00f1os y la depositar\u00e1 cada Navidad.<\/p>\n<p><a href=\"https:\/\/popcards.nl\/es\/categoria\/las-10-tarjetas-navidenas-mas-bonitas\/\">Popcards tiene muchas m\u00e1s hermosas tarjetas de Navidad emergentes. <\/a><\/p>\n<p>Tama\u00f1o de la tarjeta 24 \u00d7 17 cm, doblada a 12 \u00d7 17 cm. Incluye sobre a juego, presentado en bolsa de celof\u00e1n.<\/p>","protected":false},"excerpt":{"rendered":"<p>Op de matgroene voorkant zit een prachtig uitgesneden kerstkrans vol rode en witte kerststerren geplakt, wat de kaart een bijzonder effect geeft. Binnen in de kaart een grote pop-up kerstkrans van 5 lagen, versierd met kristallen, kerststerren, dennenappels en een brandende kaars. De ondergrond heeft sfeervolle kerstillustraties en nog genoeg ruimte om uw kerstwens op [&hellip;]<\/p>\n","protected":false},"featured_media":59189,"comment_status":"open","ping_status":"closed","template":"","meta":{"_iconic_wsb_product_page_order_bump_ids":[[]],"_sku":["8785253683478"],"_iconic_wsb_product_page_bump_modal_ids":[[]]},"product_brand":[],"product_cat":[79],"product_tag":[131],"class_list":{"0":"post-59530","1":"product","2":"type-product","3":"status-publish","4":"has-post-thumbnail","6":"product_cat-de-top-10-mooiste-kerstkaarten","7":"product_tag-kerst","9":"first","10":"instock","11":"taxable","12":"shipping-taxable","13":"purchasable","14":"product-type-simple"},"gallery_images":[76027],"_links":{"self":[{"href":"https:\/\/popcards.nl\/es\/wp-json\/wp\/v2\/product\/59530","targetHints":{"allow":["GET"]}}],"collection":[{"href":"https:\/\/popcards.nl\/es\/wp-json\/wp\/v2\/product"}],"about":[{"href":"https:\/\/popcards.nl\/es\/wp-json\/wp\/v2\/types\/product"}],"replies":[{"embeddable":true,"href":"https:\/\/popcards.nl\/es\/wp-json\/wp\/v2\/comments?post=59530"}],"wp:featuredmedia":[{"embeddable":true,"href":"https:\/\/popcards.nl\/es\/wp-json\/wp\/v2\/media\/59189"}],"wp:attachment":[{"href":"https:\/\/popcards.nl\/es\/wp-json\/wp\/v2\/media?parent=59530"}],"wp:term":[{"taxonomy":"product_brand","embeddable":true,"href":"https:\/\/popcards.nl\/es\/wp-json\/wp\/v2\/product_brand?post=59530"},{"taxonomy":"product_cat","embeddable":true,"href":"https:\/\/popcards.nl\/es\/wp-json\/wp\/v2\/product_cat?post=59530"},{"taxonomy":"product_tag","embeddable":true,"href":"https:\/\/popcards.nl\/es\/wp-json\/wp\/v2\/product_tag?post=59530"}],"curies":[{"name":"gracias","href":"https:\/\/api.w.org\/{rel}","templated":true}]}}