{"id":6025,"date":"2019-11-04T21:31:11","date_gmt":"2019-11-04T20:31:11","guid":{"rendered":"https:\/\/popcards.nl\/?post_type=product&#038;p=6025"},"modified":"2026-05-03T21:54:11","modified_gmt":"2026-05-03T19:54:11","slug":"tarjeta-de-felicitacion-pop-up-de-jazz-band-live-music-music","status":"publish","type":"product","link":"https:\/\/popcards.nl\/es\/product\/jazz-band-live-music-muziek-pop-up-wenskaart\/","title":{"rendered":"Banda de jazz en vivo en boom | tarjeta de felicitaci\u00f3n emergente"},"content":{"rendered":"<p>Una banda de jazz completa, tocando a la sombra de un hermoso \u00e1rbol. Un piano de cola con un pianista, un contrabajo, un saxof\u00f3n con un saxofonista entusiasta. \u00a1Quiz\u00e1s sea Hans Dulfer! \u00a1Una feliz tarjeta de felicitaci\u00f3n musical! Por cierto, tambi\u00e9n tienes nuestro hermoso <a href=\"https:\/\/popcards.nl\/es\/mapa-2\/gitaar-zwarte-voorzijde\/\">tarjeta emergente de guitarra<\/a> visto?<\/p>\n<p>Tama\u00f1o de tarjeta 24 \u00d7 17 cm, plegado a 12 \u00d7 17 cm. Incluye sobre en blanco a juego, empacado en una bolsa de celof\u00e1n.<\/p>\n<h3>Musica de jazz<\/h3>\n<p class=\"translation-block\"><a href=\"https:\/\/nl.wikipedia.org\/wiki\/Jazz\" target=\"_self\" rel=\"noopener noreferrer\">El jazz<\/a> es un estilo musical basado en la improvisaci\u00f3n. Originalmente la palabra <i>jazz<\/i> significaba un &quot;baile muy en\u00e9rgico&quot;.<\/p>","protected":false},"excerpt":{"rendered":"<p>Een complete jazz band, spelend in de schaduw van een prachtige boom. Een vleugel met pianist, een contrabas, een saxofoon met enthousiaste saxofonist. Misschien is het wel Hans Dulfer! Een vrolijke muzikale wenskaart! Heb je trouwens ook onze fraaie gitaar pop-up kaart gezien? Kaartformaat 24\u00d717 cm, gevouwen tot 12\u00d717 cm. Inclusief bijpassende blanco envelop, verpakt [&hellip;]<\/p>\n","protected":false},"featured_media":6026,"comment_status":"open","ping_status":"closed","template":"","meta":{"_iconic_wsb_product_page_order_bump_ids":[],"_sku":["8945005027329"],"_iconic_wsb_product_page_bump_modal_ids":[]},"product_brand":[],"product_cat":[58,78,34,27,57],"product_tag":[240,134],"class_list":{"0":"post-6025","1":"product","2":"type-product","3":"status-publish","4":"has-post-thumbnail","6":"product_cat-muziek-muziekinstrumenten-wenskaarten","7":"product_cat-beterschapskaarten-troostkaarten-condoleancekaarten","8":"product_cat-felicitatie-verjaardag-verjaardagskaarten","9":"product_cat-liefde-liefdeskaarten-valentijnskaarten","10":"product_cat-uitnodigingen-uitnodigingskaarten-verjaardag-jubileum","11":"product_tag-boom","12":"product_tag-muziek","13":"pa_brand-popcards","15":"first","16":"instock","17":"taxable","18":"shipping-taxable","19":"purchasable","20":"product-type-simple"},"gallery_images":[6033],"_links":{"self":[{"href":"https:\/\/popcards.nl\/es\/wp-json\/wp\/v2\/product\/6025","targetHints":{"allow":["GET"]}}],"collection":[{"href":"https:\/\/popcards.nl\/es\/wp-json\/wp\/v2\/product"}],"about":[{"href":"https:\/\/popcards.nl\/es\/wp-json\/wp\/v2\/types\/product"}],"replies":[{"embeddable":true,"href":"https:\/\/popcards.nl\/es\/wp-json\/wp\/v2\/comments?post=6025"}],"wp:featuredmedia":[{"embeddable":true,"href":"https:\/\/popcards.nl\/es\/wp-json\/wp\/v2\/media\/6026"}],"wp:attachment":[{"href":"https:\/\/popcards.nl\/es\/wp-json\/wp\/v2\/media?parent=6025"}],"wp:term":[{"taxonomy":"product_brand","embeddable":true,"href":"https:\/\/popcards.nl\/es\/wp-json\/wp\/v2\/product_brand?post=6025"},{"taxonomy":"product_cat","embeddable":true,"href":"https:\/\/popcards.nl\/es\/wp-json\/wp\/v2\/product_cat?post=6025"},{"taxonomy":"product_tag","embeddable":true,"href":"https:\/\/popcards.nl\/es\/wp-json\/wp\/v2\/product_tag?post=6025"}],"curies":[{"name":"gracias","href":"https:\/\/api.w.org\/{rel}","templated":true}]}}