{"id":60681,"date":"2023-08-30T16:43:23","date_gmt":"2023-08-30T14:43:23","guid":{"rendered":"https:\/\/popcards.nl\/?post_type=product&#038;p=60681"},"modified":"2026-04-15T11:40:00","modified_gmt":"2026-04-15T09:40:00","slug":"un-regalo-de-avo-tarjeta-de-cumpleanos-divertida-de-aguacate-tarjeta-de-felicitacion-emergente","status":"publish","type":"product","link":"https:\/\/popcards.nl\/es\/product\/een-avo-cadeau-grappige-avocado-verjaardagskaart-pop-up-kaart\/","title":{"rendered":"\u00a1Un regalo de aguacate! Tarjeta emergente de cumplea\u00f1os divertida con aguacate"},"content":{"rendered":"<p>Un aguacate corriendo con un pastel en el frente\u2026 \u00a1Eso es prometedor!<\/p>\n<p>Y s\u00ed: el loco pop-up de un aguacate, cortado en gemelos con un regalo y globos, alegra y hace feliz al destinatario. No recibes una Popcard tan loca cada cumplea\u00f1os. Y tambi\u00e9n hay una tarjeta separada en la que puedes escribir tu texto.<br \/>\n\u00a1El \u00e9xito est\u00e1 garantizado con esta tarjeta de cumplea\u00f1os regalo avo! \ud83d\ude42<\/p>\n<p>Tama\u00f1o de la tarjeta 26 x 18 cm, doblada a 13 x 18 cm.<br \/>\nIncluye sobre dorado, embalado en una bolsa de celof\u00e1n.<\/p>","protected":false},"excerpt":{"rendered":"<p>Een rennende Avocado met een taart op de voorkant\u2026 Dat belooft wat! En ja hoor: de gekke pop-up van een Avocado, tot tweeling gesneden met cadeautje en ballonnen, maakt de ontvanger vrolijk en blij. Zo\u2019n knotsgekke Popcard ontvang je niet elke verjaardag. En er zit ook nog een los kaartje bij waarop je je tekst [&hellip;]<\/p>\n","protected":false},"featured_media":60678,"comment_status":"open","ping_status":"closed","template":"","meta":{"_iconic_wsb_product_page_order_bump_ids":[[]],"_sku":["8785253684598"],"_iconic_wsb_product_page_bump_modal_ids":[[]]},"product_brand":[],"product_cat":[34],"product_tag":[137],"class_list":{"0":"post-60681","1":"product","2":"type-product","3":"status-publish","4":"has-post-thumbnail","6":"product_cat-felicitatie-verjaardag-verjaardagskaarten","7":"product_tag-verjaardag","9":"first","10":"instock","11":"taxable","12":"shipping-taxable","13":"purchasable","14":"product-type-simple"},"gallery_images":[60677],"_links":{"self":[{"href":"https:\/\/popcards.nl\/es\/wp-json\/wp\/v2\/product\/60681","targetHints":{"allow":["GET"]}}],"collection":[{"href":"https:\/\/popcards.nl\/es\/wp-json\/wp\/v2\/product"}],"about":[{"href":"https:\/\/popcards.nl\/es\/wp-json\/wp\/v2\/types\/product"}],"replies":[{"embeddable":true,"href":"https:\/\/popcards.nl\/es\/wp-json\/wp\/v2\/comments?post=60681"}],"wp:featuredmedia":[{"embeddable":true,"href":"https:\/\/popcards.nl\/es\/wp-json\/wp\/v2\/media\/60678"}],"wp:attachment":[{"href":"https:\/\/popcards.nl\/es\/wp-json\/wp\/v2\/media?parent=60681"}],"wp:term":[{"taxonomy":"product_brand","embeddable":true,"href":"https:\/\/popcards.nl\/es\/wp-json\/wp\/v2\/product_brand?post=60681"},{"taxonomy":"product_cat","embeddable":true,"href":"https:\/\/popcards.nl\/es\/wp-json\/wp\/v2\/product_cat?post=60681"},{"taxonomy":"product_tag","embeddable":true,"href":"https:\/\/popcards.nl\/es\/wp-json\/wp\/v2\/product_tag?post=60681"}],"curies":[{"name":"gracias","href":"https:\/\/api.w.org\/{rel}","templated":true}]}}