{"id":64697,"date":"2023-12-03T22:12:50","date_gmt":"2023-12-03T21:12:50","guid":{"rendered":"https:\/\/popcards.nl\/?post_type=product&#038;p=64697"},"modified":"2025-12-04T15:41:50","modified_gmt":"2025-12-04T14:41:50","slug":"arbol-bonsai-jardin-japones-carpa-koi-tarjeta-de-felicitacion","status":"publish","type":"product","link":"https:\/\/popcards.nl\/es\/product\/bonsai-boom-japanse-tuin-koi-karpers-wenskaart\/","title":{"rendered":"\u00c1rbol bons\u00e1i en el jard\u00edn japon\u00e9s con carpas koi | Tarjeta de felicitaci\u00f3n emergente"},"content":{"rendered":"<p>En el frente verde mate hay pegada una ilustraci\u00f3n bellamente impresa y recortada, lo que le da a la tarjeta un efecto especial. Si abres esta Popcard, te sorprender\u00e1 un Bons\u00e1i delicadamente tallado, en medio de un tranquilo jard\u00edn de rocas con un estanque y carpas Koi. Una hermosa escena que puede simbolizar la paz despu\u00e9s de una vida ocupada o como consuelo despu\u00e9s de un momento emocionante. Hay una tarjeta separada para anotar tus buenos deseos. <a href=\"https:\/\/popcards.nl\/es\/categoria\/flores-tarjetas-de-felicitacion\/\">Popcards.nl tambi\u00e9n tiene muchas tarjetas florales bonitas.<\/a><\/p>\n<p><strong>Bons\u00e1i<\/strong> (\u76c6\u683d) significa &quot;planta en maceta&quot; en japon\u00e9s y es la forma de arte tradicional japonesa de cultivar \u00e1rboles en miniatura en macetas. Para ello, se manipula una pl\u00e1ntula durante su crecimiento de tal manera que siga siendo un \u00e1rbol en miniatura que muestra en l\u00edneas simples las caracter\u00edsticas esenciales de un esp\u00e9cimen natural completamente desarrollado. El cultivador da forma al \u00e1rbol mediante podas, injertos, atados y otras t\u00e9cnicas. Cuando el Bons\u00e1i ha alcanzado el tama\u00f1o deseado y cumple con los requisitos est\u00e9ticos, se trasplanta a un cuenco especial para Bons\u00e1i.<\/p>\n<p>La tradici\u00f3n del Bons\u00e1i tiene m\u00e1s de mil a\u00f1os. Los \u00e1rboles bons\u00e1i, si se mantienen adecuadamente, pueden envejecer mucho. Los bons\u00e1is m\u00e1s antiguos tienen m\u00e1s de 800 a\u00f1os; el resultado de muchas generaciones de paciencia y trabajo duro.<\/p>\n<p>El Bons\u00e1i simboliza la belleza del envejecimiento, donde finalmente te conviertes en una persona equilibrada y sabia.<\/p>\n<p>Tama\u00f1o de la tarjeta 25 x 18 cm, doblada a 12,5 \u00d7 18 cm.<br \/>\nIncluye sobre dorado, embalado en una bolsa de celof\u00e1n.<\/p>","protected":false},"excerpt":{"rendered":"<p>In de matgroene voorkant zit een prachtig gedrukte en uitgesneden illustratie geplakt, wat de kaart een bijzonder effect geeft. Klap je deze Popcard open, dan word je verrast door een verfijnd uitgesneden Bonsai, in het midden van een verstilde rotstuin met vijvertje en Koi karpers. Een lieflijk tafereeltje wat symbool kan staan voor de rust [&hellip;]<\/p>\n","protected":false},"featured_media":60676,"comment_status":"open","ping_status":"closed","template":"","meta":{"_iconic_wsb_product_page_order_bump_ids":[[]],"_sku":["8785253685342"],"_iconic_wsb_product_page_bump_modal_ids":[[]]},"product_brand":[],"product_cat":[47,78],"product_tag":[240,238],"class_list":{"0":"post-64697","1":"product","2":"type-product","3":"status-publish","4":"has-post-thumbnail","6":"product_cat-bloemen-bloemenkaarten-wenskaarten","7":"product_cat-beterschapskaarten-troostkaarten-condoleancekaarten","8":"product_tag-boom","9":"product_tag-sakura","11":"first","12":"outofstock","13":"taxable","14":"shipping-taxable","15":"purchasable","16":"product-type-simple"},"gallery_images":[71078],"_links":{"self":[{"href":"https:\/\/popcards.nl\/es\/wp-json\/wp\/v2\/product\/64697","targetHints":{"allow":["GET"]}}],"collection":[{"href":"https:\/\/popcards.nl\/es\/wp-json\/wp\/v2\/product"}],"about":[{"href":"https:\/\/popcards.nl\/es\/wp-json\/wp\/v2\/types\/product"}],"replies":[{"embeddable":true,"href":"https:\/\/popcards.nl\/es\/wp-json\/wp\/v2\/comments?post=64697"}],"wp:featuredmedia":[{"embeddable":true,"href":"https:\/\/popcards.nl\/es\/wp-json\/wp\/v2\/media\/60676"}],"wp:attachment":[{"href":"https:\/\/popcards.nl\/es\/wp-json\/wp\/v2\/media?parent=64697"}],"wp:term":[{"taxonomy":"product_brand","embeddable":true,"href":"https:\/\/popcards.nl\/es\/wp-json\/wp\/v2\/product_brand?post=64697"},{"taxonomy":"product_cat","embeddable":true,"href":"https:\/\/popcards.nl\/es\/wp-json\/wp\/v2\/product_cat?post=64697"},{"taxonomy":"product_tag","embeddable":true,"href":"https:\/\/popcards.nl\/es\/wp-json\/wp\/v2\/product_tag?post=64697"}],"curies":[{"name":"gracias","href":"https:\/\/api.w.org\/{rel}","templated":true}]}}