{"id":64951,"date":"2023-12-07T23:04:37","date_gmt":"2023-12-07T22:04:37","guid":{"rendered":"https:\/\/popcards.nl\/?post_type=product&#038;p=64951"},"modified":"2026-04-27T16:27:22","modified_gmt":"2026-04-27T14:27:22","slug":"tarjeta-de-cumpleanos-super-divertida-con-un-gato-de-confeti-ronroneando","status":"publish","type":"product","link":"https:\/\/popcards.nl\/es\/product\/grappig-verjaardagskaart-spinnen-confetti-poes\/","title":{"rendered":"\u00a1Tarjeta de cumplea\u00f1os s\u00faper divertida con un gato de confeti ronroneando!"},"content":{"rendered":"<p>\u00a1Humor! En el frente de esta tarjeta emergente, el gatito le desea al cumplea\u00f1ero\/a un &quot;\u00a1Cumplea\u00f1os perfecto!&quot;. Los gatos ronronean &quot;purrrrr...&quot; cuando est\u00e1n completamente contentos. Cuando el destinatario abra esta Popcard, \u00a1se reir\u00e1 mucho! Este simp\u00e1tico y travieso gato tiene una forma muy especial de lanzar alegres serpentinas y confeti de colores festivos. \ud83d\ude42<\/p>\n<p><a href=\"https:\/\/popcards.nl\/es\/product\/humor-tarjeta-de-cumpleanos-sonriente-papel-picado-perro\/\">\u00a1Tambi\u00e9n tenemos una divertida tarjeta de cumplea\u00f1os con un perro de confeti sonriente!<\/a><\/p>\n<p>Tama\u00f1o tarjeta 26\u00d718 cm, plegada a 13\u00d718 cm.<br \/>\nIncluye sobre a juego, empaquetado en una bolsa de celof\u00e1n.<\/p>","protected":false},"excerpt":{"rendered":"<p>Humor! Op de voorkant van deze pop-up kaart wenst het poesje de jarige een \u201cPurrfect Birthday!\u201d. Poezen spinnen \u201cpurrrrr\u2026\u2026\u201d als ze helemaal content zijn. Als de ontvanger deze Popcard opent zal deze ontzettend moeten lachen! Deze leuke stoute kat heeft namelijk wel een h\u00e9\u00e9l bijzondere wijze om te strooien met vrolijke slingers en confetti in [&hellip;]<\/p>\n","protected":false},"featured_media":64952,"comment_status":"open","ping_status":"closed","template":"","meta":{"_iconic_wsb_product_page_order_bump_ids":[[]],"_sku":["8785253684772"],"_iconic_wsb_product_page_bump_modal_ids":[[]]},"product_brand":[],"product_cat":[34,21],"product_tag":[285,35,137],"class_list":{"0":"post-64951","1":"product","2":"type-product","3":"status-publish","4":"has-post-thumbnail","6":"product_cat-felicitatie-verjaardag-verjaardagskaarten","7":"product_cat-dieren-dierenkaarten-wenskaarten","8":"product_tag-humor","9":"product_tag-kat","10":"product_tag-verjaardag","12":"first","13":"instock","14":"taxable","15":"shipping-taxable","16":"purchasable","17":"product-type-simple"},"gallery_images":[76008],"_links":{"self":[{"href":"https:\/\/popcards.nl\/es\/wp-json\/wp\/v2\/product\/64951","targetHints":{"allow":["GET"]}}],"collection":[{"href":"https:\/\/popcards.nl\/es\/wp-json\/wp\/v2\/product"}],"about":[{"href":"https:\/\/popcards.nl\/es\/wp-json\/wp\/v2\/types\/product"}],"replies":[{"embeddable":true,"href":"https:\/\/popcards.nl\/es\/wp-json\/wp\/v2\/comments?post=64951"}],"wp:featuredmedia":[{"embeddable":true,"href":"https:\/\/popcards.nl\/es\/wp-json\/wp\/v2\/media\/64952"}],"wp:attachment":[{"href":"https:\/\/popcards.nl\/es\/wp-json\/wp\/v2\/media?parent=64951"}],"wp:term":[{"taxonomy":"product_brand","embeddable":true,"href":"https:\/\/popcards.nl\/es\/wp-json\/wp\/v2\/product_brand?post=64951"},{"taxonomy":"product_cat","embeddable":true,"href":"https:\/\/popcards.nl\/es\/wp-json\/wp\/v2\/product_cat?post=64951"},{"taxonomy":"product_tag","embeddable":true,"href":"https:\/\/popcards.nl\/es\/wp-json\/wp\/v2\/product_tag?post=64951"}],"curies":[{"name":"gracias","href":"https:\/\/api.w.org\/{rel}","templated":true}]}}