{"id":65074,"date":"2023-12-09T16:26:09","date_gmt":"2023-12-09T15:26:09","guid":{"rendered":"https:\/\/popcards.nl\/?post_type=product&#038;p=65074"},"modified":"2026-04-16T16:17:12","modified_gmt":"2026-04-16T14:17:12","slug":"tarjeta-de-felicitacion-3d-de-aniversario-de-pastel-de-cumpleanos-festivo","status":"publish","type":"product","link":"https:\/\/popcards.nl\/es\/product\/feestelijk-verjaardagstaart-jarig-3d-wenskaart\/","title":{"rendered":"Tarjeta de felicitaci\u00f3n emergente 3D, aniversario de cumplea\u00f1os, pastel de cumplea\u00f1os festivo"},"content":{"rendered":"<p>\u00a1Este pastel de cumplea\u00f1os festivo no te har\u00e1 engordar, pero te har\u00e1 muy feliz! \ud83d\ude00<\/p>\n<p>El frente es de color rojo brillante con una ilustraci\u00f3n cortada con l\u00e1ser. Al abrir la tarjeta, se revela un hermoso pastel con estrellas y golosinas. La botella de champ\u00e1n con copas hace que esta tarjeta tambi\u00e9n sea una bonita tarjeta de cumplea\u00f1os para adultos. \u00a1A ellos tambi\u00e9n les gustar\u00eda que los felicitaran con una Popcard tan bonita y colorida! Aunque tal vez se trate de champ\u00e1n para ni\u00f1os, entonces el men\u00fa, por supuesto, tambi\u00e9n es adecuado para los ni\u00f1os que cumplen a\u00f1os.<\/p>\n<p>Tama\u00f1o tarjeta 30\u00d715 cm, plegada a 15\u00d715 cm. Empaquetado en bolsa de celof\u00e1n. Con tarjeta separada para tu texto. Incluye sobre chic a juego en 2 tonos de azul, con cierre en forma de coraz\u00f3n. Puedes escribir muy bien en el sobre con un l\u00e1piz blanco o un bol\u00edgrafo de color dorado o plateado. Tambi\u00e9n puedes utilizar la etiqueta autoadhesiva incluida para direccionar.<\/p>","protected":false},"excerpt":{"rendered":"<p>Van deze feestelijke verjaardagstaart word je niet dik maar wel heel blij! \ud83d\ude00 De voorkant is sprankelend rood met een door de laser uitgesneden illustratie. Als je de kaart opent ontpopt zich een prachtige taart met sterren en lekkernijen. Door de champagnefles met glazen is deze kaart ook een leuke verjaardagskaart voor volwassenen. Ook die [&hellip;]<\/p>\n","protected":false},"featured_media":64649,"comment_status":"open","ping_status":"closed","template":"","meta":{"_iconic_wsb_product_page_order_bump_ids":[[]],"_sku":["8785253683195"],"_iconic_wsb_product_page_bump_modal_ids":[[]]},"product_brand":[],"product_cat":[34],"product_tag":[246],"class_list":{"0":"post-65074","1":"product","2":"type-product","3":"status-publish","4":"has-post-thumbnail","6":"product_cat-felicitatie-verjaardag-verjaardagskaarten","7":"product_tag-taart","9":"first","10":"instock","11":"taxable","12":"shipping-taxable","13":"purchasable","14":"product-type-simple"},"gallery_images":[65076,70059],"_links":{"self":[{"href":"https:\/\/popcards.nl\/es\/wp-json\/wp\/v2\/product\/65074","targetHints":{"allow":["GET"]}}],"collection":[{"href":"https:\/\/popcards.nl\/es\/wp-json\/wp\/v2\/product"}],"about":[{"href":"https:\/\/popcards.nl\/es\/wp-json\/wp\/v2\/types\/product"}],"replies":[{"embeddable":true,"href":"https:\/\/popcards.nl\/es\/wp-json\/wp\/v2\/comments?post=65074"}],"wp:featuredmedia":[{"embeddable":true,"href":"https:\/\/popcards.nl\/es\/wp-json\/wp\/v2\/media\/64649"}],"wp:attachment":[{"href":"https:\/\/popcards.nl\/es\/wp-json\/wp\/v2\/media?parent=65074"}],"wp:term":[{"taxonomy":"product_brand","embeddable":true,"href":"https:\/\/popcards.nl\/es\/wp-json\/wp\/v2\/product_brand?post=65074"},{"taxonomy":"product_cat","embeddable":true,"href":"https:\/\/popcards.nl\/es\/wp-json\/wp\/v2\/product_cat?post=65074"},{"taxonomy":"product_tag","embeddable":true,"href":"https:\/\/popcards.nl\/es\/wp-json\/wp\/v2\/product_tag?post=65074"}],"curies":[{"name":"gracias","href":"https:\/\/api.w.org\/{rel}","templated":true}]}}