{"id":65523,"date":"2023-12-14T22:44:56","date_gmt":"2023-12-14T21:44:56","guid":{"rendered":"https:\/\/popcards.nl\/?post_type=product&#038;p=65523"},"modified":"2026-05-05T21:45:54","modified_gmt":"2026-05-05T19:45:54","slug":"arbol-corazones-dia-de-san-valentin-amor-tarjeta-emergente","status":"publish","type":"product","link":"https:\/\/popcards.nl\/es\/product\/boom-hartjes-valentijnsdag-liefde-pop-up-kaart\/","title":{"rendered":"\u00c1rbol rom\u00e1ntico lleno de corazones | Tarjeta emergente Amor de compromiso del d\u00eda de San Valent\u00edn"},"content":{"rendered":"<p>Gran tarjeta desplegable de lujo con un \u00e1rbol bellamente tallado lleno de corazones rosas. Debajo, una pareja \u00edntima de hombre y mujer. \u00bfEnamorado, comprometido, casado? El romance est\u00e1 plenamente presente en esta tarjeta de felicitaci\u00f3n Popcard. Se adjunta una tarjeta separada en la que puedes escribir un mensaje de amor para el afortunado destinatario. El frente es de un rom\u00e1ntico color rosa con una preciosa composici\u00f3n de corazones, que juntos forman un coraz\u00f3n. Esta hermosa tarjeta 3D es perfecta como tarjeta del D\u00eda de San Valent\u00edn para tu San Valent\u00edn o como tarjeta de compromiso o tarjeta de boda. O simplemente as\u00ed, porque \u00bfqu\u00e9 mejor que una tarjeta de amor inesperada?<\/p>\n<p><strong>\u00bfPor qu\u00e9 el coraz\u00f3n es un s\u00edmbolo de amor?<\/strong><br \/>\nEso tiene que ver con la ignorancia de nuestros antepasados. Antiguamente se pensaba que las emociones nac\u00edan del coraz\u00f3n. Tu coraz\u00f3n late m\u00e1s r\u00e1pido o m\u00e1s lento, dependiendo de las sensaciones que tengas. Cuando te excitas o te pones nervioso, tu coraz\u00f3n late m\u00e1s r\u00e1pido y cuando te calmas, vuelve a ralentizarse. Se cree que es por eso que nuestros corazones se hicieron populares como s\u00edmbolo del amor.<br \/>\nAhora sabemos que nuestras hormonas desempe\u00f1an el papel m\u00e1s importante a la hora de generar un sentimiento de amor. Sin embargo, es l\u00f3gico que no hayamos ajustado el s\u00edmbolo del coraz\u00f3n, porque el proceso f\u00edsico-qu\u00edmico del amor no es f\u00e1cil de representar y expresar. \u201cLa feniletilamina en mi cuerpo env\u00eda una inyecci\u00f3n de dopamina a mi cerebro cuando te veo\u201d no es realmente una forma rom\u00e1ntica de expresar tu amor por alguien. &quot;Te doy mi coraz\u00f3n&quot; suena entonces mucho m\u00e1s po\u00e9tico.<\/p>\n<p>Tarjeta grande tama\u00f1o 30\u00d720 cm, plegada a 15\u00d720 cm. Peso 60 gramos.<br \/>\nIncluye sobre dorado a juego, empacado en una bolsa de celof\u00e1n.<br \/>\n<strong>Tambi\u00e9n disponible en grandes cantidades para usar como tarjeta de boda.<\/strong><\/p>","protected":false},"excerpt":{"rendered":"<p>Grote luxe pop-up kaart met prachtig uitgesneden boom vol roze hartjes. Daaronder een intiem koppel man-vrouw. Verliefd, verloofd, getrouwd? De romantiek is volop aanwezig in deze Popcard wenskaart. Bijgevoegd is een apart kaartje, waarop je een liefdesboodschap kunt schrijven voor de gelukkige ontvanger. De voorkant is romantisch roze met een fraaie compositie van hartjes, die [&hellip;]<\/p>\n","protected":false},"featured_media":63584,"comment_status":"open","ping_status":"closed","template":"","meta":{"_iconic_wsb_product_page_order_bump_ids":[[]],"_sku":["8785253684345"],"_iconic_wsb_product_page_bump_modal_ids":[[]]},"product_brand":[],"product_cat":[27,28],"product_tag":[94,56,83],"class_list":{"0":"post-65523","1":"product","2":"type-product","3":"status-publish","4":"has-post-thumbnail","6":"product_cat-liefde-liefdeskaarten-valentijnskaarten","7":"product_cat-trouwen-samenwonen-trouwkaarten","8":"product_tag-huwelijk","9":"product_tag-love","10":"product_tag-valentijn","12":"first","13":"instock","14":"taxable","15":"shipping-taxable","16":"purchasable","17":"product-type-simple"},"gallery_images":[63585,63583,86454],"_links":{"self":[{"href":"https:\/\/popcards.nl\/es\/wp-json\/wp\/v2\/product\/65523","targetHints":{"allow":["GET"]}}],"collection":[{"href":"https:\/\/popcards.nl\/es\/wp-json\/wp\/v2\/product"}],"about":[{"href":"https:\/\/popcards.nl\/es\/wp-json\/wp\/v2\/types\/product"}],"replies":[{"embeddable":true,"href":"https:\/\/popcards.nl\/es\/wp-json\/wp\/v2\/comments?post=65523"}],"wp:featuredmedia":[{"embeddable":true,"href":"https:\/\/popcards.nl\/es\/wp-json\/wp\/v2\/media\/63584"}],"wp:attachment":[{"href":"https:\/\/popcards.nl\/es\/wp-json\/wp\/v2\/media?parent=65523"}],"wp:term":[{"taxonomy":"product_brand","embeddable":true,"href":"https:\/\/popcards.nl\/es\/wp-json\/wp\/v2\/product_brand?post=65523"},{"taxonomy":"product_cat","embeddable":true,"href":"https:\/\/popcards.nl\/es\/wp-json\/wp\/v2\/product_cat?post=65523"},{"taxonomy":"product_tag","embeddable":true,"href":"https:\/\/popcards.nl\/es\/wp-json\/wp\/v2\/product_tag?post=65523"}],"curies":[{"name":"gracias","href":"https:\/\/api.w.org\/{rel}","templated":true}]}}