{"id":65528,"date":"2023-12-14T23:02:59","date_gmt":"2023-12-14T22:02:59","guid":{"rendered":"https:\/\/popcards.nl\/?post_type=product&#038;p=65528"},"modified":"2026-04-03T14:55:05","modified_gmt":"2026-04-03T12:55:05","slug":"tarjeta-desplegable-con-pajaros-azules-en-el-nido-enamorados","status":"publish","type":"product","link":"https:\/\/popcards.nl\/es\/product\/verliefde-bluebird-vogels-in-nest-pop-up-kaart\/","title":{"rendered":"Tarjeta desplegable 2 p\u00e1jaros azules enamorados en el nido de p\u00e1jaro"},"content":{"rendered":"<p>Preciosa esta gran tarjeta de felicitaci\u00f3n rom\u00e1ntica con 2 simp\u00e1ticos p\u00e1jaros azules (nombre cient\u00edfico <a href=\"https:\/\/en.wikipedia.org\/wiki\/Bluebird\" target=\"_blank\" rel=\"noopener\">Azulejo<\/a>) en el nido de un p\u00e1jaro. Est\u00e1 claro que estos 2 \u201ct\u00f3rtolos\u201d se aman y disfrutan de estar juntos. Un p\u00e1jaro incluso cierra los ojos de placer. Las ramitas con yemas de hojas en forma de coraz\u00f3n las rodean sutilmente. Toda la escena est\u00e1 sobre un hermoso fondo lleno de flores. Un pop-up original lleno de bonitos colores para proclamar el amor. Por ejemplo, para su compromiso, como tarjeta de boda o como tarjeta de San Valent\u00edn. \u00a1O cuando os mud\u00e1is juntos! El frente es de color verde suave con una ilustraci\u00f3n de los 2 p\u00e1jaros. Al abrir la tarjeta, una escena colorida irradia verdadero amor y ternura. Con tarjeta separada para su texto personal.<\/p>\n<p>Tama\u00f1o de tarjeta grande de 30 \u00d7 20 cm, plegado a 15 \u00d7 20 cm.<br \/>\nIncluye bonito sobre dorado a juego, embalado en una bolsa de celof\u00e1n.<\/p>","protected":false},"excerpt":{"rendered":"<p>Schitterend, deze grote romantische wenskaart met 2 schattige bluebirds (Wetenschappelijke naam Sialia) in een vogelnest. Het is wel duidelijk dat deze 2 &#8220;tortelduifjes&#8221; elkaar lief vinden en het fijn vinden samen. E\u00e9n vogeltje heeft zelfs de oogjes dicht van genot. De takjes met bladknoppen in de vorm van een hart omringen hun subtiel. Het hele [&hellip;]<\/p>\n","protected":false},"featured_media":63501,"comment_status":"open","ping_status":"closed","template":"","meta":{"_iconic_wsb_product_page_order_bump_ids":[[]],"_sku":["8785253684499"],"_iconic_wsb_product_page_bump_modal_ids":[[]]},"product_brand":[],"product_cat":[21,27,32],"product_tag":[132,83,257,142],"class_list":{"0":"post-65528","1":"product","2":"type-product","3":"status-publish","4":"has-post-thumbnail","6":"product_cat-dieren-dierenkaarten-wenskaarten","7":"product_cat-liefde-liefdeskaarten-valentijnskaarten","8":"product_cat-nieuwe-woning-verhuizing-verhuiskaart","9":"product_tag-dier","10":"product_tag-valentijn","11":"product_tag-verhuiskaart","12":"product_tag-vogel","14":"first","15":"instock","16":"taxable","17":"shipping-taxable","18":"purchasable","19":"product-type-simple"},"gallery_images":[85987],"_links":{"self":[{"href":"https:\/\/popcards.nl\/es\/wp-json\/wp\/v2\/product\/65528","targetHints":{"allow":["GET"]}}],"collection":[{"href":"https:\/\/popcards.nl\/es\/wp-json\/wp\/v2\/product"}],"about":[{"href":"https:\/\/popcards.nl\/es\/wp-json\/wp\/v2\/types\/product"}],"replies":[{"embeddable":true,"href":"https:\/\/popcards.nl\/es\/wp-json\/wp\/v2\/comments?post=65528"}],"wp:featuredmedia":[{"embeddable":true,"href":"https:\/\/popcards.nl\/es\/wp-json\/wp\/v2\/media\/63501"}],"wp:attachment":[{"href":"https:\/\/popcards.nl\/es\/wp-json\/wp\/v2\/media?parent=65528"}],"wp:term":[{"taxonomy":"product_brand","embeddable":true,"href":"https:\/\/popcards.nl\/es\/wp-json\/wp\/v2\/product_brand?post=65528"},{"taxonomy":"product_cat","embeddable":true,"href":"https:\/\/popcards.nl\/es\/wp-json\/wp\/v2\/product_cat?post=65528"},{"taxonomy":"product_tag","embeddable":true,"href":"https:\/\/popcards.nl\/es\/wp-json\/wp\/v2\/product_tag?post=65528"}],"curies":[{"name":"gracias","href":"https:\/\/api.w.org\/{rel}","templated":true}]}}