{"id":65733,"date":"2023-12-18T16:15:45","date_gmt":"2023-12-18T15:15:45","guid":{"rendered":"https:\/\/popcards.nl\/?post_type=product&#038;p=65733"},"modified":"2026-04-29T18:56:29","modified_gmt":"2026-04-29T16:56:29","slug":"tarjeta-emergente-alegre-bicicleta-flores-perro-gato","status":"publish","type":"product","link":"https:\/\/popcards.nl\/es\/product\/vrolijke-fiets-bloemen-hond-poes-pop-up-kaart\/","title":{"rendered":"\u00a1Guau! Bicicleta alegre llena de flores, con tarjeta desplegable de perro y gato"},"content":{"rendered":"<p>\u00a1Qu\u00e9 esplendor de flores! Mires donde mires, ver\u00e1s hermosas flores por todos lados, en todos los colores y dise\u00f1os. Una florister\u00eda m\u00f3vil, con un gato y un perro como divertidos compa\u00f1eros.<\/p>\n<p>Esta tarjeta es adecuada para todas las ocasiones, desde cumplea\u00f1os hasta agradecimientos, el D\u00eda de la Madre y m\u00e1s. A los ni\u00f1os tambi\u00e9n les gusta esta tarjeta por el gato y el perro. Con sus colores vibrantes y muchos detalles, esta tarjeta es un regalo que seguramente impresionar\u00e1. Lo que hace especial a esta tarjeta es la gran cantidad de flores que contiene. \u00a1Tambi\u00e9n nos sorprende que pueda haber tantas flores en una sola ventana emergente! La bicicleta de flores recorre un camino rural r\u00fastico, rodeado por un prado florido. El hermoso frente rosa contiene una ilustraci\u00f3n pegada. Eso da un efecto especial.<a href=\"https:\/\/popcards.nl\/es\/categoria\/flores-tarjetas-de-felicitacion\/\"> Popcards.nl tiene tarjetas de flores a\u00fan m\u00e1s hermosas.<\/a><\/p>\n<p>Tama\u00f1o de la tarjeta 30 \u00d7 15 cm, plegada a 15 \u00d7 15 cm.<br \/>\nIncluye sobre a juego, empaquetado en una bolsa de celof\u00e1n.<\/p>","protected":false},"excerpt":{"rendered":"<p>Wat een bloemenpracht! Waar je ook kijkt, je ziet overal prachtige bloemen, in alle kleuren en modellen. Een rijdende bloemenwinkel, met een poes en een hond als grappige begeleiders. Deze kaart is geschikt voor alle gelegenheden, van verjaardagen tot bedankjes, voor Moederdag en meer. Ook kinderen vinden deze kaart leuk door de kat en het [&hellip;]<\/p>\n","protected":false},"featured_media":65728,"comment_status":"open","ping_status":"closed","template":"","meta":{"_iconic_wsb_product_page_order_bump_ids":[[]],"_sku":["8785253684857"],"_iconic_wsb_product_page_bump_modal_ids":[[]]},"product_brand":[],"product_cat":[21,78,47,34],"product_tag":[48,135,35],"class_list":{"0":"post-65733","1":"product","2":"type-product","3":"status-publish","4":"has-post-thumbnail","6":"product_cat-dieren-dierenkaarten-wenskaarten","7":"product_cat-beterschapskaarten-troostkaarten-condoleancekaarten","8":"product_cat-bloemen-bloemenkaarten-wenskaarten","9":"product_cat-felicitatie-verjaardag-verjaardagskaarten","10":"product_tag-bloemen","11":"product_tag-hond","12":"product_tag-kat","14":"first","15":"instock","16":"taxable","17":"shipping-taxable","18":"purchasable","19":"product-type-simple"},"gallery_images":[86389,65729,65731,65732,65730],"_links":{"self":[{"href":"https:\/\/popcards.nl\/es\/wp-json\/wp\/v2\/product\/65733","targetHints":{"allow":["GET"]}}],"collection":[{"href":"https:\/\/popcards.nl\/es\/wp-json\/wp\/v2\/product"}],"about":[{"href":"https:\/\/popcards.nl\/es\/wp-json\/wp\/v2\/types\/product"}],"replies":[{"embeddable":true,"href":"https:\/\/popcards.nl\/es\/wp-json\/wp\/v2\/comments?post=65733"}],"wp:featuredmedia":[{"embeddable":true,"href":"https:\/\/popcards.nl\/es\/wp-json\/wp\/v2\/media\/65728"}],"wp:attachment":[{"href":"https:\/\/popcards.nl\/es\/wp-json\/wp\/v2\/media?parent=65733"}],"wp:term":[{"taxonomy":"product_brand","embeddable":true,"href":"https:\/\/popcards.nl\/es\/wp-json\/wp\/v2\/product_brand?post=65733"},{"taxonomy":"product_cat","embeddable":true,"href":"https:\/\/popcards.nl\/es\/wp-json\/wp\/v2\/product_cat?post=65733"},{"taxonomy":"product_tag","embeddable":true,"href":"https:\/\/popcards.nl\/es\/wp-json\/wp\/v2\/product_tag?post=65733"}],"curies":[{"name":"gracias","href":"https:\/\/api.w.org\/{rel}","templated":true}]}}