{"id":68397,"date":"2024-02-19T16:25:32","date_gmt":"2024-02-19T15:25:32","guid":{"rendered":"https:\/\/popcards.nl\/?post_type=product&#038;p=68397"},"modified":"2026-04-20T17:50:05","modified_gmt":"2026-04-20T15:50:05","slug":"flores-sakura-delft-azul-florero-tarjeta-emergente","status":"publish","type":"product","link":"https:\/\/popcards.nl\/es\/product\/bloemen-sakura-delfts-blauw-vaas-pop-up-kaart\/","title":{"rendered":"Hermosas flores rosadas Sakura florecen en un jarr\u00f3n azul de Delft"},"content":{"rendered":"<p>Esta singular tarjeta desplegable de flores es diferente a nuestras Popcards habituales y bastante sorprendente. Presenta un jarr\u00f3n tridimensional, independiente y brillante en azul Delft con motivos orientales impresos en relieve, que contiene un impresionante ramo de flores de gran tama\u00f1o. El ramo, adem\u00e1s, es totalmente tridimensional, lo que permite verlo desde todos los \u00e1ngulos. Esto crea un efecto impactante, y el destinatario quedar\u00e1 asombrado de que un ramo tan grande y redondo quepa en un sobre plano. El destinatario puede desplegar el ramo f\u00e1cilmente presionando los laterales. Una vez desplegada, la tarjeta se mantiene completamente libre, resistente y de pie.<\/p>\n<p>Se adjunta una tarjeta separada en la que puede escribir un mensaje para el afortunado destinatario. Y un elegante sobre de regalo transparente con \u201cBest Wishes\u201d y una rosa impresa en dorado. Un bonito y completo regalo para regalar. \u00a1Dilo con flores! <a href=\"https:\/\/popcards.nl\/es\/categoria\/flores-tarjetas-de-felicitacion\/\">Tenemos muchas m\u00e1s tarjetas emergentes de flores.<\/a><\/p>\n<p><strong>Tama\u00f1o de tarjeta grande<\/strong>, plano 21 x 20 cm, di\u00e1metro desplegado 15 cm, 63 gramos. Incluye sobre a juego. Empaquetado en bolsa de celof\u00e1n.<\/p>","protected":false},"excerpt":{"rendered":"<p>Deze bijzondere pop-up bloemenkaart is anders uitgevoerd dan onze gebruikelijke Popcards, en heel verrassend. Deze pop-up kaart bestaat uit een driedimensionale vrijstaande glanzende Delfts blauwe vaas met in reli\u00ebf oosterse motieven, waarin een imponerende grote bos bloesem staat. Ook het boeket bloesem is volledig driedimensionaal, je kunt er rondom van alle kanten naar kijken. Dat [&hellip;]<\/p>\n","protected":false},"featured_media":68356,"comment_status":"open","ping_status":"closed","template":"","meta":{"_iconic_wsb_product_page_order_bump_ids":[[]],"_sku":["8785253684574"],"_iconic_wsb_product_page_bump_modal_ids":[[]]},"product_brand":[],"product_cat":[47],"product_tag":[287,238],"class_list":{"0":"post-68397","1":"product","2":"type-product","3":"status-publish","4":"has-post-thumbnail","6":"product_cat-bloemen-bloemenkaarten-wenskaarten","7":"product_tag-grote-pop-up-kaart","8":"product_tag-sakura","10":"first","11":"instock","12":"taxable","13":"shipping-taxable","14":"purchasable","15":"product-type-simple"},"gallery_images":[],"_links":{"self":[{"href":"https:\/\/popcards.nl\/es\/wp-json\/wp\/v2\/product\/68397","targetHints":{"allow":["GET"]}}],"collection":[{"href":"https:\/\/popcards.nl\/es\/wp-json\/wp\/v2\/product"}],"about":[{"href":"https:\/\/popcards.nl\/es\/wp-json\/wp\/v2\/types\/product"}],"replies":[{"embeddable":true,"href":"https:\/\/popcards.nl\/es\/wp-json\/wp\/v2\/comments?post=68397"}],"wp:featuredmedia":[{"embeddable":true,"href":"https:\/\/popcards.nl\/es\/wp-json\/wp\/v2\/media\/68356"}],"wp:attachment":[{"href":"https:\/\/popcards.nl\/es\/wp-json\/wp\/v2\/media?parent=68397"}],"wp:term":[{"taxonomy":"product_brand","embeddable":true,"href":"https:\/\/popcards.nl\/es\/wp-json\/wp\/v2\/product_brand?post=68397"},{"taxonomy":"product_cat","embeddable":true,"href":"https:\/\/popcards.nl\/es\/wp-json\/wp\/v2\/product_cat?post=68397"},{"taxonomy":"product_tag","embeddable":true,"href":"https:\/\/popcards.nl\/es\/wp-json\/wp\/v2\/product_tag?post=68397"}],"curies":[{"name":"gracias","href":"https:\/\/api.w.org\/{rel}","templated":true}]}}