{"id":72505,"date":"2024-05-27T22:04:28","date_gmt":"2024-05-27T20:04:28","guid":{"rendered":"https:\/\/popcards.nl\/?post_type=product&#038;p=72505"},"modified":"2026-04-09T14:25:44","modified_gmt":"2026-04-09T12:25:44","slug":"puesto-de-flores-alegre-floristeria-tarjeta-emergente","status":"publish","type":"product","link":"https:\/\/popcards.nl\/es\/product\/bloemenkraampje-vrolijke-bloemist-pop-up-kaart\/","title":{"rendered":"Hermoso puesto de flores con alegre tarjeta emergente de florister\u00eda"},"content":{"rendered":"<p><span style=\"font-weight: 400;\"><span data-mce-type=\"bookmark\" style=\"display: inline-block; width: 0px; overflow: hidden; line-height: 0;\" class=\"mce_SELRES_start\"><\/span>\u00a1Qu\u00e9 hermosa tarjeta desplegable en 3D de un puesto de flores! \u00bfNo te apetece comprar flores en esta alegre florister\u00eda y florister\u00eda? En la parte delantera lleva estampada en tonos suaves una preciosa ilustraci\u00f3n de un quiosco de flores. La ventana emergente del hermoso carrito de flores muestra una asombrosa cantidad de flores de muchas variedades. Detr\u00e1s de este bonito quiosco de flores emergente se alza tambi\u00e9n un colorido borde floral. Adem\u00e1s, el interior est\u00e1 impreso con diferentes tipos de plantas y flores de colores. Esta tarjeta de felicitaci\u00f3n muestra un esplendor floral total para el verdadero amante de la naturaleza y la belleza floral. <a href=\"https:\/\/popcards.nl\/es\/categoria\/flores-tarjetas-de-felicitacion\/\">Adem\u00e1s de este establo de flores, Popcards tambi\u00e9n tiene muchas tarjetas de flores.<\/a><\/span><\/p>\n<p><span style=\"font-weight: 400;\">Tama\u00f1o de la tarjeta 30 \u00d7 20 cm, plegada a 15 \u00d7 20 cm.<\/span><span style=\"font-weight: 400;\"><br \/>\n<\/span><span style=\"font-weight: 400;\">Incluye sobre a juego, empaquetado en una bolsa de celof\u00e1n.<\/span><\/p>","protected":false},"excerpt":{"rendered":"<p>\ufeffWat een prachtige 3D pop-up kaart van een bloemenkraam is dit! Krijg je geen zin om een bloemetje te kopen van deze vrolijke bloemist met bloemenwinkel? Op de voorkant is een mooie illustratie van een bloemenkiosk in zachte tinten gedrukt. De pop-up van de fraaie bloemenkar toont een verbazingwekkende hoeveelheid bloemen in vele soorten. Achter [&hellip;]<\/p>\n","protected":false},"featured_media":72508,"comment_status":"open","ping_status":"closed","template":"","meta":{"_iconic_wsb_product_page_order_bump_ids":[[]],"_sku":["8785253684529"],"_iconic_wsb_product_page_bump_modal_ids":[[]]},"product_brand":[],"product_cat":[47,78,57],"product_tag":[48],"class_list":{"0":"post-72505","1":"product","2":"type-product","3":"status-publish","4":"has-post-thumbnail","6":"product_cat-bloemen-bloemenkaarten-wenskaarten","7":"product_cat-beterschapskaarten-troostkaarten-condoleancekaarten","8":"product_cat-uitnodigingen-uitnodigingskaarten-verjaardag-jubileum","9":"product_tag-bloemen","11":"first","12":"instock","13":"sale","14":"taxable","15":"shipping-taxable","16":"purchasable","17":"product-type-simple"},"gallery_images":[72386,72385,87749],"_links":{"self":[{"href":"https:\/\/popcards.nl\/es\/wp-json\/wp\/v2\/product\/72505","targetHints":{"allow":["GET"]}}],"collection":[{"href":"https:\/\/popcards.nl\/es\/wp-json\/wp\/v2\/product"}],"about":[{"href":"https:\/\/popcards.nl\/es\/wp-json\/wp\/v2\/types\/product"}],"replies":[{"embeddable":true,"href":"https:\/\/popcards.nl\/es\/wp-json\/wp\/v2\/comments?post=72505"}],"wp:featuredmedia":[{"embeddable":true,"href":"https:\/\/popcards.nl\/es\/wp-json\/wp\/v2\/media\/72508"}],"wp:attachment":[{"href":"https:\/\/popcards.nl\/es\/wp-json\/wp\/v2\/media?parent=72505"}],"wp:term":[{"taxonomy":"product_brand","embeddable":true,"href":"https:\/\/popcards.nl\/es\/wp-json\/wp\/v2\/product_brand?post=72505"},{"taxonomy":"product_cat","embeddable":true,"href":"https:\/\/popcards.nl\/es\/wp-json\/wp\/v2\/product_cat?post=72505"},{"taxonomy":"product_tag","embeddable":true,"href":"https:\/\/popcards.nl\/es\/wp-json\/wp\/v2\/product_tag?post=72505"}],"curies":[{"name":"gracias","href":"https:\/\/api.w.org\/{rel}","templated":true}]}}