{"id":72977,"date":"2024-06-06T13:36:22","date_gmt":"2024-06-06T11:36:22","guid":{"rendered":"https:\/\/popcards.nl\/?post_type=product&#038;p=72977"},"modified":"2026-04-28T18:13:59","modified_gmt":"2026-04-28T16:13:59","slug":"tarjeta-de-felicitacion-emergente-con-2-gatos-dulces","status":"publish","type":"product","link":"https:\/\/popcards.nl\/es\/product\/2-lieve-poezen-wenskaart-pop-up-wenskaart\/","title":{"rendered":"2 gatos de abrazo dulces agradables tarjeta de felicitaci\u00f3n | tarjeta emergente"},"content":{"rendered":"<p><span style=\"font-weight: 400;\">\u00a1Qu\u00e9 bonita y dulce tarjeta desplegable de 2 gatos! Miau Miau, te amo. Y t\u00fa de mi parte, eso me hace feliz... Estos simp\u00e1ticos gatos dom\u00e9sticos se llevan bien juntos. Los escuchas ronronear de placer en tu mente. No tienen una casa grande, joyas, un buen auto u otras cosas mundanas. Pero estos gatitos se tienen unos a otros y eso es m\u00e1s que suficiente.<\/span><\/p>\n<p><span style=\"font-weight: 400;\">El frente presenta una dulce ilustraci\u00f3n de 2 gatos, primero impresa, grabada con l\u00e1ser y luego pegada sobre el fondo amarillo mate. Eso da un bonito efecto. Al abrir la tarjeta, aparecen los mismos gatitos, pero tridimensionalmente como una ventana emergente. Est\u00e1n sentados sobre una alfombra y est\u00e1n rodeados de corazones rojos. Con esta tarjeta transmites tu dulce mensaje de forma muy clara. Y para los amantes de los gatos esta tambi\u00e9n es una tarjeta de felicitaci\u00f3n muy especial.<\/span><\/p>\n<p><span style=\"font-weight: 400;\">Tama\u00f1o de tarjeta 24 \u00d7 17 cm, plegado a 12 \u00d7 17 cm.<\/span><span style=\"font-weight: 400;\"><br \/>\n<\/span><span style=\"font-weight: 400;\">Incluye sobre a juego, empaquetado en una bolsa de celof\u00e1n.<\/span><\/p>","protected":false},"excerpt":{"rendered":"<p>Wat een leuke en lieve pop-up kaart van 2 poezen! Miauw Miauw, Ik hou van jou. En jij van mij, dat maakt me blij\u2026 Deze gezellige huiskatten hebben het goed samen. Je hoort ze in gedachten spinnen van genot. Ze hebben geen groot huis, sieraden, een mooie auto of andere wereldse zaken. Maar deze kittens [&hellip;]<\/p>\n","protected":false},"featured_media":72389,"comment_status":"open","ping_status":"closed","template":"","meta":{"_iconic_wsb_product_page_order_bump_ids":[[]],"_sku":["8785253685397"],"_iconic_wsb_product_page_bump_modal_ids":[[]]},"product_brand":[],"product_cat":[21,27,28],"product_tag":[35],"class_list":{"0":"post-72977","1":"product","2":"type-product","3":"status-publish","4":"has-post-thumbnail","6":"product_cat-dieren-dierenkaarten-wenskaarten","7":"product_cat-liefde-liefdeskaarten-valentijnskaarten","8":"product_cat-trouwen-samenwonen-trouwkaarten","9":"product_tag-kat","11":"first","12":"instock","13":"taxable","14":"shipping-taxable","15":"purchasable","16":"product-type-simple"},"gallery_images":[87754],"_links":{"self":[{"href":"https:\/\/popcards.nl\/es\/wp-json\/wp\/v2\/product\/72977","targetHints":{"allow":["GET"]}}],"collection":[{"href":"https:\/\/popcards.nl\/es\/wp-json\/wp\/v2\/product"}],"about":[{"href":"https:\/\/popcards.nl\/es\/wp-json\/wp\/v2\/types\/product"}],"replies":[{"embeddable":true,"href":"https:\/\/popcards.nl\/es\/wp-json\/wp\/v2\/comments?post=72977"}],"wp:featuredmedia":[{"embeddable":true,"href":"https:\/\/popcards.nl\/es\/wp-json\/wp\/v2\/media\/72389"}],"wp:attachment":[{"href":"https:\/\/popcards.nl\/es\/wp-json\/wp\/v2\/media?parent=72977"}],"wp:term":[{"taxonomy":"product_brand","embeddable":true,"href":"https:\/\/popcards.nl\/es\/wp-json\/wp\/v2\/product_brand?post=72977"},{"taxonomy":"product_cat","embeddable":true,"href":"https:\/\/popcards.nl\/es\/wp-json\/wp\/v2\/product_cat?post=72977"},{"taxonomy":"product_tag","embeddable":true,"href":"https:\/\/popcards.nl\/es\/wp-json\/wp\/v2\/product_tag?post=72977"}],"curies":[{"name":"gracias","href":"https:\/\/api.w.org\/{rel}","templated":true}]}}