{"id":73048,"date":"2024-06-07T23:06:37","date_gmt":"2024-06-07T21:06:37","guid":{"rendered":"https:\/\/popcards.nl\/?post_type=product&#038;p=73048"},"modified":"2025-08-09T09:15:33","modified_gmt":"2025-08-09T07:15:33","slug":"consola-de-juegos-de-computadora-consola-de-juegos-tarjeta-emergente-nintendo","status":"publish","type":"product","link":"https:\/\/popcards.nl\/es\/product\/spelcomputer-game-console-nintendo-wenskaart\/","title":{"rendered":"Juego de computadora Consola de juegos Consola de juegos Tarjeta emergente de Nintendo"},"content":{"rendered":"<p><em>\u00a1Juego terminado! Presione para intentarlo nuevamente.<\/em> Para todos los fan\u00e1ticos de los juegos de ordenador que no se cansan de jugar, hemos creado esta antigua tarjeta de felicitaci\u00f3n 3D de cart\u00f3n procedente de una consola de juegos. Para que sepan que adem\u00e1s de su mundo inform\u00e1tico, tambi\u00e9n existe un mundo tangible.\ud83d\ude09. Pueden tomar esta tarjeta emergente de una consola de juegos en sus manos, abrirla y cerrarla, olerla y colocarla en la chimenea. Una representaci\u00f3n tangible de su pasatiempo digital. Ideal como tarjeta de felicitaci\u00f3n grande para un profesional de TI, un entusiasta de la inform\u00e1tica, un accionista de Gamestop o como tarjeta de felicitaci\u00f3n para jugadores \u00e1vidos.<\/p>\n<p>Tama\u00f1o de tarjeta grande de 30 \u00d7 20 cm, plegado a 15 \u00d7 20 cm.<br \/>\nIncluye sobre a juego, empaquetado en una bolsa de celof\u00e1n.<\/p>","protected":false},"excerpt":{"rendered":"<p>Game over! Press to try again. Voor alle computerspel fanaten die er maar niet genoeg van krijgen, hebben we deze ouderwetse kartonnen 3D wenskaart gemaakt van een game console. Zodat ze weten dat er naast hun computerwereld ook nog een tastbare wereld bestaat.\ud83d\ude09. Deze pop-up kaart van een spelcomputer kunnen ze in hun handen nemen, [&hellip;]<\/p>\n","protected":false},"featured_media":72384,"comment_status":"open","ping_status":"closed","template":"","meta":{"_iconic_wsb_product_page_order_bump_ids":[[]],"_sku":["8785253683461"],"_iconic_wsb_product_page_bump_modal_ids":[[]]},"product_brand":[],"product_cat":[34],"product_tag":[285],"class_list":{"0":"post-73048","1":"product","2":"type-product","3":"status-publish","4":"has-post-thumbnail","6":"product_cat-felicitatie-verjaardag-verjaardagskaarten","7":"product_tag-humor","9":"first","10":"outofstock","11":"taxable","12":"shipping-taxable","13":"purchasable","14":"product-type-simple"},"gallery_images":[86450],"_links":{"self":[{"href":"https:\/\/popcards.nl\/es\/wp-json\/wp\/v2\/product\/73048","targetHints":{"allow":["GET"]}}],"collection":[{"href":"https:\/\/popcards.nl\/es\/wp-json\/wp\/v2\/product"}],"about":[{"href":"https:\/\/popcards.nl\/es\/wp-json\/wp\/v2\/types\/product"}],"replies":[{"embeddable":true,"href":"https:\/\/popcards.nl\/es\/wp-json\/wp\/v2\/comments?post=73048"}],"wp:featuredmedia":[{"embeddable":true,"href":"https:\/\/popcards.nl\/es\/wp-json\/wp\/v2\/media\/72384"}],"wp:attachment":[{"href":"https:\/\/popcards.nl\/es\/wp-json\/wp\/v2\/media?parent=73048"}],"wp:term":[{"taxonomy":"product_brand","embeddable":true,"href":"https:\/\/popcards.nl\/es\/wp-json\/wp\/v2\/product_brand?post=73048"},{"taxonomy":"product_cat","embeddable":true,"href":"https:\/\/popcards.nl\/es\/wp-json\/wp\/v2\/product_cat?post=73048"},{"taxonomy":"product_tag","embeddable":true,"href":"https:\/\/popcards.nl\/es\/wp-json\/wp\/v2\/product_tag?post=73048"}],"curies":[{"name":"gracias","href":"https:\/\/api.w.org\/{rel}","templated":true}]}}