{"id":74882,"date":"2024-07-20T12:51:57","date_gmt":"2024-07-20T10:51:57","guid":{"rendered":"https:\/\/popcards.nl\/?post_type=product&#038;p=74882"},"modified":"2025-12-25T10:32:51","modified_gmt":"2025-12-25T09:32:51","slug":"pop-up-tarjeta-navidena-casa-papa-noel-reno-amarillo","status":"publish","type":"product","link":"https:\/\/popcards.nl\/es\/product\/pop-up-kerstkaart-huis-kerstman-rendieren-geel\/","title":{"rendered":"Tarjeta navide\u00f1a amarilla con casa pop-up, Pap\u00e1 Noel y renos"},"content":{"rendered":"<p>El bonito color amarillo del frente se refleja en el interior (el borde decorativo y las estrellas). Tarjeta de feliz Navidad con Santa Claus y trineo. Un c\u00e1lido saludo de Navidad y A\u00f1o Nuevo en el frente. En el interior de la tarjeta hay una casa pop-up completa de colores rom\u00e1nticos en una escena invernal con nieve y \u00e1rboles de Navidad. Pap\u00e1 Noel est\u00e1 estacionado en el techo con una bolsa llena de regalos. As\u00ed comienza una feliz y c\u00e1lida Navidad. Una rom\u00e1ntica tarjeta navide\u00f1a que el destinatario conservar\u00e1 durante a\u00f1os y volver\u00e1 a exhibir cada Navidad. Tambi\u00e9n disponible en mayores cantidades. <a href=\"https:\/\/popcards.nl\/es\/categoria\/las-10-tarjetas-navidenas-mas-bonitas\/\">Popcards tiene muchas m\u00e1s divertidas tarjetas navide\u00f1as emergentes.<\/a><\/p>\n<p><a href=\"https:\/\/popcards.nl\/es\/product\/tarjeta-navidena-emergente-casa-santa-reno\/\">Esta tarjeta emergente tambi\u00e9n est\u00e1 disponible en rojo.<\/a><\/p>\n<p>Tama\u00f1o de la tarjeta 30 \u00d7 15 cm, plegada a 15 \u00d7 15 cm.<br \/>\nIncluye sobre a juego, empaquetado en una bolsa de celof\u00e1n.<\/p>\n<h5><\/h5>","protected":false},"excerpt":{"rendered":"<p>De fraaie gele kleur van de voorzijde komt terug aan de binnenzijde (de sierrand en de sterren). Vrolijke kerstkaart met Kerstman en slee. Op de voorkant een warme Kerst- en Nieuwjaarswens. Binnen in de kaart een compleet, romantisch gekleurd pop-up huisje in winters tafereel met sneeuw en kerstbomen. De kerstman is op het dak geparkeerd [&hellip;]<\/p>\n","protected":false},"featured_media":32993,"comment_status":"open","ping_status":"closed","template":"","meta":{"_iconic_wsb_product_page_order_bump_ids":[[]],"_sku":["8945005027879"],"_iconic_wsb_product_page_bump_modal_ids":[[]]},"product_brand":[],"product_cat":[79],"product_tag":[131],"class_list":{"0":"post-74882","1":"product","2":"type-product","3":"status-publish","4":"has-post-thumbnail","6":"product_cat-de-top-10-mooiste-kerstkaarten","7":"product_tag-kerst","9":"first","10":"outofstock","11":"sale","12":"taxable","13":"shipping-taxable","14":"purchasable","15":"product-type-simple"},"gallery_images":[75992],"_links":{"self":[{"href":"https:\/\/popcards.nl\/es\/wp-json\/wp\/v2\/product\/74882","targetHints":{"allow":["GET"]}}],"collection":[{"href":"https:\/\/popcards.nl\/es\/wp-json\/wp\/v2\/product"}],"about":[{"href":"https:\/\/popcards.nl\/es\/wp-json\/wp\/v2\/types\/product"}],"replies":[{"embeddable":true,"href":"https:\/\/popcards.nl\/es\/wp-json\/wp\/v2\/comments?post=74882"}],"wp:featuredmedia":[{"embeddable":true,"href":"https:\/\/popcards.nl\/es\/wp-json\/wp\/v2\/media\/32993"}],"wp:attachment":[{"href":"https:\/\/popcards.nl\/es\/wp-json\/wp\/v2\/media?parent=74882"}],"wp:term":[{"taxonomy":"product_brand","embeddable":true,"href":"https:\/\/popcards.nl\/es\/wp-json\/wp\/v2\/product_brand?post=74882"},{"taxonomy":"product_cat","embeddable":true,"href":"https:\/\/popcards.nl\/es\/wp-json\/wp\/v2\/product_cat?post=74882"},{"taxonomy":"product_tag","embeddable":true,"href":"https:\/\/popcards.nl\/es\/wp-json\/wp\/v2\/product_tag?post=74882"}],"curies":[{"name":"gracias","href":"https:\/\/api.w.org\/{rel}","templated":true}]}}