{"id":77642,"date":"2024-09-26T20:51:54","date_gmt":"2024-09-26T18:51:54","guid":{"rendered":"https:\/\/popcards.nl\/?post_type=product&#038;p=77642"},"modified":"2026-04-28T19:49:40","modified_gmt":"2026-04-28T17:49:40","slug":"tarjeta-de-navidad-3d-santa-claus-reno-presenta","status":"publish","type":"product","link":"https:\/\/popcards.nl\/es\/product\/3d-kerstkaart-kerstman-rendieren-cadeautjes\/","title":{"rendered":"Hermosa tarjeta de Navidad en 3D, Pap\u00e1 Noel con renos, regalos y nieve que cae sobre los \u00e1rboles de Navidad"},"content":{"rendered":"<p>Una bonita y divertida tarjeta pop-up para Navidad, en un bonito formato grande. La cubierta est\u00e1 hecha de cartulina brillante de color verde oscuro, en la que est\u00e1n recortados en plata la forma de un \u00e1rbol de Navidad estilizado y el texto &quot;Feliz Navidad&quot;. La ilustraci\u00f3n y el texto est\u00e1n pegados detr\u00e1s de la cartulina verde, lo que le da a la tarjeta un efecto especial. Dentro de la tarjeta aparece un gran pop-up de una escena navide\u00f1a completa con Pap\u00e1 Noel, \u00e1rboles de Navidad bellamente decorados, un mu\u00f1eco de nieve, renos y, por supuesto, un trineo con regalos de Navidad. La nieve parece caer m\u00e1gicamente del arco con copos de nieve. El fondo plateado brillante le da un hermoso efecto a la tarjeta. Una alegre tarjeta navide\u00f1a para grandes y peque\u00f1os.<\/p>\n<p><a href=\"https:\/\/popcards.nl\/es\/categoria\/las-10-tarjetas-navidenas-mas-bonitas\/\">Popcards tiene muchas m\u00e1s hermosas tarjetas de Navidad emergentes.<\/a><\/p>\n<p>Tarjeta grande tama\u00f1o 30\u00d720 cm, plegada a 15\u00d720 cm. Empaquetado en bolsa de celof\u00e1n. Con tarjeta separada para tu texto. Incluye sobre chic a juego en 2 tonos de azul, con cierre en forma de coraz\u00f3n. Puedes escribir muy bien en el sobre con un l\u00e1piz blanco o un bol\u00edgrafo de color dorado o plateado. Tambi\u00e9n puedes utilizar la etiqueta autoadhesiva incluida para direccionar.<\/p>","protected":false},"excerpt":{"rendered":"<p>Een schitterende \u00e9n leuke pop-up kaart voor de kerst, in mooi groot formaat. De omslag is van glinsterend diepgroen karton, waarin de vorm van een gestileerde kerstboom en de tekst \u201cMerry Christmas&#8221; in zilverkleur is uitgesneden. De illustratie en tekst zijn achter het groene karton geplakt, wat de kaart een bijzonder effect geeft. Binnen in [&hellip;]<\/p>\n","protected":false},"featured_media":78649,"comment_status":"open","ping_status":"closed","template":"","meta":{"_iconic_wsb_product_page_order_bump_ids":[[]],"_sku":["4805388548351"],"_iconic_wsb_product_page_bump_modal_ids":[[]]},"product_brand":[],"product_cat":[79],"product_tag":[131],"class_list":{"0":"post-77642","1":"product","2":"type-product","3":"status-publish","4":"has-post-thumbnail","6":"product_cat-de-top-10-mooiste-kerstkaarten","7":"product_tag-kerst","9":"first","10":"instock","11":"taxable","12":"shipping-taxable","13":"purchasable","14":"product-type-simple"},"gallery_images":[78622],"_links":{"self":[{"href":"https:\/\/popcards.nl\/es\/wp-json\/wp\/v2\/product\/77642","targetHints":{"allow":["GET"]}}],"collection":[{"href":"https:\/\/popcards.nl\/es\/wp-json\/wp\/v2\/product"}],"about":[{"href":"https:\/\/popcards.nl\/es\/wp-json\/wp\/v2\/types\/product"}],"replies":[{"embeddable":true,"href":"https:\/\/popcards.nl\/es\/wp-json\/wp\/v2\/comments?post=77642"}],"wp:featuredmedia":[{"embeddable":true,"href":"https:\/\/popcards.nl\/es\/wp-json\/wp\/v2\/media\/78649"}],"wp:attachment":[{"href":"https:\/\/popcards.nl\/es\/wp-json\/wp\/v2\/media?parent=77642"}],"wp:term":[{"taxonomy":"product_brand","embeddable":true,"href":"https:\/\/popcards.nl\/es\/wp-json\/wp\/v2\/product_brand?post=77642"},{"taxonomy":"product_cat","embeddable":true,"href":"https:\/\/popcards.nl\/es\/wp-json\/wp\/v2\/product_cat?post=77642"},{"taxonomy":"product_tag","embeddable":true,"href":"https:\/\/popcards.nl\/es\/wp-json\/wp\/v2\/product_tag?post=77642"}],"curies":[{"name":"gracias","href":"https:\/\/api.w.org\/{rel}","templated":true}]}}