{"id":78122,"date":"2024-10-07T21:12:34","date_gmt":"2024-10-07T19:12:34","guid":{"rendered":"https:\/\/popcards.nl\/?post_type=product&#038;p=78122"},"modified":"2026-04-08T20:13:41","modified_gmt":"2026-04-08T18:13:41","slug":"pastel-feliz-cumpleanos-pop-up-tarjeta-de-cumpleanos","status":"publish","type":"product","link":"https:\/\/popcards.nl\/es\/product\/taart-happy-birthday-pop-up-verjaardagskaart\/","title":{"rendered":"\u00a1Pastel! Tarjeta de cumplea\u00f1os emergente de feliz cumplea\u00f1os con pastel de cumplea\u00f1os colorido"},"content":{"rendered":"<p><span style=\"font-weight: 400;\">\u00a1Este pastel festivo no te har\u00e1 engordar, pero te har\u00e1 muy feliz! \ud83d\ude00<\/span><\/p>\n<p><span style=\"font-weight: 400;\">El frente de esta tarjeta emergente es de color rojo brillante con purpurina y tiene un texto plateado cortado con l\u00e1ser &quot;Feliz cumplea\u00f1os&quot;. Al abrir la tarjeta de felicitaci\u00f3n, se revela un bonito pastel con estrellas y golosinas. Tambi\u00e9n en el pastel est\u00e1 el texto \u201cFeliz cumplea\u00f1os\u201d, en colores acogedores. \u00a1A ni\u00f1os y adultos les encanta que los feliciten con esta divertida y colorida Popcard!\u00a0<\/span><\/p>\n<p><span style=\"font-weight: 400;\">Tama\u00f1o tarjeta 30\u00d715 cm, plegada a 15\u00d715 cm. Empaquetado en bolsa de celof\u00e1n.<\/span><span style=\"font-weight: 400;\"> Con tarjeta separada para tu texto. Incluye un elegante sobre color crema a juego con cierre en forma de coraz\u00f3n. <\/span><\/p>","protected":false},"excerpt":{"rendered":"<p>Van deze feestelijke taart word je niet dik, maar wel heel blij! \ud83d\ude00 De voorkant van deze pop-up kaart is sprankelend rood met glittertjes en met een door de laser uitgesneden opgeplakte\u00a0 zilveren tekst\u00a0 \u201cHappy Birthday\u201d. Als je de wenskaart opent ontpopt zich een prachtige taart met sterren en lekkernijen. Ook op de taart de [&hellip;]<\/p>\n","protected":false},"featured_media":78071,"comment_status":"open","ping_status":"closed","template":"","meta":{"_iconic_wsb_product_page_order_bump_ids":[[]],"_sku":["4805388548313"],"_iconic_wsb_product_page_bump_modal_ids":[[]]},"product_brand":[],"product_cat":[34],"product_tag":[246,137],"class_list":{"0":"post-78122","1":"product","2":"type-product","3":"status-publish","4":"has-post-thumbnail","6":"product_cat-felicitatie-verjaardag-verjaardagskaarten","7":"product_tag-taart","8":"product_tag-verjaardag","10":"first","11":"instock","12":"taxable","13":"shipping-taxable","14":"purchasable","15":"product-type-simple"},"gallery_images":[78070,86369],"_links":{"self":[{"href":"https:\/\/popcards.nl\/es\/wp-json\/wp\/v2\/product\/78122","targetHints":{"allow":["GET"]}}],"collection":[{"href":"https:\/\/popcards.nl\/es\/wp-json\/wp\/v2\/product"}],"about":[{"href":"https:\/\/popcards.nl\/es\/wp-json\/wp\/v2\/types\/product"}],"replies":[{"embeddable":true,"href":"https:\/\/popcards.nl\/es\/wp-json\/wp\/v2\/comments?post=78122"}],"wp:featuredmedia":[{"embeddable":true,"href":"https:\/\/popcards.nl\/es\/wp-json\/wp\/v2\/media\/78071"}],"wp:attachment":[{"href":"https:\/\/popcards.nl\/es\/wp-json\/wp\/v2\/media?parent=78122"}],"wp:term":[{"taxonomy":"product_brand","embeddable":true,"href":"https:\/\/popcards.nl\/es\/wp-json\/wp\/v2\/product_brand?post=78122"},{"taxonomy":"product_cat","embeddable":true,"href":"https:\/\/popcards.nl\/es\/wp-json\/wp\/v2\/product_cat?post=78122"},{"taxonomy":"product_tag","embeddable":true,"href":"https:\/\/popcards.nl\/es\/wp-json\/wp\/v2\/product_tag?post=78122"}],"curies":[{"name":"gracias","href":"https:\/\/api.w.org\/{rel}","templated":true}]}}