{"id":78124,"date":"2024-10-07T21:21:07","date_gmt":"2024-10-07T19:21:07","guid":{"rendered":"https:\/\/popcards.nl\/?post_type=product&#038;p=78124"},"modified":"2026-04-12T20:44:55","modified_gmt":"2026-04-12T18:44:55","slug":"hermosa-tarjeta-emergente-colibri-en-esplendor-floral","status":"publish","type":"product","link":"https:\/\/popcards.nl\/es\/product\/fraaie-pop-up-kaart-kolibrie-in-bloemenpracht\/","title":{"rendered":"Espectacular tarjeta desplegable con colibr\u00ed en esplendor floral"},"content":{"rendered":"<p>\u00a1Qu\u00e9 hermosa tarjeta emergente es esta! El peque\u00f1o colibr\u00ed colorido simboliza la vida y el optimismo. Y por la libertad, por una nueva etapa en tu vida. En esta Popcard se combina el colibr\u00ed con un bonito ramo de flores. Esta tarjeta emergente tiene un exterior plateado brillante que representa un colibr\u00ed brillante cortado con l\u00e1ser. A la tarjeta tambi\u00e9n se le ha pegado un colorido ramo cortado con l\u00e1ser. Esa combinaci\u00f3n da un efecto especial. Cuando abres la Popcard, un hermoso colibr\u00ed vuela desde la tarjeta hacia la libertad. Las 2 alas y el cuerpo est\u00e1n bellamente recortados de forma transparente. De la tarjeta tambi\u00e9n sale un colorido ramo. En ingl\u00e9s a esta ave tan especial se la conoce como colibr\u00ed.<\/p>\n<p>Se incluye una tarjeta separada para un texto adjunto sensible. Entonces no hace falta que describas esta hermosa Popcard.<\/p>\n<p>El colibr\u00ed es un ave elegante y hermosa de color met\u00e1lico brillante procedente de las regiones tropicales de Am\u00e9rica. La mayor\u00eda de las especies alcanzan una longitud de 7 a 13 cm, y el colibr\u00ed abeja es el ave m\u00e1s peque\u00f1a del mundo con 5 cent\u00edmetros de longitud y un peso de 1,5 gramos. Con su largo pico y lengua, vuelan estacionarias en el aire y extraen miel de los c\u00e1lices de las flores. Los colibr\u00edes son verdaderos acr\u00f3batas voladores. Pueden permanecer quietos en el aire como un helic\u00f3ptero, volar hacia arriba, hacia abajo e incluso hacia atr\u00e1s. Tenemos muchas m\u00e1s Popcards de p\u00e1jaros.<\/p>\n<p><strong>Tama\u00f1o de tarjeta grande 30\u00d720 cm<\/strong>, doblado a 15\u00d720 cm. Embalado en una bolsa de celof\u00e1n. Con tarjeta separada para su texto. Incluye sobre chic a juego en 2 tonos de azul, con cierre en forma de coraz\u00f3n. Puede escribir en el sobre muy bien con un l\u00e1piz blanco, un bol\u00edgrafo de color dorado o plateado. Tambi\u00e9n puede utilizar la etiqueta autoadhesiva adjunta para el direccionamiento.<\/p>","protected":false},"excerpt":{"rendered":"<p>Wat een schitterende pop-up kaart is dit! De kleine kleurrijke kolibrie staat symbool voor het leven en optimisme. En voor vrijheid, voor een nieuwe fase in je leven. In deze Popcard wordt de kolibrie gecombineerd met een fraai boeket bloemen. Deze pop-up kaart heeft een zilverglanzende buitenkant waarop een met laser uitgesneden glanzende kolibrie is [&hellip;]<\/p>\n","protected":false},"featured_media":78069,"comment_status":"open","ping_status":"closed","template":"","meta":{"_iconic_wsb_product_page_order_bump_ids":[[]],"_sku":["4805388555168"],"_iconic_wsb_product_page_bump_modal_ids":[[]]},"product_brand":[],"product_cat":[47,78,21],"product_tag":[253,48,137,142],"class_list":{"0":"post-78124","1":"product","2":"type-product","3":"status-publish","4":"has-post-thumbnail","6":"product_cat-bloemen-bloemenkaarten-wenskaarten","7":"product_cat-beterschapskaarten-troostkaarten-condoleancekaarten","8":"product_cat-dieren-dierenkaarten-wenskaarten","9":"product_tag-beterschap","10":"product_tag-bloemen","11":"product_tag-verjaardag","12":"product_tag-vogel","14":"first","15":"instock","16":"taxable","17":"shipping-taxable","18":"purchasable","19":"product-type-simple"},"gallery_images":[],"_links":{"self":[{"href":"https:\/\/popcards.nl\/es\/wp-json\/wp\/v2\/product\/78124","targetHints":{"allow":["GET"]}}],"collection":[{"href":"https:\/\/popcards.nl\/es\/wp-json\/wp\/v2\/product"}],"about":[{"href":"https:\/\/popcards.nl\/es\/wp-json\/wp\/v2\/types\/product"}],"replies":[{"embeddable":true,"href":"https:\/\/popcards.nl\/es\/wp-json\/wp\/v2\/comments?post=78124"}],"wp:featuredmedia":[{"embeddable":true,"href":"https:\/\/popcards.nl\/es\/wp-json\/wp\/v2\/media\/78069"}],"wp:attachment":[{"href":"https:\/\/popcards.nl\/es\/wp-json\/wp\/v2\/media?parent=78124"}],"wp:term":[{"taxonomy":"product_brand","embeddable":true,"href":"https:\/\/popcards.nl\/es\/wp-json\/wp\/v2\/product_brand?post=78124"},{"taxonomy":"product_cat","embeddable":true,"href":"https:\/\/popcards.nl\/es\/wp-json\/wp\/v2\/product_cat?post=78124"},{"taxonomy":"product_tag","embeddable":true,"href":"https:\/\/popcards.nl\/es\/wp-json\/wp\/v2\/product_tag?post=78124"}],"curies":[{"name":"gracias","href":"https:\/\/api.w.org\/{rel}","templated":true}]}}