{"id":78133,"date":"2024-10-07T21:45:12","date_gmt":"2024-10-07T19:45:12","guid":{"rendered":"https:\/\/popcards.nl\/?post_type=product&#038;p=78133"},"modified":"2026-04-03T14:55:05","modified_gmt":"2026-04-03T12:55:05","slug":"loro-colorido-pensando-en-ti-tarjeta-de-felicitacion","status":"publish","type":"product","link":"https:\/\/popcards.nl\/es\/product\/kleurrijke-papegaai-thinking-of-you-wenskaart\/","title":{"rendered":"Loro colorido con texto \u201cPensando en ti\u201d | Hermosa tarjeta emergente"},"content":{"rendered":"<p>Que belleza de color tiene esta Popcard. El exterior es de color amarillo dorado con purpurina y tiene una ilustraci\u00f3n cortada con l\u00e1ser de un loro y una letra m\u00e1s texto. Eso da un efecto especial. Al abrir la tarjeta, un loro de colores brillantes vuela hacia ti desde un hermoso jard\u00edn de flores con un mensaje claro: \u201cPensando en ti\u201d. Esto es reconfortante, especialmente si el receptor est\u00e1 enfermo o necesita consuelo o atenci\u00f3n por otro motivo. Todos esos colores y esas amables palabras hacen que todos se sientan bien. Siempre es bueno tener a alguien que piensa en ti.<\/p>\n<p><strong>Tama\u00f1o de tarjeta grande 30 \u00d7 20 cm<\/strong>, plegado a 15 \u00d7 20 cm. Con tarjeta separada para tu texto. Incluye un elegante sobre color crema a juego con cierre en forma de coraz\u00f3n. Empaquetado en bolsa de celof\u00e1n.<\/p>","protected":false},"excerpt":{"rendered":"<p>Wat een kleurenpracht heeft deze Popcard. De buitenkant is goudgeel met glittertjes en er is een met laser uitgesneden illustratie van een papegaai en een brief plus tekst uitgespaard. Dat geeft een bijzonder effect. Als je de kaart opent vliegt een bontgekleurde papegaai je vanuit een prachtige bloementuin tegemoet met een duidelijke boodschap: \u201cThinking of [&hellip;]<\/p>\n","protected":false},"featured_media":78066,"comment_status":"open","ping_status":"closed","template":"","meta":{"_iconic_wsb_product_page_order_bump_ids":[[]],"_sku":["4805388556011"],"_iconic_wsb_product_page_bump_modal_ids":[[]]},"product_brand":[],"product_cat":[78,21],"product_tag":[253,252,137],"class_list":{"0":"post-78133","1":"product","2":"type-product","3":"status-publish","4":"has-post-thumbnail","6":"product_cat-beterschapskaarten-troostkaarten-condoleancekaarten","7":"product_cat-dieren-dierenkaarten-wenskaarten","8":"product_tag-beterschap","9":"product_tag-troost","10":"product_tag-verjaardag","12":"first","13":"instock","14":"sale","15":"taxable","16":"shipping-taxable","17":"purchasable","18":"product-type-simple"},"gallery_images":[86376],"_links":{"self":[{"href":"https:\/\/popcards.nl\/es\/wp-json\/wp\/v2\/product\/78133","targetHints":{"allow":["GET"]}}],"collection":[{"href":"https:\/\/popcards.nl\/es\/wp-json\/wp\/v2\/product"}],"about":[{"href":"https:\/\/popcards.nl\/es\/wp-json\/wp\/v2\/types\/product"}],"replies":[{"embeddable":true,"href":"https:\/\/popcards.nl\/es\/wp-json\/wp\/v2\/comments?post=78133"}],"wp:featuredmedia":[{"embeddable":true,"href":"https:\/\/popcards.nl\/es\/wp-json\/wp\/v2\/media\/78066"}],"wp:attachment":[{"href":"https:\/\/popcards.nl\/es\/wp-json\/wp\/v2\/media?parent=78133"}],"wp:term":[{"taxonomy":"product_brand","embeddable":true,"href":"https:\/\/popcards.nl\/es\/wp-json\/wp\/v2\/product_brand?post=78133"},{"taxonomy":"product_cat","embeddable":true,"href":"https:\/\/popcards.nl\/es\/wp-json\/wp\/v2\/product_cat?post=78133"},{"taxonomy":"product_tag","embeddable":true,"href":"https:\/\/popcards.nl\/es\/wp-json\/wp\/v2\/product_tag?post=78133"}],"curies":[{"name":"gracias","href":"https:\/\/api.w.org\/{rel}","templated":true}]}}