{"id":78136,"date":"2024-10-07T21:53:22","date_gmt":"2024-10-07T19:53:22","guid":{"rendered":"https:\/\/popcards.nl\/?post_type=product&#038;p=78136"},"modified":"2026-04-15T11:40:00","modified_gmt":"2026-04-15T09:40:00","slug":"tarjeta-de-felicitacion-trebol-de-4-hojas-para-esperanza-fe-amor-y-suerte-tarjeta-emergente","status":"publish","type":"product","link":"https:\/\/popcards.nl\/es\/product\/wenskaart-klavertje-4-voor-hoop-geloof-liefde-en-geluk-pop-up-kaart\/","title":{"rendered":"Tarjeta de felicitaci\u00f3n Tarjeta emergente Tr\u00e9bol de 4 hojas para esperanza, fe, amor y suerte"},"content":{"rendered":"<p>El tr\u00e9bol de cuatro hojas es s\u00edmbolo de suerte y prosperidad. Las 4 hojas representan esperanza, fe, amor y felicidad. Y eso es lo que deseas para todos tus familiares y amigos, \u00bfverdad? Y no con un solo tr\u00e9bol de cuatro hojas, sino con decenas de tr\u00e9boles al mismo tiempo. Tantas felicitaciones en 1 Popcard deben hacerse realidad. El exterior de esta tarjeta emergente es de color azul suave con purpurina. En \u00e9l, impreso con l\u00e1ser en verde y dorado, aparece un tr\u00e9bol de 4 hojas y las palabras: BUENA SUERTE. Eso da un efecto muy especial. Al abrir la tarjeta de felicitaci\u00f3n, emerge un bloque lleno de tr\u00e9boles, algunas mariposas y el texto \u201cBuena suerte\u201d: \u00a1Buena suerte! En la superficie est\u00e1 impreso un c\u00edrculo de tr\u00e9boles de 4 hojas. Una escena de buen gusto. <a href=\"https:\/\/popcards.nl\/es\/categoria\/flores-tarjetas-de-felicitacion\/\">\u00a1Tenemos muchas m\u00e1s hermosas tarjetas de jard\u00edn y flores!<\/a><\/p>\n<p><strong>Tama\u00f1o de tarjeta grande 30 \u00d7 20 cm<\/strong>, plegado a 15 \u00d7 20 cm. Con tarjeta separada para tu texto. Incluye un elegante sobre color crema a juego con cierre en forma de coraz\u00f3n. Empaquetado en bolsa de celof\u00e1n.<\/p>","protected":false},"excerpt":{"rendered":"<p>Het klavertje vier is het symbool voor geluk en voorspoed. De 4 blaadjes staan voor hoop, geloof, liefde en geluk. En dat wens je al je familie en vrienden toch toe? En dan niet met 1 enkel klavertje vier, maar met tientallen klavertjes tegelijk. Zoveel gelukwensen in 1 Popcard moeten wel uitkomen. De buitenkant van [&hellip;]<\/p>\n","protected":false},"featured_media":78062,"comment_status":"open","ping_status":"closed","template":"","meta":{"_iconic_wsb_product_page_order_bump_ids":[[]],"_sku":["8785253683676"],"_iconic_wsb_product_page_bump_modal_ids":[[]]},"product_brand":[],"product_cat":[78,32],"product_tag":[253,252],"class_list":{"0":"post-78136","1":"product","2":"type-product","3":"status-publish","4":"has-post-thumbnail","6":"product_cat-beterschapskaarten-troostkaarten-condoleancekaarten","7":"product_cat-nieuwe-woning-verhuizing-verhuiskaart","8":"product_tag-beterschap","9":"product_tag-troost","11":"first","12":"instock","13":"taxable","14":"shipping-taxable","15":"purchasable","16":"product-type-simple"},"gallery_images":[86438],"_links":{"self":[{"href":"https:\/\/popcards.nl\/es\/wp-json\/wp\/v2\/product\/78136","targetHints":{"allow":["GET"]}}],"collection":[{"href":"https:\/\/popcards.nl\/es\/wp-json\/wp\/v2\/product"}],"about":[{"href":"https:\/\/popcards.nl\/es\/wp-json\/wp\/v2\/types\/product"}],"replies":[{"embeddable":true,"href":"https:\/\/popcards.nl\/es\/wp-json\/wp\/v2\/comments?post=78136"}],"wp:featuredmedia":[{"embeddable":true,"href":"https:\/\/popcards.nl\/es\/wp-json\/wp\/v2\/media\/78062"}],"wp:attachment":[{"href":"https:\/\/popcards.nl\/es\/wp-json\/wp\/v2\/media?parent=78136"}],"wp:term":[{"taxonomy":"product_brand","embeddable":true,"href":"https:\/\/popcards.nl\/es\/wp-json\/wp\/v2\/product_brand?post=78136"},{"taxonomy":"product_cat","embeddable":true,"href":"https:\/\/popcards.nl\/es\/wp-json\/wp\/v2\/product_cat?post=78136"},{"taxonomy":"product_tag","embeddable":true,"href":"https:\/\/popcards.nl\/es\/wp-json\/wp\/v2\/product_tag?post=78136"}],"curies":[{"name":"gracias","href":"https:\/\/api.w.org\/{rel}","templated":true}]}}