{"id":78707,"date":"2024-10-20T15:10:32","date_gmt":"2024-10-20T13:10:32","guid":{"rendered":"https:\/\/popcards.nl\/?post_type=product&#038;p=78707"},"modified":"2026-04-14T05:50:05","modified_gmt":"2026-04-14T03:50:05","slug":"tarjeta-emergente-girasoles-hortensia-lirio-de-los-valles","status":"publish","type":"product","link":"https:\/\/popcards.nl\/es\/product\/zonnebloemen-hortensia-lelietje-van-dalen-pop-up-kaart\/","title":{"rendered":"Gran ramo independiente con tarjeta desplegable de girasoles, hortensias y lirio de los valles"},"content":{"rendered":"<p>Esta tarjeta especial de flores pop-up es diferente a nuestras Popcards habituales y muy sorprendente. Esta tarjeta desplegable consta de un jarr\u00f3n independiente tridimensional decorado con flores, que contiene un impresionante ramo de flores de gran tama\u00f1o. Admire los hermosos girasoles, hortensias y lirios del valle en flor. El ramo de flores tambi\u00e9n es completamente tridimensional, puedes verlo desde todos los lados. Esto crea un gran efecto y el destinatario se sorprender\u00e1 de que un ramo redondo tan extenso quepa en un sobre plano. Cuando se despliega, el mapa queda completamente suelto, resistente y aut\u00f3nomo en el espacio.<\/p>\n<p>Se adjunta una tarjeta separada en la que puedes escribir un mensaje para el afortunado destinatario. Un precioso y completo ramo para regalar. O para conservarlo usted mismo. \u00a1Dilo con flores! <a href=\"https:\/\/popcards.nl\/es\/categoria\/flores-tarjetas-de-felicitacion\/\">Tenemos muchas m\u00e1s tarjetas emergentes de flores.<\/a><\/p>\n<p><strong>Tama\u00f1o de tarjeta grande<\/strong>, plano 23 cm alto, 22 cm ancho, di\u00e1metro desplegado 15 cm, 87 gramos.<\/p>","protected":false},"excerpt":{"rendered":"<p>Deze bijzondere pop-up bloemenkaart is anders uitgevoerd dan onze gebruikelijke Popcards, en heel verrassend. Deze pop-up kaart bestaat uit een driedimensionale vrijstaande met bloemen gedecoreerde vaas, waarin een imponerende grote bos bloemen staat. Bewonder de schitterende bloeiende zonnebloemen, de hortensia\u2019s en het lelietje van Dalen. Ook het boeket bloemen is volledig driedimensionaal, je kunt er [&hellip;]<\/p>\n","protected":false},"featured_media":78691,"comment_status":"open","ping_status":"closed","template":"","meta":{"_iconic_wsb_product_page_order_bump_ids":[[]],"_sku":["8945005027398"],"_iconic_wsb_product_page_bump_modal_ids":[[]]},"product_brand":[],"product_cat":[47],"product_tag":[287],"class_list":{"0":"post-78707","1":"product","2":"type-product","3":"status-publish","4":"has-post-thumbnail","6":"product_cat-bloemen-bloemenkaarten-wenskaarten","7":"product_tag-grote-pop-up-kaart","9":"first","10":"instock","11":"sale","12":"taxable","13":"shipping-taxable","14":"purchasable","15":"product-type-simple"},"gallery_images":[],"_links":{"self":[{"href":"https:\/\/popcards.nl\/es\/wp-json\/wp\/v2\/product\/78707","targetHints":{"allow":["GET"]}}],"collection":[{"href":"https:\/\/popcards.nl\/es\/wp-json\/wp\/v2\/product"}],"about":[{"href":"https:\/\/popcards.nl\/es\/wp-json\/wp\/v2\/types\/product"}],"replies":[{"embeddable":true,"href":"https:\/\/popcards.nl\/es\/wp-json\/wp\/v2\/comments?post=78707"}],"wp:featuredmedia":[{"embeddable":true,"href":"https:\/\/popcards.nl\/es\/wp-json\/wp\/v2\/media\/78691"}],"wp:attachment":[{"href":"https:\/\/popcards.nl\/es\/wp-json\/wp\/v2\/media?parent=78707"}],"wp:term":[{"taxonomy":"product_brand","embeddable":true,"href":"https:\/\/popcards.nl\/es\/wp-json\/wp\/v2\/product_brand?post=78707"},{"taxonomy":"product_cat","embeddable":true,"href":"https:\/\/popcards.nl\/es\/wp-json\/wp\/v2\/product_cat?post=78707"},{"taxonomy":"product_tag","embeddable":true,"href":"https:\/\/popcards.nl\/es\/wp-json\/wp\/v2\/product_tag?post=78707"}],"curies":[{"name":"gracias","href":"https:\/\/api.w.org\/{rel}","templated":true}]}}