{"id":83404,"date":"2025-01-20T22:27:06","date_gmt":"2025-01-20T21:27:06","guid":{"rendered":"https:\/\/popcards.nl\/?post_type=product&#038;p=83404"},"modified":"2026-04-28T11:16:51","modified_gmt":"2026-04-28T09:16:51","slug":"tarjeta-emergente-de-narciso-amarillo-con-libelula-tarjeta-de-felicitacion","status":"publish","type":"product","link":"https:\/\/popcards.nl\/es\/product\/gele-narcis-met-libelle-pop-up-kaart-wenskaart\/","title":{"rendered":"Tarjeta de felicitaci\u00f3n Flores de narciso amarillo con tarjeta emergente de lib\u00e9lula"},"content":{"rendered":"<p>Esta tarjeta desplegable muestra una hermosa ilustraci\u00f3n de narcisos con una lib\u00e9lula en el frente. Al abrir la Popcard, se despliega un gran narciso con una hermosa lib\u00e9lula en el coraz\u00f3n sobre una corona de narcisos. Esta lib\u00e9lula le da una dimensi\u00f3n extra al hermoso narciso. \u00a1F\u00edjate en las alas fluorescentes caladas! El fondo es una acuarela en tonos pastel con lib\u00e9lulas.<\/p>\n<p>El narciso simboliza el renacimiento, la renovaci\u00f3n, la esperanza y los nuevos comienzos. Es una de las primeras flores que florece al final del invierno, presagiando el comienzo de la primavera y la promesa de un cambio positivo.<\/p>\n<p>La lib\u00e9lula representa transformaci\u00f3n y adaptabilidad. Con alas que se asemejan a las de los elfos, vuelan r\u00e1pida y \u00e1gilmente por el aire. Cuando una lib\u00e9lula se te muestra, est\u00e1s invitado a transformarte, dar nuevos pasos y evolucionar.<br \/>\nEsta tarjeta desplegable no es s\u00f3lo una manera hermosa y amorosa de sorprender a alguien, sino tambi\u00e9n un recordatorio inspirador del poder y la positividad de la naturaleza.<\/p>\n<p>Tama\u00f1o de la tarjeta 26 \u00d7 18 cm, doblada a 13 \u00d7 18 cm.<br \/>\nIncluye sobre a juego, empaquetado en una bolsa de celof\u00e1n.<\/p>","protected":false},"excerpt":{"rendered":"<p>Deze pop-up kaart toont op de voorzijde een prachtige illustratie van narcissen met een libelle. Als je de Popcard openslaat ontvouwt zich op een krans van narcissen een grote narcis met in het hart een prachtige libelle. Deze libelle geeft een extra dimensie aan de prachtige narcis. Let op de fluorescerende opengewerkte vleugels! De ondergrond [&hellip;]<\/p>\n","protected":false},"featured_media":83090,"comment_status":"open","ping_status":"closed","template":"","meta":{"_iconic_wsb_product_page_order_bump_ids":[[]],"_sku":["8785253684734"],"_iconic_wsb_product_page_bump_modal_ids":[[]]},"product_brand":[],"product_cat":[47,21],"product_tag":[48],"class_list":{"0":"post-83404","1":"product","2":"type-product","3":"status-publish","4":"has-post-thumbnail","6":"product_cat-bloemen-bloemenkaarten-wenskaarten","7":"product_cat-dieren-dierenkaarten-wenskaarten","8":"product_tag-bloemen","10":"first","11":"instock","12":"sale","13":"taxable","14":"shipping-taxable","15":"purchasable","16":"product-type-simple"},"gallery_images":[83089,83679],"_links":{"self":[{"href":"https:\/\/popcards.nl\/es\/wp-json\/wp\/v2\/product\/83404","targetHints":{"allow":["GET"]}}],"collection":[{"href":"https:\/\/popcards.nl\/es\/wp-json\/wp\/v2\/product"}],"about":[{"href":"https:\/\/popcards.nl\/es\/wp-json\/wp\/v2\/types\/product"}],"replies":[{"embeddable":true,"href":"https:\/\/popcards.nl\/es\/wp-json\/wp\/v2\/comments?post=83404"}],"wp:featuredmedia":[{"embeddable":true,"href":"https:\/\/popcards.nl\/es\/wp-json\/wp\/v2\/media\/83090"}],"wp:attachment":[{"href":"https:\/\/popcards.nl\/es\/wp-json\/wp\/v2\/media?parent=83404"}],"wp:term":[{"taxonomy":"product_brand","embeddable":true,"href":"https:\/\/popcards.nl\/es\/wp-json\/wp\/v2\/product_brand?post=83404"},{"taxonomy":"product_cat","embeddable":true,"href":"https:\/\/popcards.nl\/es\/wp-json\/wp\/v2\/product_cat?post=83404"},{"taxonomy":"product_tag","embeddable":true,"href":"https:\/\/popcards.nl\/es\/wp-json\/wp\/v2\/product_tag?post=83404"}],"curies":[{"name":"gracias","href":"https:\/\/api.w.org\/{rel}","templated":true}]}}