{"id":83449,"date":"2025-01-21T20:35:06","date_gmt":"2025-01-21T19:35:06","guid":{"rendered":"https:\/\/popcards.nl\/?post_type=product&#038;p=83449"},"modified":"2026-05-01T11:22:32","modified_gmt":"2026-05-01T09:22:32","slug":"hermosa-tarjeta-emergente-de-violetas-azules-purpuras","status":"publish","type":"product","link":"https:\/\/popcards.nl\/es\/product\/prachtige-paarsblauwe-viooltjes-pop-up-kaart\/","title":{"rendered":"Tarjeta de felicitaci\u00f3n Hermosa tarjeta emergente de violetas azules p\u00farpuras"},"content":{"rendered":"<p>Esta hermosa tarjeta desplegable floral grande muestra una hermosa ilustraci\u00f3n de un ramo de violetas en el frente azul violeta. Esta ilustraci\u00f3n suavemente brillante est\u00e1 profundamente incrustada en el fondo azul violeta mate, lo que le da un efecto sorprendente. El interior tiene una ilustraci\u00f3n en tonos suaves con violetas como fondo. La ventana emergente 3D es una impresionante composici\u00f3n de docenas de violetas que juntas forman un hermoso ramo. Tantas flores en una tarjeta de felicitaci\u00f3n: no preguntes c\u00f3mo es posible, \u00a1simplemente disfr\u00fatala! En la superficie hay dos mariposas con alas que se mueven libremente. \u00a1Una verdadera obra de arte!<\/p>\n<p>El nombre violeta proviene de la palabra francesa \u201cViola\u201d = violeta, que era el color de la violeta original. El violeta representa &quot;modestia&quot; y &quot;humildad&quot; y a menudo se ve como un signo de inocencia. Por eso, los ramos de violetas se utilizaban como regalo para los reci\u00e9n casados. Originaria de los bosques del hemisferio norte, la violeta ha simbolizado el amor rom\u00e1ntico entre mujeres desde la antigua Grecia. La poeta griega Safo, de la isla de Lesbos, a menudo se refer\u00eda a las guirnaldas de violetas en su ardiente poes\u00eda.<\/p>\n<p>Tarjeta grande tama\u00f1o 28 \u00d7 18 cm, plegada a 14 \u00d7 18 cm.<br \/>\nIncluye sobre a juego, empaquetado en una bolsa de celof\u00e1n.<\/p>","protected":false},"excerpt":{"rendered":"<p>Deze prachtige grote bloemen pop-up kaart toont op de paarsblauwe voorzijde een fraaie illustratie van een toef viooltjes. Deze zacht glanzende illustratie is verdiept ingelegd in de matte paarsblauwe ondergrond, wat een verrassend effect geeft. De binnenkant heeft als ondergrond een illustratie in zachte tinten met viooltjes. De 3D pop-up is een imponerende compositie van [&hellip;]<\/p>\n","protected":false},"featured_media":83074,"comment_status":"open","ping_status":"closed","template":"","meta":{"_iconic_wsb_product_page_order_bump_ids":[[]],"_sku":["4805388557957"],"_iconic_wsb_product_page_bump_modal_ids":[[]]},"product_brand":[],"product_cat":[47],"product_tag":[48],"class_list":{"0":"post-83449","1":"product","2":"type-product","3":"status-publish","4":"has-post-thumbnail","6":"product_cat-bloemen-bloemenkaarten-wenskaarten","7":"product_tag-bloemen","9":"first","10":"instock","11":"taxable","12":"shipping-taxable","13":"purchasable","14":"product-type-simple"},"gallery_images":[83676],"_links":{"self":[{"href":"https:\/\/popcards.nl\/es\/wp-json\/wp\/v2\/product\/83449","targetHints":{"allow":["GET"]}}],"collection":[{"href":"https:\/\/popcards.nl\/es\/wp-json\/wp\/v2\/product"}],"about":[{"href":"https:\/\/popcards.nl\/es\/wp-json\/wp\/v2\/types\/product"}],"replies":[{"embeddable":true,"href":"https:\/\/popcards.nl\/es\/wp-json\/wp\/v2\/comments?post=83449"}],"wp:featuredmedia":[{"embeddable":true,"href":"https:\/\/popcards.nl\/es\/wp-json\/wp\/v2\/media\/83074"}],"wp:attachment":[{"href":"https:\/\/popcards.nl\/es\/wp-json\/wp\/v2\/media?parent=83449"}],"wp:term":[{"taxonomy":"product_brand","embeddable":true,"href":"https:\/\/popcards.nl\/es\/wp-json\/wp\/v2\/product_brand?post=83449"},{"taxonomy":"product_cat","embeddable":true,"href":"https:\/\/popcards.nl\/es\/wp-json\/wp\/v2\/product_cat?post=83449"},{"taxonomy":"product_tag","embeddable":true,"href":"https:\/\/popcards.nl\/es\/wp-json\/wp\/v2\/product_tag?post=83449"}],"curies":[{"name":"gracias","href":"https:\/\/api.w.org\/{rel}","templated":true}]}}