{"id":83455,"date":"2025-01-21T20:55:14","date_gmt":"2025-01-21T19:55:14","guid":{"rendered":"https:\/\/popcards.nl\/?post_type=product&#038;p=83455"},"modified":"2026-04-28T09:12:34","modified_gmt":"2026-04-28T07:12:34","slug":"tarjeta-emergente-margaritas-calendulas-mariposas","status":"publish","type":"product","link":"https:\/\/popcards.nl\/es\/product\/margriet-goudsbloemen-vlinders-pop-up-kaart\/","title":{"rendered":"Tarjeta de felicitaci\u00f3n grande, margaritas amarillas, cal\u00e9ndulas y mariposas, tarjeta emergente"},"content":{"rendered":"<p>Esta hermosa tarjeta desplegable floral de gran tama\u00f1o muestra una hermosa ilustraci\u00f3n de cal\u00e9ndulas en el frente verde, enmarcada por 3 mariposas. Esta ilustraci\u00f3n suavemente brillante est\u00e1 profundamente incrustada en el fondo verde mate, lo que le da un efecto sorprendente. El interior tiene una ilustraci\u00f3n en tonos suaves con cal\u00e9ndulas y mariposas de fondo. El pop-up es una impresionante composici\u00f3n de decenas de cal\u00e9ndulas que juntas forman un hermoso ramo. Tantas flores en una tarjeta de felicitaci\u00f3n: no preguntes c\u00f3mo es posible, \u00a1simplemente disfr\u00fatala! Las cal\u00e9ndulas contienen 2 mariposas con alas que se mueven libremente. Una verdadera obra de arte.<\/p>\n<p>Las flores de color amarillo anaranjado de la cal\u00e9ndula representan alegr\u00eda, optimismo y entusiasmo por la vida. Potencia el deseo de actividad. Las hojas amarillas representan iluminaci\u00f3n, estimulaci\u00f3n, calidez y alegr\u00eda.<\/p>\n<p>Las cal\u00e9ndulas suelen asociarse con el sol y representan el poder, la fuerza y la luz que vive dentro de una persona. La cal\u00e9ndula tambi\u00e9n se ha convertido en un s\u00edmbolo de un sentimiento de amor desesperado. Para cuando has perdido a alguien que amaba, ya sea por muerte o por una relaci\u00f3n rota. El extracto de cal\u00e9ndula tiene un efecto antiinflamatorio y cicatrizante. La cal\u00e9ndula fue nombrada planta medicinal del a\u00f1o en 2009.<\/p>\n<p><strong>Tama\u00f1o de tarjeta grande<\/strong> 30 \u00d7 20 cm, plegado a 15 \u00d7 20 cm.<br \/>\nIncluye sobre a juego, empaquetado en una bolsa de celof\u00e1n.<\/p>","protected":false},"excerpt":{"rendered":"<p>Deze prachtige grote bloemen pop-up kaart toont op de groene voorzijde een fraaie illustratie van een goudsbloemen, omlijst door 3 vlinders. Deze zachtglanzende illustratie is verdiept ingelegd in de matte groene ondergrond, wat een verrassend effect geeft. De binnenkant heeft als ondergrond een illustratie in zachte tinten met goudsbloemen en vlinders. De pop-up is een [&hellip;]<\/p>\n","protected":false},"featured_media":83085,"comment_status":"open","ping_status":"closed","template":"","meta":{"_iconic_wsb_product_page_order_bump_ids":[[]],"_sku":["4805388548979"],"_iconic_wsb_product_page_bump_modal_ids":[[]]},"product_brand":[],"product_cat":[47],"product_tag":[48],"class_list":{"0":"post-83455","1":"product","2":"type-product","3":"status-publish","4":"has-post-thumbnail","6":"product_cat-bloemen-bloemenkaarten-wenskaarten","7":"product_tag-bloemen","9":"first","10":"instock","11":"taxable","12":"shipping-taxable","13":"purchasable","14":"product-type-simple"},"gallery_images":[83680],"_links":{"self":[{"href":"https:\/\/popcards.nl\/es\/wp-json\/wp\/v2\/product\/83455","targetHints":{"allow":["GET"]}}],"collection":[{"href":"https:\/\/popcards.nl\/es\/wp-json\/wp\/v2\/product"}],"about":[{"href":"https:\/\/popcards.nl\/es\/wp-json\/wp\/v2\/types\/product"}],"replies":[{"embeddable":true,"href":"https:\/\/popcards.nl\/es\/wp-json\/wp\/v2\/comments?post=83455"}],"wp:featuredmedia":[{"embeddable":true,"href":"https:\/\/popcards.nl\/es\/wp-json\/wp\/v2\/media\/83085"}],"wp:attachment":[{"href":"https:\/\/popcards.nl\/es\/wp-json\/wp\/v2\/media?parent=83455"}],"wp:term":[{"taxonomy":"product_brand","embeddable":true,"href":"https:\/\/popcards.nl\/es\/wp-json\/wp\/v2\/product_brand?post=83455"},{"taxonomy":"product_cat","embeddable":true,"href":"https:\/\/popcards.nl\/es\/wp-json\/wp\/v2\/product_cat?post=83455"},{"taxonomy":"product_tag","embeddable":true,"href":"https:\/\/popcards.nl\/es\/wp-json\/wp\/v2\/product_tag?post=83455"}],"curies":[{"name":"gracias","href":"https:\/\/api.w.org\/{rel}","templated":true}]}}