{"id":83465,"date":"2025-01-21T22:30:26","date_gmt":"2025-01-21T21:30:26","guid":{"rendered":"https:\/\/popcards.nl\/?post_type=product&#038;p=83465"},"modified":"2026-05-03T22:42:08","modified_gmt":"2026-05-03T20:42:08","slug":"tarjeta-desplegable-para-furgoneta-volkswagen-perros-alegres","status":"publish","type":"product","link":"https:\/\/popcards.nl\/es\/product\/vrolijke-hondjes-volkswagen-busje-pop-up-kaart\/","title":{"rendered":"Tarjeta desplegable de fiesta de cumplea\u00f1os con perros alegres en una furgoneta Volkswagen llena de regalos y globos"},"content":{"rendered":"<p>\u00a1Qu\u00e9 tarjeta desplegable tan alegre y grande para un cumplea\u00f1os u otro momento festivo! Una furgoneta Volkswagen llena de divertidos perros que te traer\u00e1n una gran pila de regalos y globos. El fondo de la tarjeta tambi\u00e9n tiene un estampado festivo. As\u00ed podr\u00e1s sorprender a ni\u00f1os y ni\u00f1as en su cumplea\u00f1os, por ejemplo. Pero tambi\u00e9n los adultos estar\u00e1n muy felices cuando reciban y abran esta festiva tarjeta de cumplea\u00f1os con un autob\u00fas VW.<\/p>\n<p><strong>Tama\u00f1o de tarjeta grande<\/strong> 30 \u00d7 20 cm, plegado a 15 \u00d7 20 cm.<br \/>\nIncluye sobre a juego, empaquetado en una bolsa de celof\u00e1n.<\/p>","protected":false},"excerpt":{"rendered":"<p>Wat een vrolijke en grote pop-up kaart voor een verjaardag of een ander feestelijk moment! Een Volkswagen busje boordevol grappige hondjes die je een grote stapel cadeautjes en ballonnen komen brengen. Ook de ondergrond van de kaart is feestelijk bedrukt. Hiermee verras je jongens en meisjes die bijvoorbeeld jarig zijn. Maar ook volwassen mensen zullen [&hellip;]<\/p>\n","protected":false},"featured_media":83094,"comment_status":"open","ping_status":"closed","template":"","meta":{"_iconic_wsb_product_page_order_bump_ids":[[]],"_sku":["8785253684697"],"_iconic_wsb_product_page_bump_modal_ids":[[]]},"product_brand":[],"product_cat":[34,17],"product_tag":[110,137],"class_list":{"0":"post-83465","1":"product","2":"type-product","3":"status-publish","4":"has-post-thumbnail","6":"product_cat-felicitatie-verjaardag-verjaardagskaarten","7":"product_cat-voertuigen-schip-trein-vliegtuig-auto-fiets","8":"product_tag-auto","9":"product_tag-verjaardag","11":"first","12":"instock","13":"taxable","14":"shipping-taxable","15":"purchasable","16":"product-type-simple"},"gallery_images":[83093,83675],"_links":{"self":[{"href":"https:\/\/popcards.nl\/es\/wp-json\/wp\/v2\/product\/83465","targetHints":{"allow":["GET"]}}],"collection":[{"href":"https:\/\/popcards.nl\/es\/wp-json\/wp\/v2\/product"}],"about":[{"href":"https:\/\/popcards.nl\/es\/wp-json\/wp\/v2\/types\/product"}],"replies":[{"embeddable":true,"href":"https:\/\/popcards.nl\/es\/wp-json\/wp\/v2\/comments?post=83465"}],"wp:featuredmedia":[{"embeddable":true,"href":"https:\/\/popcards.nl\/es\/wp-json\/wp\/v2\/media\/83094"}],"wp:attachment":[{"href":"https:\/\/popcards.nl\/es\/wp-json\/wp\/v2\/media?parent=83465"}],"wp:term":[{"taxonomy":"product_brand","embeddable":true,"href":"https:\/\/popcards.nl\/es\/wp-json\/wp\/v2\/product_brand?post=83465"},{"taxonomy":"product_cat","embeddable":true,"href":"https:\/\/popcards.nl\/es\/wp-json\/wp\/v2\/product_cat?post=83465"},{"taxonomy":"product_tag","embeddable":true,"href":"https:\/\/popcards.nl\/es\/wp-json\/wp\/v2\/product_tag?post=83465"}],"curies":[{"name":"gracias","href":"https:\/\/api.w.org\/{rel}","templated":true}]}}