{"id":83469,"date":"2025-01-21T23:09:29","date_gmt":"2025-01-21T22:09:29","guid":{"rendered":"https:\/\/popcards.nl\/?post_type=product&#038;p=83469"},"modified":"2026-05-04T13:22:21","modified_gmt":"2026-05-04T11:22:21","slug":"tarjeta-emergente-de-mariposas-y-flores-de-orquideas-rosadas","status":"publish","type":"product","link":"https:\/\/popcards.nl\/es\/product\/roze-orchidee-bloemen-vlinders-pop-up-kaart\/","title":{"rendered":"Tarjeta emergente Hermosas flores de orqu\u00eddeas rosadas con mariposas azules"},"content":{"rendered":"<p>Esta hermosa tarjeta floral emergente muestra una hermosa ilustraci\u00f3n de una rama de orqu\u00eddea rosa en el frente naranja. Esta ilustraci\u00f3n suavemente brillante est\u00e1 profundamente incrustada en el fondo naranja mate, lo que le da un efecto sorprendente. El interior de esta Popcard tiene una ilustraci\u00f3n en tonos suaves con orqu\u00eddeas como fondo. La ventana emergente 3D es una impresionante composici\u00f3n de docenas de orqu\u00eddeas en suaves colores rosa, que juntas forman un hermoso ramo. Tantas orqu\u00eddeas en una tarjeta de felicitaci\u00f3n: no preguntes c\u00f3mo es posible, \u00a1simplemente disfr\u00fatala!<\/p>\n<p>En el fondo y en las orqu\u00eddeas hay 3 mariposas de color azul con alas que se mueven libremente. Una verdadera obra de arte.<br \/>\nLas orqu\u00eddeas suelen asociarse con el amor, la belleza, la gracia y la fuerza. En muchas culturas, las orqu\u00eddeas se utilizan como obsequio para mostrar aprecio, amor y respeto hacia alguien. En todo tipo de filosof\u00edas, la mariposa simboliza asuntos que tienen que ver con la vida.<\/p>\n<p>Tama\u00f1o de la tarjeta 26 \u00d7 18 cm, doblada a 13 \u00d7 18 cm.<br \/>\nIncluye sobre a juego, empaquetado en una bolsa de celof\u00e1n.<\/p>","protected":false},"excerpt":{"rendered":"<p>Deze prachtige bloemen pop-up kaart toont op de oranje voorzijde een fraaie illustratie van een roze orchidee\u00ebntak. Deze zachtglanzende illustratie is verdiept ingelegd in de matte oranje ondergrond, wat een verrassend effect geeft. De binnenkant van deze Popcard heeft als ondergrond een illustratie in zachte tinten met orchidee\u00ebn. De 3D pop-up is een imponerende compositie [&hellip;]<\/p>\n","protected":false},"featured_media":83077,"comment_status":"open","ping_status":"closed","template":"","meta":{"_iconic_wsb_product_page_order_bump_ids":[[]],"_sku":["4805388557735"],"_iconic_wsb_product_page_bump_modal_ids":[[]]},"product_brand":[],"product_cat":[47],"product_tag":[48],"class_list":{"0":"post-83469","1":"product","2":"type-product","3":"status-publish","4":"has-post-thumbnail","6":"product_cat-bloemen-bloemenkaarten-wenskaarten","7":"product_tag-bloemen","9":"first","10":"instock","11":"taxable","12":"shipping-taxable","13":"purchasable","14":"product-type-simple"},"gallery_images":[83075,83076,83687],"_links":{"self":[{"href":"https:\/\/popcards.nl\/es\/wp-json\/wp\/v2\/product\/83469","targetHints":{"allow":["GET"]}}],"collection":[{"href":"https:\/\/popcards.nl\/es\/wp-json\/wp\/v2\/product"}],"about":[{"href":"https:\/\/popcards.nl\/es\/wp-json\/wp\/v2\/types\/product"}],"replies":[{"embeddable":true,"href":"https:\/\/popcards.nl\/es\/wp-json\/wp\/v2\/comments?post=83469"}],"wp:featuredmedia":[{"embeddable":true,"href":"https:\/\/popcards.nl\/es\/wp-json\/wp\/v2\/media\/83077"}],"wp:attachment":[{"href":"https:\/\/popcards.nl\/es\/wp-json\/wp\/v2\/media?parent=83469"}],"wp:term":[{"taxonomy":"product_brand","embeddable":true,"href":"https:\/\/popcards.nl\/es\/wp-json\/wp\/v2\/product_brand?post=83469"},{"taxonomy":"product_cat","embeddable":true,"href":"https:\/\/popcards.nl\/es\/wp-json\/wp\/v2\/product_cat?post=83469"},{"taxonomy":"product_tag","embeddable":true,"href":"https:\/\/popcards.nl\/es\/wp-json\/wp\/v2\/product_tag?post=83469"}],"curies":[{"name":"gracias","href":"https:\/\/api.w.org\/{rel}","templated":true}]}}