{"id":83514,"date":"2025-01-22T20:53:46","date_gmt":"2025-01-22T19:53:46","guid":{"rendered":"https:\/\/popcards.nl\/?post_type=product&#038;p=83514"},"modified":"2026-04-26T17:50:04","modified_gmt":"2026-04-26T15:50:04","slug":"tarjeta-emergente-de-mariposas-coloridas-hortensias","status":"publish","type":"product","link":"https:\/\/popcards.nl\/es\/product\/hortensia-kleurrijke-vlinders-pop-up-kaart\/","title":{"rendered":"Tarjeta emergente Hortensia azul p\u00farpura con flores de mariposas de colores"},"content":{"rendered":"<p>Esta hermosa tarjeta pop floral muestra una hermosa ilustraci\u00f3n de flores y mariposas de diferentes colores en el frente de color morado oscuro. Esta ilustraci\u00f3n suavemente brillante est\u00e1 profundamente incrustada en el fondo violeta mate, lo que le da un efecto sorprendente. Al abrir la Popcard, se despliega una impresionante bola de Hortensia de color azul violeta, con 3 mariposas de fantas\u00eda, sobre una corona de flores y hojas. El fondo est\u00e1 estampado con mariposas en colores a juego. Una combinaci\u00f3n armoniosa e impresionante.<\/p>\n<p>La hortensia es rica en simbolismo. La flor representa gratitud, sentimientos sinceros, gracia y belleza. Tambi\u00e9n irradia abundancia, por su forma exuberante, generosa y convexa. Las numerosas flores peque\u00f1as de la hortensia simbolizan el amor, la armon\u00eda y la paz. Las hortensias azules tambi\u00e9n tienen un significado de perd\u00f3n y arrepentimiento. Todos hemos tenido una pelea con alguien o dijimos algo de lo que nos arrepentimos, y si quieres disculparte, las hortensias azules son un buen lugar para comenzar.<\/p>\n<p>La hortensia, tambi\u00e9n conocida como hortensia, es originaria principalmente de China y Jap\u00f3n, pero tambi\u00e9n se encuentra en Am\u00e9rica del Sur. El nombre se deriva del griego &quot;hidro&quot; y &quot;angeion&quot;. Hydro significa agua y angeion significa vasija o jarra. Esta vasija hace referencia a la forma convexa de la flor.<\/p>\n<p>Tama\u00f1o de la tarjeta 26 \u00d7 18 cm, doblada a 13 \u00d7 18 cm.<br \/>\nIncluye sobre a juego, empaquetado en una bolsa de celof\u00e1n.<\/p>","protected":false},"excerpt":{"rendered":"<p>Deze prachtige bloemen Popcard toont op de dieppaarse voorzijde een prachtige illustratie van verschillende kleuren bloemen en vlinders. Deze zachtglanzende illustratie is verdiept ingelegd in de matte paarse ondergrond, wat een verrassend effect geeft. Als je de Popcard openslaat ontvouwt zich op een krans van bloemen en bladeren een imposante blauw-violette Hortensia bol, met 3 [&hellip;]<\/p>\n","protected":false},"featured_media":83082,"comment_status":"open","ping_status":"closed","template":"","meta":{"_iconic_wsb_product_page_order_bump_ids":[[]],"_sku":["8785253682709"],"_iconic_wsb_product_page_bump_modal_ids":[[]]},"product_brand":[],"product_cat":[47],"product_tag":[48],"class_list":{"0":"post-83514","1":"product","2":"type-product","3":"status-publish","4":"has-post-thumbnail","6":"product_cat-bloemen-bloemenkaarten-wenskaarten","7":"product_tag-bloemen","9":"first","10":"instock","11":"taxable","12":"shipping-taxable","13":"purchasable","14":"product-type-simple"},"gallery_images":[83688],"_links":{"self":[{"href":"https:\/\/popcards.nl\/es\/wp-json\/wp\/v2\/product\/83514","targetHints":{"allow":["GET"]}}],"collection":[{"href":"https:\/\/popcards.nl\/es\/wp-json\/wp\/v2\/product"}],"about":[{"href":"https:\/\/popcards.nl\/es\/wp-json\/wp\/v2\/types\/product"}],"replies":[{"embeddable":true,"href":"https:\/\/popcards.nl\/es\/wp-json\/wp\/v2\/comments?post=83514"}],"wp:featuredmedia":[{"embeddable":true,"href":"https:\/\/popcards.nl\/es\/wp-json\/wp\/v2\/media\/83082"}],"wp:attachment":[{"href":"https:\/\/popcards.nl\/es\/wp-json\/wp\/v2\/media?parent=83514"}],"wp:term":[{"taxonomy":"product_brand","embeddable":true,"href":"https:\/\/popcards.nl\/es\/wp-json\/wp\/v2\/product_brand?post=83514"},{"taxonomy":"product_cat","embeddable":true,"href":"https:\/\/popcards.nl\/es\/wp-json\/wp\/v2\/product_cat?post=83514"},{"taxonomy":"product_tag","embeddable":true,"href":"https:\/\/popcards.nl\/es\/wp-json\/wp\/v2\/product_tag?post=83514"}],"curies":[{"name":"gracias","href":"https:\/\/api.w.org\/{rel}","templated":true}]}}