{"id":83516,"date":"2025-01-22T21:17:56","date_gmt":"2025-01-22T20:17:56","guid":{"rendered":"https:\/\/popcards.nl\/?post_type=product&#038;p=83516"},"modified":"2026-04-28T14:12:30","modified_gmt":"2026-04-28T12:12:30","slug":"tarjeta-emergente-setas-caracol-colores-de-otono-2","status":"publish","type":"product","link":"https:\/\/popcards.nl\/es\/product\/pop-up-kaart-paddenstoelen-slak-herstkleuren\/","title":{"rendered":"Hermosa tarjeta desplegable Setas con Caracol en colores oto\u00f1ales | Oto\u00f1o Tarjetas de felicitaci\u00f3n"},"content":{"rendered":"<p>Esta tarjeta emergente de hongos muestra una hermosa ilustraci\u00f3n de diferentes hongos en el frente naranja mate. Esta ilustraci\u00f3n suavemente brillante est\u00e1 profundamente incrustada en el fondo naranja mate, lo que le da un efecto sorprendente. Al abrir la Popcard, se despliega una hermosa composici\u00f3n de 3 ag\u00e1ricos de mosca con un caracol orgulloso sobre una corona de setas y hojas del bosque. El fondo est\u00e1 estampado con setas y hojas en colores a juego. \u00a1Una escena completa para el oto\u00f1o y una tarjeta de felicitaci\u00f3n maravillosamente hermosa que realmente impresiona!<\/p>\n<p>La Ag\u00e1rica Mosca es una de las setas m\u00e1s bellas y, sin duda, m\u00e1s famosas. Crecen principalmente en el bosque, en bosques caducifolios, pero tambi\u00e9n puedes encontrar este hongo en la hierba a la sombra de un gran \u00e1rbol. Durante un agradable paseo por el bosque, por ejemplo. Especialmente debajo de abedules, pinos, robles o hayas en suelos \u00e1cidos. La Amanita muscaria o ag\u00e1rico de mosca se llama as\u00ed porque los ganaderos mezclaban las venenosas hojuelas blancas del hongo con agua y utilizaban la mezcla para deshacerse de las moscas en el establo. A los caracoles, tanto las babosas como los caracoles normales, les gusta comer hongos, incluido este ag\u00e1rico de mosca. Adem\u00e1s, a ratones, conejos, ardillas e insectos como los escarabajos les gusta esta seta. El ag\u00e1rico de mosca es menos apto para el consumo humano. El ag\u00e1rico de mosca ha sido declarado Hongo del A\u00f1o 2022.<\/p>\n<p>Tama\u00f1o de la tarjeta 26 \u00d7 18 cm, doblada a 13 \u00d7 18 cm.<br \/>\nIncluye sobre a juego, empaquetado en una bolsa de celof\u00e1n.<\/p>","protected":false},"excerpt":{"rendered":"<p>Deze paddenstoel pop-up kaart toont op de mat oranje voorzijde een prachtige illustratie van verschillende paddenstoelen. Deze zacht glanzende illustratie is verdiept ingelegd in de matte oranje ondergrond, wat een verrassend effect geeft. Als je de Popcard openslaat ontvouwt zich op een krans van bospaddenstoelen en bladeren een prachtige compositie van 3 vliegenzwammen met trotse [&hellip;]<\/p>\n","protected":false},"featured_media":83095,"comment_status":"open","ping_status":"closed","template":"","meta":{"_iconic_wsb_product_page_order_bump_ids":[[]],"_sku":["8785253684659"],"_iconic_wsb_product_page_bump_modal_ids":[[]]},"product_brand":[],"product_cat":[21,47],"product_tag":[48],"class_list":{"0":"post-83516","1":"product","2":"type-product","3":"status-publish","4":"has-post-thumbnail","6":"product_cat-dieren-dierenkaarten-wenskaarten","7":"product_cat-bloemen-bloemenkaarten-wenskaarten","8":"product_tag-bloemen","10":"first","11":"instock","12":"taxable","13":"shipping-taxable","14":"purchasable","15":"product-type-simple"},"gallery_images":[85952],"_links":{"self":[{"href":"https:\/\/popcards.nl\/es\/wp-json\/wp\/v2\/product\/83516","targetHints":{"allow":["GET"]}}],"collection":[{"href":"https:\/\/popcards.nl\/es\/wp-json\/wp\/v2\/product"}],"about":[{"href":"https:\/\/popcards.nl\/es\/wp-json\/wp\/v2\/types\/product"}],"replies":[{"embeddable":true,"href":"https:\/\/popcards.nl\/es\/wp-json\/wp\/v2\/comments?post=83516"}],"wp:featuredmedia":[{"embeddable":true,"href":"https:\/\/popcards.nl\/es\/wp-json\/wp\/v2\/media\/83095"}],"wp:attachment":[{"href":"https:\/\/popcards.nl\/es\/wp-json\/wp\/v2\/media?parent=83516"}],"wp:term":[{"taxonomy":"product_brand","embeddable":true,"href":"https:\/\/popcards.nl\/es\/wp-json\/wp\/v2\/product_brand?post=83516"},{"taxonomy":"product_cat","embeddable":true,"href":"https:\/\/popcards.nl\/es\/wp-json\/wp\/v2\/product_cat?post=83516"},{"taxonomy":"product_tag","embeddable":true,"href":"https:\/\/popcards.nl\/es\/wp-json\/wp\/v2\/product_tag?post=83516"}],"curies":[{"name":"gracias","href":"https:\/\/api.w.org\/{rel}","templated":true}]}}