{"id":89927,"date":"2025-07-03T15:56:45","date_gmt":"2025-07-03T13:56:45","guid":{"rendered":"https:\/\/popcards.nl\/?post_type=product&#038;p=89927"},"modified":"2026-04-20T10:58:10","modified_gmt":"2026-04-20T08:58:10","slug":"tarjeta-desplegable-con-colibries-aros-azucenas-y-amaryllis","status":"publish","type":"product","link":"https:\/\/popcards.nl\/es\/product\/kolibries-aronskelken-amarylissen-pop-up-kaart\/","title":{"rendered":"\u00a1Preciosa! Tarjeta desplegable con colibr\u00edes, alcatraces y azucenas."},"content":{"rendered":"<p>\u00a1Qu\u00e9 tarjeta desplegable tan especial! Esta Popcard muestra una hermosa ilustraci\u00f3n de amarilis y calas en el anverso, decorada con una mariposa dorada y delicadas l\u00edneas doradas brillantes. Una t\u00e9cnica de impresi\u00f3n especial, que en combinaci\u00f3n con el negro intenso crea un efecto mate brillante. Al abrir la Popcard, se despliega una ventana desplegable con amarilis y calas, junto con tres colibr\u00edes en vuelo. Todos s\u00edmbolos de vida y muerte. En el silencio de estas flores encontramos palabras inefables. La amarilis simboliza la p\u00e9rdida de un ser querido. El cala simboliza la pureza y la inocencia. El duelo y la memoria a menudo se entrelazan en el simbolismo de la naturaleza. Cada flor, cada ave, puede decirnos algo, encarnar una emoci\u00f3n, que nos ayuda a procesar la p\u00e9rdida y honrar al difunto. Esta tarjeta puede ser un rayo de luz en d\u00edas oscuros y un rayo de consuelo en el coraz\u00f3n del destinatario.<\/p>\n<p>En la tarjeta suelta adjunta, puedes escribir palabras personales. Piensa en un mensaje que ofrezca esperanza y apoyo al destinatario.<\/p>\n<p><strong>Esta tarjeta desplegable es vers\u00e1til: no solo se puede usar como tarjeta de duelo o de consuelo, sino tambi\u00e9n para ocasiones especiales. Es una hermosa tarjeta desplegable ideal para casi cualquier ocasi\u00f3n.\u00a0<\/strong><\/p>\n<p>Tama\u00f1o 28 x 19,5 cm, plegado a 14 x 19,5 cm.<br \/>\nIncluye sobre a juego, empaquetado en una bolsa de celof\u00e1n.<\/p>","protected":false},"excerpt":{"rendered":"<p>Wat een aparte pop-up kaart is dit! Deze Popcard toont op de voorzijde een fraaie illustratie van amaryllissen en aronskelken, gedecoreerd met een gouden vlindertje en ragfijne glanzende gouden lijnen. Een aparte druktechniek, wat in combinatie met het diep-zwart een mat-glanzend effect geeft. Als je de Popcard opent, ontvouwt zich een pop-up met amaryllissen en [&hellip;]<\/p>\n","protected":false},"featured_media":89448,"comment_status":"open","ping_status":"closed","template":"","meta":{"_iconic_wsb_product_page_order_bump_ids":[[]],"_sku":["4805388548924"],"_iconic_wsb_product_page_bump_modal_ids":[[]]},"product_brand":[],"product_cat":[78,47,21],"product_tag":[252,142],"class_list":{"0":"post-89927","1":"product","2":"type-product","3":"status-publish","4":"has-post-thumbnail","6":"product_cat-beterschapskaarten-troostkaarten-condoleancekaarten","7":"product_cat-bloemen-bloemenkaarten-wenskaarten","8":"product_cat-dieren-dierenkaarten-wenskaarten","9":"product_tag-troost","10":"product_tag-vogel","12":"first","13":"outofstock","14":"taxable","15":"shipping-taxable","16":"purchasable","17":"product-type-simple"},"gallery_images":[93741],"_links":{"self":[{"href":"https:\/\/popcards.nl\/es\/wp-json\/wp\/v2\/product\/89927","targetHints":{"allow":["GET"]}}],"collection":[{"href":"https:\/\/popcards.nl\/es\/wp-json\/wp\/v2\/product"}],"about":[{"href":"https:\/\/popcards.nl\/es\/wp-json\/wp\/v2\/types\/product"}],"replies":[{"embeddable":true,"href":"https:\/\/popcards.nl\/es\/wp-json\/wp\/v2\/comments?post=89927"}],"wp:featuredmedia":[{"embeddable":true,"href":"https:\/\/popcards.nl\/es\/wp-json\/wp\/v2\/media\/89448"}],"wp:attachment":[{"href":"https:\/\/popcards.nl\/es\/wp-json\/wp\/v2\/media?parent=89927"}],"wp:term":[{"taxonomy":"product_brand","embeddable":true,"href":"https:\/\/popcards.nl\/es\/wp-json\/wp\/v2\/product_brand?post=89927"},{"taxonomy":"product_cat","embeddable":true,"href":"https:\/\/popcards.nl\/es\/wp-json\/wp\/v2\/product_cat?post=89927"},{"taxonomy":"product_tag","embeddable":true,"href":"https:\/\/popcards.nl\/es\/wp-json\/wp\/v2\/product_tag?post=89927"}],"curies":[{"name":"gracias","href":"https:\/\/api.w.org\/{rel}","templated":true}]}}