{"id":89951,"date":"2025-07-03T20:33:32","date_gmt":"2025-07-03T18:33:32","guid":{"rendered":"https:\/\/popcards.nl\/?post_type=product&#038;p=89951"},"modified":"2026-04-14T11:53:28","modified_gmt":"2026-04-14T09:53:28","slug":"tarjeta-de-felicitacion-emergente-con-tulipanes-coloridos-en-un-jarron-grande","status":"publish","type":"product","link":"https:\/\/popcards.nl\/es\/product\/grote-vaas-kleurrijke-tulpen-pop-up-wenskaart\/","title":{"rendered":"Tarjeta de felicitaci\u00f3n desplegable con un gran jarr\u00f3n independiente y tulipanes de colores"},"content":{"rendered":"<p>Esta tarjeta desplegable especial de flores es diferente a nuestras Popcards habituales y muy sorprendente. Consiste en un jarr\u00f3n tridimensional decorado con flores, en el que se coloca un impresionante ramo de tulipanes. Este ramo de tulipanes es completamente tridimensional, por lo que se puede ver desde todos los \u00e1ngulos. Esto crea un efecto fant\u00e1stico y el destinatario quedar\u00e1 maravillado de que un ramo redondo tan grande quepa en un sobre plano. Una vez desplegado, el ramo queda completamente suelto, firme y se sostiene en el espacio.<\/p>\n<p>Se adjunta una tarjeta separada en la que puedes escribir un mensaje para el afortunado destinatario. Un precioso y completo ramo para regalar. O para conservarlo usted mismo. \u00a1Dilo con flores! <a href=\"https:\/\/popcards.nl\/es\/categoria\/flores-tarjetas-de-felicitacion\/\">Tenemos muchas m\u00e1s tarjetas emergentes de flores.<\/a><\/p>\n<p>Tarjeta de gran formato, plana de 22 cm de alto, 22 cm de ancho, di\u00e1metro desplegada 15 cm.<br \/>\nIncluye sobre dorado a juego. Empaquetado en una bolsa de celof\u00e1n.<\/p>","protected":false},"excerpt":{"rendered":"<p>Deze bijzondere pop-up bloemenkaart is anders uitgevoerd dan onze gebruikelijke Popcards, en heel verrassend. Deze pop-up kaart bestaat uit een driedimensionale vrijstaande met bloemen gedecoreerde vaas, waarin een imponerende grote bos tulpen staat. Dit boeket tulpen is volledig driedimensionaal, je kunt er rondom van alle kanten naar kijken. Dat geeft een geweldig effect en de [&hellip;]<\/p>\n","protected":false},"featured_media":89952,"comment_status":"open","ping_status":"closed","template":"","meta":{"_iconic_wsb_product_page_order_bump_ids":[[]],"_sku":["4805388559920"],"_iconic_wsb_product_page_bump_modal_ids":[[]]},"product_brand":[],"product_cat":[47,78,34],"product_tag":[48],"class_list":{"0":"post-89951","1":"product","2":"type-product","3":"status-publish","4":"has-post-thumbnail","6":"product_cat-bloemen-bloemenkaarten-wenskaarten","7":"product_cat-beterschapskaarten-troostkaarten-condoleancekaarten","8":"product_cat-felicitatie-verjaardag-verjaardagskaarten","9":"product_tag-bloemen","11":"first","12":"instock","13":"taxable","14":"shipping-taxable","15":"purchasable","16":"product-type-simple"},"gallery_images":[],"_links":{"self":[{"href":"https:\/\/popcards.nl\/es\/wp-json\/wp\/v2\/product\/89951","targetHints":{"allow":["GET"]}}],"collection":[{"href":"https:\/\/popcards.nl\/es\/wp-json\/wp\/v2\/product"}],"about":[{"href":"https:\/\/popcards.nl\/es\/wp-json\/wp\/v2\/types\/product"}],"replies":[{"embeddable":true,"href":"https:\/\/popcards.nl\/es\/wp-json\/wp\/v2\/comments?post=89951"}],"wp:featuredmedia":[{"embeddable":true,"href":"https:\/\/popcards.nl\/es\/wp-json\/wp\/v2\/media\/89952"}],"wp:attachment":[{"href":"https:\/\/popcards.nl\/es\/wp-json\/wp\/v2\/media?parent=89951"}],"wp:term":[{"taxonomy":"product_brand","embeddable":true,"href":"https:\/\/popcards.nl\/es\/wp-json\/wp\/v2\/product_brand?post=89951"},{"taxonomy":"product_cat","embeddable":true,"href":"https:\/\/popcards.nl\/es\/wp-json\/wp\/v2\/product_cat?post=89951"},{"taxonomy":"product_tag","embeddable":true,"href":"https:\/\/popcards.nl\/es\/wp-json\/wp\/v2\/product_tag?post=89951"}],"curies":[{"name":"gracias","href":"https:\/\/api.w.org\/{rel}","templated":true}]}}