{"id":89955,"date":"2025-07-03T20:44:31","date_gmt":"2025-07-03T18:44:31","guid":{"rendered":"https:\/\/popcards.nl\/?post_type=product&#038;p=89955"},"modified":"2025-12-24T18:18:49","modified_gmt":"2025-12-24T17:18:49","slug":"ramo-navideno-supergrande-con-flores-de-pascua-y-tarjeta-navidena","status":"publish","type":"product","link":"https:\/\/popcards.nl\/es\/product\/supergroot-kerstboeket-kerststerren-kerstkaart\/","title":{"rendered":"Ramo navide\u00f1o extragrande independiente: Poinsettias en jarr\u00f3n, tarjeta navide\u00f1a desplegable"},"content":{"rendered":"<p>Esta tarjeta especial de flores desplegable es diferente a nuestras Popcards habituales y muy sorprendente. Consiste en un jarr\u00f3n tridimensional decorado con estrellas navide\u00f1as, en el que se coloca un impresionante ramo de estrellas navide\u00f1as rojas y blancas con frutos rojos. Este ramo de flores es completamente tridimensional, se puede ver desde todos los \u00e1ngulos. Esto crea un efecto fant\u00e1stico y el destinatario quedar\u00e1 asombrado de que un ramo redondo tan grande quepa en un sobre plano. Una vez desplegado, el ramo queda completamente de pie, resistente y se sostiene en el espacio. \u00a1Un gran ramo navide\u00f1o! \u00a1Una tarjeta navide\u00f1a que te impresionar\u00e1!<\/p>\n<p>Incluye una tarjeta aparte para escribir un mensaje para el destinatario. Un hermoso y completo ramo navide\u00f1o para regalar. O para ti. \u00a1D\u00edselo con flores! <a href=\"https:\/\/popcards.nl\/es\/categoria\/las-10-tarjetas-navidenas-mas-bonitas\/\">Tenemos muchas m\u00e1s tarjetas navide\u00f1as emergentes.<\/a><\/p>\n<p>Formato de tarjeta supergrande, plana de 30 cm de alto, 20 cm de ancho, di\u00e1metro desplegada 20 cm.<br \/>\nIncluye sobre dorado a juego. Empaquetado en una bolsa de celof\u00e1n.<\/p>","protected":false},"excerpt":{"rendered":"<p>Deze bijzondere pop-up bloemenkaart is anders uitgevoerd dan onze gebruikelijke Popcards, en heel verrassend. Deze pop-up kaart bestaat uit een driedimensionale vrijstaande met kerststerren gedecoreerde vaas, waarin een imponerende grote bos rode en witte kerststerren met rode bessen staat. Dit boeket bloemen is volledig driedimensionaal, je kunt er rondom van alle kanten naar kijken. Dat [&hellip;]<\/p>\n","protected":false},"featured_media":89957,"comment_status":"open","ping_status":"closed","template":"","meta":{"_iconic_wsb_product_page_order_bump_ids":[[]],"_sku":["4805388557001"],"_iconic_wsb_product_page_bump_modal_ids":[[]]},"product_brand":[],"product_cat":[79],"product_tag":[131],"class_list":{"0":"post-89955","1":"product","2":"type-product","3":"status-publish","4":"has-post-thumbnail","6":"product_cat-de-top-10-mooiste-kerstkaarten","7":"product_tag-kerst","9":"first","10":"outofstock","11":"taxable","12":"shipping-taxable","13":"purchasable","14":"product-type-simple"},"gallery_images":[93738],"_links":{"self":[{"href":"https:\/\/popcards.nl\/es\/wp-json\/wp\/v2\/product\/89955","targetHints":{"allow":["GET"]}}],"collection":[{"href":"https:\/\/popcards.nl\/es\/wp-json\/wp\/v2\/product"}],"about":[{"href":"https:\/\/popcards.nl\/es\/wp-json\/wp\/v2\/types\/product"}],"replies":[{"embeddable":true,"href":"https:\/\/popcards.nl\/es\/wp-json\/wp\/v2\/comments?post=89955"}],"wp:featuredmedia":[{"embeddable":true,"href":"https:\/\/popcards.nl\/es\/wp-json\/wp\/v2\/media\/89957"}],"wp:attachment":[{"href":"https:\/\/popcards.nl\/es\/wp-json\/wp\/v2\/media?parent=89955"}],"wp:term":[{"taxonomy":"product_brand","embeddable":true,"href":"https:\/\/popcards.nl\/es\/wp-json\/wp\/v2\/product_brand?post=89955"},{"taxonomy":"product_cat","embeddable":true,"href":"https:\/\/popcards.nl\/es\/wp-json\/wp\/v2\/product_cat?post=89955"},{"taxonomy":"product_tag","embeddable":true,"href":"https:\/\/popcards.nl\/es\/wp-json\/wp\/v2\/product_tag?post=89955"}],"curies":[{"name":"gracias","href":"https:\/\/api.w.org\/{rel}","templated":true}]}}