{"id":89965,"date":"2025-07-03T21:35:45","date_gmt":"2025-07-03T19:35:45","guid":{"rendered":"https:\/\/popcards.nl\/?post_type=product&#038;p=89965"},"modified":"2026-04-29T18:56:29","modified_gmt":"2026-04-29T16:56:29","slug":"tarjeta-emergente-con-amplificador-de-guitarra-electrica","status":"publish","type":"product","link":"https:\/\/popcards.nl\/es\/product\/elektrische-gitaar-versterker-pop-up-kaart\/","title":{"rendered":"Tarjeta de felicitaci\u00f3n desplegable con guitarra el\u00e9ctrica y amplificador"},"content":{"rendered":"<p>Esta tarjeta de felicitaci\u00f3n Popcard muestra la ilustraci\u00f3n de una guitarra el\u00e9ctrica de los a\u00f1os 50 sobre un fondo azul oscuro. Esta ilustraci\u00f3n est\u00e1 incrustada en la cubierta azul brillante, lo que le da un efecto sorprendente. Al abrir la tarjeta desplegable, te sorprender\u00e1 un mundo donde la m\u00fasica es atemporal. En el centro brilla una hermosa guitarra el\u00e9ctrica, junto a su fiel amplificador, listos para dejar que los recuerdos resuenen y surjan nuevas melod\u00edas.<\/p>\n<p>Un hermoso pentagrama flota a su alrededor, como un c\u00edrculo de inspiraci\u00f3n, donde las notas danzan alegremente y te invitan a tocar tu propia canci\u00f3n. Todo respira la magia de la m\u00fasica y la artesan\u00eda de anta\u00f1o. Una hermosa tarjeta de felicitaci\u00f3n para los verdaderos amantes de la m\u00fasica.<\/p>\n<p>Dese\u00e1ndote mucha felicidad, amor y armon\u00eda, que tus d\u00edas suenen como un concierto eterno en el que cada nota traiga una sonrisa.<\/p>\n<p>Tama\u00f1o de la tarjeta 30 \u00d7 20 cm, doblada a 15 \u00d7 20 cm.<br \/>\nIncluye sobre a juego, empaquetado en una bolsa de celof\u00e1n.<\/p>","protected":false},"excerpt":{"rendered":"<p>Deze Popcard wenskaart toont op de diep donkerblauwe voorzijde een illustratie van een jaren-50 elektrische gitaar. Deze illustratie is verdiept ingelegd in de glanzende blauwe omslag, wat een verrassend effect geeft. Als je de pop-up kaart openslaat word je verrast door een wereld waar muziek tijdloos is. In het midden schittert een schitterende elektrische gitaar, [&hellip;]<\/p>\n","protected":false},"featured_media":89449,"comment_status":"open","ping_status":"closed","template":"","meta":{"_iconic_wsb_product_page_order_bump_ids":[[]],"_sku":["4805388550323"],"_iconic_wsb_product_page_bump_modal_ids":[[]]},"product_brand":[],"product_cat":[58],"product_tag":[134],"class_list":{"0":"post-89965","1":"product","2":"type-product","3":"status-publish","4":"has-post-thumbnail","6":"product_cat-muziek-muziekinstrumenten-wenskaarten","7":"product_tag-muziek","9":"first","10":"instock","11":"taxable","12":"shipping-taxable","13":"purchasable","14":"product-type-simple"},"gallery_images":[89966,89967,93732],"_links":{"self":[{"href":"https:\/\/popcards.nl\/es\/wp-json\/wp\/v2\/product\/89965","targetHints":{"allow":["GET"]}}],"collection":[{"href":"https:\/\/popcards.nl\/es\/wp-json\/wp\/v2\/product"}],"about":[{"href":"https:\/\/popcards.nl\/es\/wp-json\/wp\/v2\/types\/product"}],"replies":[{"embeddable":true,"href":"https:\/\/popcards.nl\/es\/wp-json\/wp\/v2\/comments?post=89965"}],"wp:featuredmedia":[{"embeddable":true,"href":"https:\/\/popcards.nl\/es\/wp-json\/wp\/v2\/media\/89449"}],"wp:attachment":[{"href":"https:\/\/popcards.nl\/es\/wp-json\/wp\/v2\/media?parent=89965"}],"wp:term":[{"taxonomy":"product_brand","embeddable":true,"href":"https:\/\/popcards.nl\/es\/wp-json\/wp\/v2\/product_brand?post=89965"},{"taxonomy":"product_cat","embeddable":true,"href":"https:\/\/popcards.nl\/es\/wp-json\/wp\/v2\/product_cat?post=89965"},{"taxonomy":"product_tag","embeddable":true,"href":"https:\/\/popcards.nl\/es\/wp-json\/wp\/v2\/product_tag?post=89965"}],"curies":[{"name":"gracias","href":"https:\/\/api.w.org\/{rel}","templated":true}]}}