{"id":89969,"date":"2025-07-03T21:49:21","date_gmt":"2025-07-03T19:49:21","guid":{"rendered":"https:\/\/popcards.nl\/?post_type=product&#038;p=89969"},"modified":"2026-04-20T10:58:09","modified_gmt":"2026-04-20T08:58:09","slug":"tarjeta-desplegable-de-mama-ganso-con-sus-tres-crias-de-ganso","status":"publish","type":"product","link":"https:\/\/popcards.nl\/es\/product\/moeder-de-gans-3-jonge-gansjes-pop-up-kaart\/","title":{"rendered":"Tarjeta de felicitaci\u00f3n desplegable de Mam\u00e1 Ganso con tres cr\u00edas de ganso"},"content":{"rendered":"<p>\u00a1Qu\u00e9 tarjeta pop-up tan divertida! El anverso blanco de esta tarjeta desplegable muestra un ganso con sus cr\u00edas en un hermoso estanque.<\/p>\n<p>La imagen desplegable del interior muestra una escena evocadora de la gansa y sus cr\u00edas nadando en un hermoso estanque lleno de nen\u00fafares. Lleva un alegre sombrero para protegerse del sol.<\/p>\n<p>Los cuentos de Mam\u00e1 Oca. \u00bfQui\u00e9n no los conoce? Una colecci\u00f3n de cuentos de hadas a\u00fan famosos, escrita por el franc\u00e9s Charles Perrault en 1697. Entre los cuentos m\u00e1s conocidos de su colecci\u00f3n se encuentran La Cenicienta, La Bella Durmiente, Pulgarcito y Caperucita Roja. Nuestra Mam\u00e1 Oca no tiene tiempo para entretenerse con cuentos de hadas con sus tres polluelos hambrientos.<\/p>\n<p>Tama\u00f1o de la tarjeta 25 \u00d7 17,5 cm, doblada a 12,5 \u00d7 17,5 cm.<br \/>\nIncluye sobre a juego, empaquetado en una bolsa de celof\u00e1n.<\/p>","protected":false},"excerpt":{"rendered":"<p>Wat een leuke Popcard! De witte voorkant van deze pop-up kaart toont een gans met jongen in een mooie vijver. De pop-up aan de binnenkant is een sfeervol tafereeltje van de gans met haar jongen, zwemmend in een prachtige vijver vol lelies en plompen. Zij heeft een olijk hoedje op haar hoofd tegen de zon. [&hellip;]<\/p>\n","protected":false},"featured_media":89424,"comment_status":"open","ping_status":"closed","template":"","meta":{"_iconic_wsb_product_page_order_bump_ids":[[]],"_sku":["4805388557612"],"_iconic_wsb_product_page_bump_modal_ids":[[]]},"product_brand":[],"product_cat":[21,22],"product_tag":[132,127,142],"class_list":{"0":"post-89969","1":"product","2":"type-product","3":"status-publish","4":"has-post-thumbnail","6":"product_cat-dieren-dierenkaarten-wenskaarten","7":"product_cat-geboorte-geboortekaarten-baby-babykaart","8":"product_tag-dier","9":"product_tag-moederdag","10":"product_tag-vogel","12":"first","13":"instock","14":"sale","15":"taxable","16":"shipping-taxable","17":"purchasable","18":"product-type-simple"},"gallery_images":[89423,93731],"_links":{"self":[{"href":"https:\/\/popcards.nl\/es\/wp-json\/wp\/v2\/product\/89969","targetHints":{"allow":["GET"]}}],"collection":[{"href":"https:\/\/popcards.nl\/es\/wp-json\/wp\/v2\/product"}],"about":[{"href":"https:\/\/popcards.nl\/es\/wp-json\/wp\/v2\/types\/product"}],"replies":[{"embeddable":true,"href":"https:\/\/popcards.nl\/es\/wp-json\/wp\/v2\/comments?post=89969"}],"wp:featuredmedia":[{"embeddable":true,"href":"https:\/\/popcards.nl\/es\/wp-json\/wp\/v2\/media\/89424"}],"wp:attachment":[{"href":"https:\/\/popcards.nl\/es\/wp-json\/wp\/v2\/media?parent=89969"}],"wp:term":[{"taxonomy":"product_brand","embeddable":true,"href":"https:\/\/popcards.nl\/es\/wp-json\/wp\/v2\/product_brand?post=89969"},{"taxonomy":"product_cat","embeddable":true,"href":"https:\/\/popcards.nl\/es\/wp-json\/wp\/v2\/product_cat?post=89969"},{"taxonomy":"product_tag","embeddable":true,"href":"https:\/\/popcards.nl\/es\/wp-json\/wp\/v2\/product_tag?post=89969"}],"curies":[{"name":"gracias","href":"https:\/\/api.w.org\/{rel}","templated":true}]}}