{"id":89996,"date":"2025-07-04T16:38:48","date_gmt":"2025-07-04T14:38:48","guid":{"rendered":"https:\/\/popcards.nl\/?post_type=product&#038;p=89996"},"modified":"2026-05-02T14:28:51","modified_gmt":"2026-05-02T12:28:51","slug":"tarjeta-de-felicitacion-de-campo-con-girasoles-y-mariposas","status":"publish","type":"product","link":"https:\/\/popcards.nl\/es\/product\/wenskaart-veld-met-zonnebloemen-en-vlinders\/","title":{"rendered":"Tarjeta de felicitaci\u00f3n emergente Un campo lleno de girasoles y mariposas"},"content":{"rendered":"<p>\u00a1Qu\u00e9 hermosa tarjeta desplegable! Tantos girasoles, con detalles tan exquisitos, son realmente impresionantes.<\/p>\n<p>Esta gran Popcard presenta una hermosa ilustraci\u00f3n de girasoles y una bola de peluche en el anverso. Al abrirla, se despliega un campo de docenas de girasoles. Las mariposas a\u00f1aden un colorido contraste a los girasoles. El fondo tambi\u00e9n est\u00e1 estampado con girasoles. Una alegre composici\u00f3n de un campo de girasoles completo.<\/p>\n<p>Los girasoles se asocian a menudo con el sol por sus brillantes p\u00e9talos amarillos que se asemejan a los rayos del sol y su capacidad de girar hacia \u00e9l. El girasol simboliza la felicidad, el amor, la confianza, la admiraci\u00f3n, la fuerza y el sol. El s\u00edmbolo del amor proviene de la mitolog\u00eda griega. La ninfa del agua Clytia se enamor\u00f3 del dios del sol Apolo. Cuando Apolo la convirti\u00f3 en flor, siempre sigui\u00f3 la direcci\u00f3n del sol en amor.<\/p>\n<p>Esta tarjeta desplegable no es s\u00f3lo una manera hermosa y amorosa de sorprender a alguien, sino tambi\u00e9n un recordatorio inspirador del poder y la positividad de la naturaleza.<\/p>\n<p>Formato cartulina grande 30\u00d720 cm, plegada a 15\u00d720 cm.<br \/>\nIncluye sobre a juego, empaquetado en una bolsa de celof\u00e1n.<\/p>","protected":false},"excerpt":{"rendered":"<p>Wat een fraaie volle pop-up kaart is dit! Echt heel erg indrukwekkend zoveel zonnebloemen, met heel verfijnde details. Deze grote Popcard toont op de voorzijde een fraaie illustratie van zonnebloemen en een pluizebol. Als je de Popcard openslaat ontvouwt zich een veld van tientallen zonnebloemen. De vlindertjes geven een gekleurd contrast aan de zonnebloemen. De [&hellip;]<\/p>\n","protected":false},"featured_media":89429,"comment_status":"open","ping_status":"closed","template":"","meta":{"_iconic_wsb_product_page_order_bump_ids":[[]],"_sku":["4805388547873"],"_iconic_wsb_product_page_bump_modal_ids":[[]]},"product_brand":[],"product_cat":[47],"product_tag":[48],"class_list":{"0":"post-89996","1":"product","2":"type-product","3":"status-publish","4":"has-post-thumbnail","6":"product_cat-bloemen-bloemenkaarten-wenskaarten","7":"product_tag-bloemen","9":"first","10":"instock","11":"taxable","12":"shipping-taxable","13":"purchasable","14":"product-type-simple"},"gallery_images":[89430,89997,93734],"_links":{"self":[{"href":"https:\/\/popcards.nl\/es\/wp-json\/wp\/v2\/product\/89996","targetHints":{"allow":["GET"]}}],"collection":[{"href":"https:\/\/popcards.nl\/es\/wp-json\/wp\/v2\/product"}],"about":[{"href":"https:\/\/popcards.nl\/es\/wp-json\/wp\/v2\/types\/product"}],"replies":[{"embeddable":true,"href":"https:\/\/popcards.nl\/es\/wp-json\/wp\/v2\/comments?post=89996"}],"wp:featuredmedia":[{"embeddable":true,"href":"https:\/\/popcards.nl\/es\/wp-json\/wp\/v2\/media\/89429"}],"wp:attachment":[{"href":"https:\/\/popcards.nl\/es\/wp-json\/wp\/v2\/media?parent=89996"}],"wp:term":[{"taxonomy":"product_brand","embeddable":true,"href":"https:\/\/popcards.nl\/es\/wp-json\/wp\/v2\/product_brand?post=89996"},{"taxonomy":"product_cat","embeddable":true,"href":"https:\/\/popcards.nl\/es\/wp-json\/wp\/v2\/product_cat?post=89996"},{"taxonomy":"product_tag","embeddable":true,"href":"https:\/\/popcards.nl\/es\/wp-json\/wp\/v2\/product_tag?post=89996"}],"curies":[{"name":"gracias","href":"https:\/\/api.w.org\/{rel}","templated":true}]}}