{"id":90005,"date":"2025-07-04T17:26:04","date_gmt":"2025-07-04T15:26:04","guid":{"rendered":"https:\/\/popcards.nl\/?post_type=product&#038;p=90005"},"modified":"2026-04-22T17:50:04","modified_gmt":"2026-04-22T15:50:04","slug":"tarjeta-emergente-de-viaje-vacaciones-aventura-viaje-por-el-mundo","status":"publish","type":"product","link":"https:\/\/popcards.nl\/es\/product\/reis-pop-up-kaart-vakantie-avontuur-wereldreis\/","title":{"rendered":"\u00a1Buen viaje! Tarjeta desplegable Aventura Navide\u00f1a Gira Mundial"},"content":{"rendered":"<p>\u00bfQuieres desearle a alguien unas felices fiestas? \u00bfO te vas de viaje por el mundo? Entonces, aprovecha esta original y llamativa tarjeta desplegable. La tarjeta muestra una hermosa ilustraci\u00f3n de una isla en el mar azul con un avi\u00f3n al fondo. Tus maletas ya han sido entregadas. Al abrir la tarjeta, se despliega un mapa del mundo impreso con una tarjeta desplegable en el centro llena de maravillosos s\u00edmbolos navide\u00f1os. &quot;Divi\u00e9rtete&quot; est\u00e1 escrito en el cartel.<\/p>\n<p>Deje que el destinatario d\u00e9 el primer paso en su imaginaci\u00f3n hacia lugares especiales y encuentros inesperados con esta Popcard.<\/p>\n<p>Formato cartulina grande 30\u00d720 cm, plegada a 15\u00d720 cm.<br \/>\nIncluye sobre a juego, empaquetado en una bolsa de celof\u00e1n.<\/p>","protected":false},"excerpt":{"rendered":"<p>Wil je iemand een goede vakantie wensen? Of ga je zelf op (wereld)reis? Dan kan je deze originele en opvallende Popcard goed gebruiken. De pop-up kaart toont op de voorzijde een fraaie illustratie van een eiland in de blauwe zee met op de achtergrond een vliegtuig. Je koffers zijn daar al bezorgd. Als je de [&hellip;]<\/p>\n","protected":false},"featured_media":89441,"comment_status":"open","ping_status":"closed","template":"","meta":{"_iconic_wsb_product_page_order_bump_ids":[[]],"_sku":["4805388556899"],"_iconic_wsb_product_page_bump_modal_ids":[[]]},"product_brand":[],"product_cat":[17,57],"product_tag":[248],"class_list":{"0":"post-90005","1":"product","2":"type-product","3":"status-publish","4":"has-post-thumbnail","6":"product_cat-voertuigen-schip-trein-vliegtuig-auto-fiets","7":"product_cat-uitnodigingen-uitnodigingskaarten-verjaardag-jubileum","8":"product_tag-vakantie","10":"first","11":"instock","12":"taxable","13":"shipping-taxable","14":"purchasable","15":"product-type-simple"},"gallery_images":[93737],"_links":{"self":[{"href":"https:\/\/popcards.nl\/es\/wp-json\/wp\/v2\/product\/90005","targetHints":{"allow":["GET"]}}],"collection":[{"href":"https:\/\/popcards.nl\/es\/wp-json\/wp\/v2\/product"}],"about":[{"href":"https:\/\/popcards.nl\/es\/wp-json\/wp\/v2\/types\/product"}],"replies":[{"embeddable":true,"href":"https:\/\/popcards.nl\/es\/wp-json\/wp\/v2\/comments?post=90005"}],"wp:featuredmedia":[{"embeddable":true,"href":"https:\/\/popcards.nl\/es\/wp-json\/wp\/v2\/media\/89441"}],"wp:attachment":[{"href":"https:\/\/popcards.nl\/es\/wp-json\/wp\/v2\/media?parent=90005"}],"wp:term":[{"taxonomy":"product_brand","embeddable":true,"href":"https:\/\/popcards.nl\/es\/wp-json\/wp\/v2\/product_brand?post=90005"},{"taxonomy":"product_cat","embeddable":true,"href":"https:\/\/popcards.nl\/es\/wp-json\/wp\/v2\/product_cat?post=90005"},{"taxonomy":"product_tag","embeddable":true,"href":"https:\/\/popcards.nl\/es\/wp-json\/wp\/v2\/product_tag?post=90005"}],"curies":[{"name":"gracias","href":"https:\/\/api.w.org\/{rel}","templated":true}]}}