{"id":90125,"date":"2025-07-08T09:45:12","date_gmt":"2025-07-08T07:45:12","guid":{"rendered":"https:\/\/popcards.nl\/?post_type=product&#038;p=90125"},"modified":"2026-04-13T10:09:02","modified_gmt":"2026-04-13T08:09:02","slug":"tarjeta-desplegable-con-ramo-de-hortensias-de-gran-tamano","status":"publish","type":"product","link":"https:\/\/popcards.nl\/es\/product\/supergroot-boeket-hortensias-pop-up-kaart\/","title":{"rendered":"Tarjeta desplegable con ramo independiente grande de hortensias"},"content":{"rendered":"<p>Esta singular tarjeta desplegable de flores es diferente a nuestras Popcards habituales y bastante sorprendente. Presenta un jarr\u00f3n tridimensional que se sostiene de pie, decorado con una cinta dorada, y que contiene un impresionante ramo grande de hortensias de varios colores. Este ramo es completamente tridimensional, lo que permite verlo desde todos los \u00e1ngulos. Esto crea un efecto maravilloso, y el destinatario quedar\u00e1 asombrado de que un ramo tan grande y redondo quepa en un sobre plano. Una vez desplegado, el ramo se mantiene completamente libre, firme y de pie. \u00a1Una tarjeta de felicitaci\u00f3n que sin duda causar\u00e1 impresi\u00f3n!<\/p>\n<p>Recibir\u00e1s cuatro serpentinas doradas que puedes a\u00f1adir al ramo si lo deseas. Puedes elegir el mensaje que quieras: Cumplea\u00f1os, Gracias, D\u00eda de la Madre o Amor. Tambi\u00e9n incluye un sobre aparte con una tarjeta donde puedes escribir un mensaje para la persona afortunada. Un ramo precioso y completo para regalar. O para qued\u00e1rtelo. \u00a1D\u00edselo con flores! <a href=\"https:\/\/popcards.nl\/es\/categoria\/flores-tarjetas-de-felicitacion\/\">Tenemos muchas m\u00e1s tarjetas emergentes de flores.<\/a><\/p>\n<p>Formato de tarjeta muy grande, plana de 20 cm de alto, 25 cm de ancho, di\u00e1metro desplegada 18 cm.<br \/>\nIncluye un sobre a juego. Empacado en una bolsa de celof\u00e1n.<\/p>","protected":false},"excerpt":{"rendered":"<p>Deze bijzondere pop-up bloemenkaart is anders uitgevoerd dan onze gebruikelijke Popcards, en heel verrassend. Deze pop-up kaart bestaat uit een driedimensionale vrijstaande met gouden strik gedecoreerde vaas, waarin een imponerende grote bos hortensia\u2019s in verschillende kleuren staat. Dit boeket bloemen is volledig driedimensionaal, je kunt er rondom van alle kanten naar kijken. Dat geeft een [&hellip;]<\/p>\n","protected":false},"featured_media":90127,"comment_status":"open","ping_status":"closed","template":"","meta":{"_iconic_wsb_product_page_order_bump_ids":[[]],"_sku":["4805388556325"],"_iconic_wsb_product_page_bump_modal_ids":[[]]},"product_brand":[],"product_cat":[47],"product_tag":[48,288],"class_list":{"0":"post-90125","1":"product","2":"type-product","3":"status-publish","4":"has-post-thumbnail","6":"product_cat-bloemen-bloemenkaarten-wenskaarten","7":"product_tag-bloemen","8":"product_tag-supergroot","10":"first","11":"instock","12":"taxable","13":"shipping-taxable","14":"purchasable","15":"product-type-simple"},"gallery_images":[],"_links":{"self":[{"href":"https:\/\/popcards.nl\/es\/wp-json\/wp\/v2\/product\/90125","targetHints":{"allow":["GET"]}}],"collection":[{"href":"https:\/\/popcards.nl\/es\/wp-json\/wp\/v2\/product"}],"about":[{"href":"https:\/\/popcards.nl\/es\/wp-json\/wp\/v2\/types\/product"}],"replies":[{"embeddable":true,"href":"https:\/\/popcards.nl\/es\/wp-json\/wp\/v2\/comments?post=90125"}],"wp:featuredmedia":[{"embeddable":true,"href":"https:\/\/popcards.nl\/es\/wp-json\/wp\/v2\/media\/90127"}],"wp:attachment":[{"href":"https:\/\/popcards.nl\/es\/wp-json\/wp\/v2\/media?parent=90125"}],"wp:term":[{"taxonomy":"product_brand","embeddable":true,"href":"https:\/\/popcards.nl\/es\/wp-json\/wp\/v2\/product_brand?post=90125"},{"taxonomy":"product_cat","embeddable":true,"href":"https:\/\/popcards.nl\/es\/wp-json\/wp\/v2\/product_cat?post=90125"},{"taxonomy":"product_tag","embeddable":true,"href":"https:\/\/popcards.nl\/es\/wp-json\/wp\/v2\/product_tag?post=90125"}],"curies":[{"name":"gracias","href":"https:\/\/api.w.org\/{rel}","templated":true}]}}