{"id":90138,"date":"2025-07-08T10:22:29","date_gmt":"2025-07-08T08:22:29","guid":{"rendered":"https:\/\/popcards.nl\/?post_type=product&#038;p=90138"},"modified":"2026-04-14T05:50:04","modified_gmt":"2026-04-14T03:50:04","slug":"tarjeta-desplegable-con-un-gran-ramo-de-girasoles","status":"publish","type":"product","link":"https:\/\/popcards.nl\/es\/product\/groot-boeket-zonnebloemen-pop-up-kaart\/","title":{"rendered":"Gran ramo independiente, hermosa tarjeta desplegable de girasoles"},"content":{"rendered":"<p>Esta singular tarjeta desplegable de flores es diferente a nuestras Popcards habituales y bastante sorprendente. Presenta un jarr\u00f3n tridimensional que se sostiene de pie, decorado con una cinta dorada, y que contiene un impresionante ramo de girasoles. Este ramo es completamente tridimensional, lo que permite verlo desde todos los \u00e1ngulos. Esto crea un efecto maravilloso, y el destinatario quedar\u00e1 asombrado de que un ramo tan grande y redondo quepa en un sobre plano. Una vez desplegado, el ramo se mantiene completamente suelto, firme y de pie. \u00a1Una tarjeta de felicitaci\u00f3n que sin duda impresionar\u00e1!<\/p>\n<p>Recibir\u00e1s cuatro serpentinas doradas que puedes a\u00f1adir al ramo si lo deseas. Puedes elegir el mensaje que quieras: Cumplea\u00f1os, Gracias, D\u00eda de la Madre o Amor. Tambi\u00e9n incluye un sobre aparte con una tarjeta donde puedes escribir un mensaje para la persona afortunada. Un ramo precioso y completo para regalar. O para qued\u00e1rtelo. \u00a1D\u00edselo con flores! <a href=\"https:\/\/popcards.nl\/es\/categoria\/flores-tarjetas-de-felicitacion\/\">Tenemos muchas m\u00e1s tarjetas emergentes de flores.<\/a><\/p>\n<p><strong>Tama\u00f1o de tarjeta grande<\/strong>, plano 20 cm de alto, 24 cm de ancho, di\u00e1metro desplegado 18 cm.<br \/>\nIncluye un sobre a juego. Empacado en una bolsa de celof\u00e1n.<\/p>","protected":false},"excerpt":{"rendered":"<p>Deze bijzondere pop-up bloemenkaart is anders uitgevoerd dan onze gebruikelijke Popcards, en heel verrassend. Deze pop-up kaart bestaat uit een driedimensionale vrijstaande met gouden strik gedecoreerde vaas, waarin een imponerende grote bos zonnebloemen staat. Dit boeket bloemen is volledig driedimensionaal, je kunt er rondom van alle kanten naar kijken. Dat geeft een geweldig effect en [&hellip;]<\/p>\n","protected":false},"featured_media":90139,"comment_status":"open","ping_status":"closed","template":"","meta":{"_iconic_wsb_product_page_order_bump_ids":[[]],"_sku":["4805388572141"],"_iconic_wsb_product_page_bump_modal_ids":[[]]},"product_brand":[],"product_cat":[47],"product_tag":[48,288],"class_list":{"0":"post-90138","1":"product","2":"type-product","3":"status-publish","4":"has-post-thumbnail","6":"product_cat-bloemen-bloemenkaarten-wenskaarten","7":"product_tag-bloemen","8":"product_tag-supergroot","10":"first","11":"instock","12":"sale","13":"taxable","14":"shipping-taxable","15":"purchasable","16":"product-type-simple"},"gallery_images":[],"_links":{"self":[{"href":"https:\/\/popcards.nl\/es\/wp-json\/wp\/v2\/product\/90138","targetHints":{"allow":["GET"]}}],"collection":[{"href":"https:\/\/popcards.nl\/es\/wp-json\/wp\/v2\/product"}],"about":[{"href":"https:\/\/popcards.nl\/es\/wp-json\/wp\/v2\/types\/product"}],"replies":[{"embeddable":true,"href":"https:\/\/popcards.nl\/es\/wp-json\/wp\/v2\/comments?post=90138"}],"wp:featuredmedia":[{"embeddable":true,"href":"https:\/\/popcards.nl\/es\/wp-json\/wp\/v2\/media\/90139"}],"wp:attachment":[{"href":"https:\/\/popcards.nl\/es\/wp-json\/wp\/v2\/media?parent=90138"}],"wp:term":[{"taxonomy":"product_brand","embeddable":true,"href":"https:\/\/popcards.nl\/es\/wp-json\/wp\/v2\/product_brand?post=90138"},{"taxonomy":"product_cat","embeddable":true,"href":"https:\/\/popcards.nl\/es\/wp-json\/wp\/v2\/product_cat?post=90138"},{"taxonomy":"product_tag","embeddable":true,"href":"https:\/\/popcards.nl\/es\/wp-json\/wp\/v2\/product_tag?post=90138"}],"curies":[{"name":"gracias","href":"https:\/\/api.w.org\/{rel}","templated":true}]}}