{"id":90142,"date":"2025-07-08T10:29:15","date_gmt":"2025-07-08T08:29:15","guid":{"rendered":"https:\/\/popcards.nl\/?post_type=product&#038;p=90142"},"modified":"2026-03-27T13:29:03","modified_gmt":"2026-03-27T12:29:03","slug":"tarjeta-desplegable-de-san-valentin-con-corazon-rosa-y-sakura","status":"publish","type":"product","link":"https:\/\/popcards.nl\/es\/product\/roze-hart-sakura-liefde-valentijn-pop-up-kaart\/","title":{"rendered":"Tarjeta desplegable para el D\u00eda de San Valent\u00edn con coraz\u00f3n de amor de Sakura rosa y flor de cerezo"},"content":{"rendered":"<p>Esta tarjeta Sakura Popcard combina las dos emociones m\u00e1s importantes de la vida: la amistad y el amor. El anverso de la tarjeta es realmente llamativo: una ilustraci\u00f3n de una rama de cerezo sobre un vibrante fondo rosa. Y, sutilmente, una peque\u00f1a mariposa blanca junto a la flor.<\/p>\n<p>Al abrirlo, se despliega un impactante coraz\u00f3n, compuesto por nada menos que seis capas de flores de sakura sobre un fondo rosa. Capa tras capa, se forma un jard\u00edn de amistad y amor. Dentro de cada p\u00e9talo yace un deseo lleno de amor y esperanza. \u00a1Un verdadero coraz\u00f3n de amor!<\/p>\n<p>El sakura, o flor de cerezo japonesa, posee un profundo simbolismo que llega al coraz\u00f3n de muchos. Esta delicada flor aparece solo brevemente cada primavera, y precisamente en esa transitoriedad reside su poder: el sakura nos recuerda que debemos apreciar el momento, encontrar la belleza en lo ef\u00edmero y reflexionar sobre los ciclos de la vida. En Jap\u00f3n, la floraci\u00f3n del sakura se celebra con el hanami, donde la gente se re\u00fane bajo las flores para celebrar la amistad, el amor y la vida misma. El sakura simboliza la renovaci\u00f3n, la esperanza y la confianza de que una nueva primavera aguarda despu\u00e9s de cada invierno. As\u00ed, el sakura nos invita a dejar que la dulzura invada nuestra vida diaria y a abrazar cada nuevo comienzo con un coraz\u00f3n c\u00e1lido y receptivo.<\/p>\n<p>Puedes escribir palabras personales en la tarjeta suelta adjunta.<\/p>\n<p>Tama\u00f1o 26 x 17,5 cm, plegado a 13 x 17,5 cm.<br \/>\nIncluye sobre a juego, empaquetado en una bolsa de celof\u00e1n.<\/p>","protected":false},"excerpt":{"rendered":"<p>Deze Sakura Popcard combineert de 2 belangrijkste emoties in een mensenleven: vriendschap en liefde. De voorkant van deze kaart is een blikvanger: een illustratie van een tak Sakura kersenbloesem op een stralend roze ondergrond. En heel subtiel een klein wit vlindertje bij de bloesem. Bij het openen ontvouwt zich een indrukwekkend hart van maar liefst [&hellip;]<\/p>\n","protected":false},"featured_media":89446,"comment_status":"open","ping_status":"closed","template":"","meta":{"_iconic_wsb_product_page_order_bump_ids":[[]],"_sku":["4805388557315"],"_iconic_wsb_product_page_bump_modal_ids":[[]]},"product_brand":[],"product_cat":[27,47],"product_tag":[83],"class_list":{"0":"post-90142","1":"product","2":"type-product","3":"status-publish","4":"has-post-thumbnail","6":"product_cat-liefde-liefdeskaarten-valentijnskaarten","7":"product_cat-bloemen-bloemenkaarten-wenskaarten","8":"product_tag-valentijn","10":"first","11":"instock","12":"taxable","13":"shipping-taxable","14":"purchasable","15":"product-type-simple"},"gallery_images":[89445,93718],"_links":{"self":[{"href":"https:\/\/popcards.nl\/es\/wp-json\/wp\/v2\/product\/90142","targetHints":{"allow":["GET"]}}],"collection":[{"href":"https:\/\/popcards.nl\/es\/wp-json\/wp\/v2\/product"}],"about":[{"href":"https:\/\/popcards.nl\/es\/wp-json\/wp\/v2\/types\/product"}],"replies":[{"embeddable":true,"href":"https:\/\/popcards.nl\/es\/wp-json\/wp\/v2\/comments?post=90142"}],"wp:featuredmedia":[{"embeddable":true,"href":"https:\/\/popcards.nl\/es\/wp-json\/wp\/v2\/media\/89446"}],"wp:attachment":[{"href":"https:\/\/popcards.nl\/es\/wp-json\/wp\/v2\/media?parent=90142"}],"wp:term":[{"taxonomy":"product_brand","embeddable":true,"href":"https:\/\/popcards.nl\/es\/wp-json\/wp\/v2\/product_brand?post=90142"},{"taxonomy":"product_cat","embeddable":true,"href":"https:\/\/popcards.nl\/es\/wp-json\/wp\/v2\/product_cat?post=90142"},{"taxonomy":"product_tag","embeddable":true,"href":"https:\/\/popcards.nl\/es\/wp-json\/wp\/v2\/product_tag?post=90142"}],"curies":[{"name":"gracias","href":"https:\/\/api.w.org\/{rel}","templated":true}]}}