{"id":90349,"date":"2025-07-10T22:34:57","date_gmt":"2025-07-10T20:34:57","guid":{"rendered":"https:\/\/popcards.nl\/?post_type=product&#038;p=90349"},"modified":"2026-03-17T12:03:13","modified_gmt":"2026-03-17T11:03:13","slug":"tarjeta-navidena-grande-con-arbol-de-navidad-desplegable","status":"publish","type":"product","link":"https:\/\/popcards.nl\/es\/product\/kerstkaart-grote-kerstboom-pop-up-kaart\/","title":{"rendered":"Tarjeta navide\u00f1a grande con \u00e1rbol de Navidad decorado independiente y regalos. Tarjeta desplegable."},"content":{"rendered":"<p>Este singular \u00e1rbol de Navidad desplegable tiene un dise\u00f1o diferente a nuestras Popcards habituales. Es un \u00e1rbol tridimensional que se sostiene por s\u00ed solo, lleno de hermosos adornos navide\u00f1os, bolas y una estrella dorada en la punta. El \u00e1rbol es completamente tridimensional, lo que permite verlo desde todos los \u00e1ngulos. Esto crea un efecto fant\u00e1stico, y el destinatario se sorprender\u00e1 de que un \u00e1rbol desplegable tan grande quepa en un sobre plano. Una vez desplegado, el \u00e1rbol se mantiene firme y libre en la habitaci\u00f3n.<\/p>\n<p>Incluye una tarjeta aparte para escribir un mensaje para el destinatario. Incluye un elegante sobre dorado para enviar el \u00e1rbol. Un regalo precioso y completo. <a href=\"https:\/\/popcards.nl\/es\/categoria\/las-10-tarjetas-navidenas-mas-bonitas\/\">Popcards tiene muchas m\u00e1s hermosas tarjetas de Navidad emergentes.<\/a><\/p>\n<p><strong>Tama\u00f1o de tarjeta grande<\/strong>, plano 23 cm de alto, 19 cm de ancho, di\u00e1metro desplegado 15 cm.<br \/>\nIncluye sobre dorado a juego. Empaquetado en una bolsa de celof\u00e1n.<\/p>","protected":false},"excerpt":{"rendered":"<p>Deze bijzondere pop-up kerstboom is anders uitgevoerd dan onze gebruikelijke Popcards. De pop-up bestaat uit een driedimensionale vrijstaande kerstboom. Vol met fraaie kerstversieringen, kerstballen en een gouden ster in de top. De kerstboom is volledig driedimensionaal, je kunt er rondom van alle kanten naar kijken. Dat geeft een geweldig effect en de ontvanger zal zich [&hellip;]<\/p>\n","protected":false},"featured_media":90243,"comment_status":"open","ping_status":"closed","template":"","meta":{"_iconic_wsb_product_page_order_bump_ids":[[]],"_sku":["4805388550002"],"_iconic_wsb_product_page_bump_modal_ids":[[]]},"product_brand":[],"product_cat":[79],"product_tag":[131],"class_list":{"0":"post-90349","1":"product","2":"type-product","3":"status-publish","4":"has-post-thumbnail","6":"product_cat-de-top-10-mooiste-kerstkaarten","7":"product_tag-kerst","9":"first","10":"instock","11":"taxable","12":"shipping-taxable","13":"purchasable","14":"product-type-simple"},"gallery_images":[93713],"_links":{"self":[{"href":"https:\/\/popcards.nl\/es\/wp-json\/wp\/v2\/product\/90349","targetHints":{"allow":["GET"]}}],"collection":[{"href":"https:\/\/popcards.nl\/es\/wp-json\/wp\/v2\/product"}],"about":[{"href":"https:\/\/popcards.nl\/es\/wp-json\/wp\/v2\/types\/product"}],"replies":[{"embeddable":true,"href":"https:\/\/popcards.nl\/es\/wp-json\/wp\/v2\/comments?post=90349"}],"wp:featuredmedia":[{"embeddable":true,"href":"https:\/\/popcards.nl\/es\/wp-json\/wp\/v2\/media\/90243"}],"wp:attachment":[{"href":"https:\/\/popcards.nl\/es\/wp-json\/wp\/v2\/media?parent=90349"}],"wp:term":[{"taxonomy":"product_brand","embeddable":true,"href":"https:\/\/popcards.nl\/es\/wp-json\/wp\/v2\/product_brand?post=90349"},{"taxonomy":"product_cat","embeddable":true,"href":"https:\/\/popcards.nl\/es\/wp-json\/wp\/v2\/product_cat?post=90349"},{"taxonomy":"product_tag","embeddable":true,"href":"https:\/\/popcards.nl\/es\/wp-json\/wp\/v2\/product_tag?post=90349"}],"curies":[{"name":"gracias","href":"https:\/\/api.w.org\/{rel}","templated":true}]}}